{"id":976,"date":"2023-06-18T12:39:53","date_gmt":"2023-06-18T10:39:53","guid":{"rendered":"https:\/\/matematicastro.es\/?page_id=976"},"modified":"2024-11-03T15:02:06","modified_gmt":"2024-11-03T13:02:06","slug":"muestras-de-examenes-de-matematicas-de-4o-de-eso-coleccion-1","status":"publish","type":"page","link":"https:\/\/matematicastro.es\/?page_id=976","title":{"rendered":"Muestras de ex\u00e1menes de matem\u00e1ticas de 4\u00ba de ESO (Colecci\u00f3n 1)"},"content":{"rendered":"\n<p class=\"has-medium-font-size\"><a href=\"https:\/\/1drv.ms\/b\/s!Aj6in--Gc43qheEtwd9TUkWAD3CEww?e=MFttS0\">Examen 1<\/a><\/p>\n\n\n\n<blockquote class=\"wp-block-quote is-layout-flow wp-block-quote-is-layout-flow\">\n<p>Fracciones. Potencias. Notaci\u00f3n cient\u00edfica. Radicales.<\/p>\n<\/blockquote>\n\n\n\n<p class=\"has-medium-font-size\"><a href=\"https:\/\/1drv.ms\/b\/s!Aj6in--Gc43qheEsZGo_O27V2lf-Cg?e=tZycte\">Examen 2<\/a> &#8211; <a href=\"https:\/\/1drv.ms\/b\/s!Aj6in--Gc43qheErlenmvjPdRj_uoA?e=iIETpU\">Examen 3<\/a><\/p>\n\n\n\n<blockquote class=\"wp-block-quote is-layout-flow wp-block-quote-is-layout-flow\">\n<p>Ecuaciones. Sistemas lineales y no lineales. Problemas que se resuelven planteando una ecuaci\u00f3n o un sistema de ecuaciones.<\/p>\n<\/blockquote>\n\n\n\n<p class=\"has-medium-font-size\"><a href=\"https:\/\/1drv.ms\/b\/s!Aj6in--Gc43qheEqd87pu1IqV5trNw?e=FafQTD\">Examen 4<\/a> &#8211; <a href=\"https:\/\/1drv.ms\/b\/s!Aj6in--Gc43qheEpCaz4Q3aemUPawA?e=CkB61v\">Examen 5<\/a><\/p>\n\n\n\n<blockquote class=\"wp-block-quote is-layout-flow wp-block-quote-is-layout-flow\">\n<p>Ecuaciones. Sistemas no lineales. Problemas que se resuelven planteando una ecuaci\u00f3n o un sistema de ecuaciones. Ecuaciones polin\u00f3micas. Regla de Ruffini. Teorema del resto.<\/p>\n<\/blockquote>\n\n\n\n<p class=\"has-medium-font-size\"><a href=\"https:\/\/1drv.ms\/b\/s!Aj6in--Gc43qheEozV7_s8DL9IOoWw?e=Vsgs6k\">Examen 6<\/a><\/p>\n\n\n\n<blockquote class=\"wp-block-quote is-layout-flow wp-block-quote-is-layout-flow\">\n<p>Inecuaciones de primer grado, de segundo grado y con la inc\u00f3gnita en el denominador. Trigonometr\u00eda.<\/p>\n<\/blockquote>\n\n\n\n<p class=\"has-medium-font-size\"><a href=\"https:\/\/1drv.ms\/b\/s!Aj6in--Gc43qheEnjwkymeGExgVuVw?e=0K6FOw\">Examen 7<\/a> &#8211; <a href=\"https:\/\/1drv.ms\/b\/s!Aj6in--Gc43qheEm0w6GWkVsrvxHlQ?e=pneHve\">Examen 8<\/a><\/p>\n\n\n\n<blockquote class=\"wp-block-quote is-layout-flow wp-block-quote-is-layout-flow\">\n<p>Trigonometr\u00eda. Funciones: caracter\u00edsticas. Funci\u00f3n lineal: la recta. Funci\u00f3n cuadr\u00e1tica: la par\u00e1bola.<\/p>\n<\/blockquote>\n\n\n\n<p class=\"has-medium-font-size\"><a href=\"https:\/\/1drv.ms\/b\/s!Aj6in--Gc43qheElBH14hDr6QvOyqQ?e=5T2g0e\">Examen 9<\/a> &#8211; <a href=\"https:\/\/1drv.ms\/b\/s!Aj6in--Gc43qheEjumNHCKDCAzv5-A?e=FZmGdo\">Examen 10<\/a><\/p>\n\n\n\n<blockquote class=\"wp-block-quote is-layout-flow wp-block-quote-is-layout-flow\">\n<p>Estos dos son ex\u00e1menes finales, con todo tipo de contenidos. <\/p>\n<\/blockquote>\n\n\n\n<p><\/p>\n","protected":false},"excerpt":{"rendered":"<p>Examen 1 Fracciones. Potencias. Notaci\u00f3n cient\u00edfica. Radicales. Examen 2 &#8211; Examen 3 Ecuaciones. Sistemas lineales y no lineales. Problemas que se resuelven planteando una ecuaci\u00f3n o un sistema de ecuaciones. Examen 4 &#8211; Examen 5 Ecuaciones. Sistemas no lineales. Problemas que se resuelven planteando una ecuaci\u00f3n o un sistema de ecuaciones. Ecuaciones polin\u00f3micas. Regla de [&hellip;]<\/p>\n","protected":false},"author":1,"featured_media":0,"parent":0,"menu_order":0,"comment_status":"closed","ping_status":"closed","template":"","meta":{"footnotes":""},"class_list":["post-976","page","type-page","status-publish","hentry","post"],"_links":{"self":[{"href":"https:\/\/matematicastro.es\/index.php?rest_route=\/wp\/v2\/pages\/976","targetHints":{"allow":["GET"]}}],"collection":[{"href":"https:\/\/matematicastro.es\/index.php?rest_route=\/wp\/v2\/pages"}],"about":[{"href":"https:\/\/matematicastro.es\/index.php?rest_route=\/wp\/v2\/types\/page"}],"author":[{"embeddable":true,"href":"https:\/\/matematicastro.es\/index.php?rest_route=\/wp\/v2\/users\/1"}],"replies":[{"embeddable":true,"href":"https:\/\/matematicastro.es\/index.php?rest_route=%2Fwp%2Fv2%2Fcomments&post=976"}],"version-history":[{"count":6,"href":"https:\/\/matematicastro.es\/index.php?rest_route=\/wp\/v2\/pages\/976\/revisions"}],"predecessor-version":[{"id":2679,"href":"https:\/\/matematicastro.es\/index.php?rest_route=\/wp\/v2\/pages\/976\/revisions\/2679"}],"wp:attachment":[{"href":"https:\/\/matematicastro.es\/index.php?rest_route=%2Fwp%2Fv2%2Fmedia&parent=976"}],"curies":[{"name":"wp","href":"https:\/\/api.w.org\/{rel}","templated":true}]}}