{"id":858,"date":"2023-06-12T10:14:28","date_gmt":"2023-06-12T10:14:28","guid":{"rendered":"https:\/\/matematicastro.es\/?page_id=858"},"modified":"2024-11-10T21:48:04","modified_gmt":"2024-11-10T19:48:04","slug":"muestras-de-examenes-de-matematicas-de-3o-de-eso-coleccion-3","status":"publish","type":"page","link":"https:\/\/matematicastro.es\/?page_id=858","title":{"rendered":"Muestras de ex\u00e1menes de matem\u00e1ticas de 3\u00ba de ESO (Colecci\u00f3n 3)"},"content":{"rendered":"\n<p class=\"has-medium-font-size\"><a href=\"https:\/\/1drv.ms\/b\/s!Aj6in--Gc43qheBavOnk-6pVUEUpOw?e=zTKdoW\">Examen 1<\/a><\/p>\n\n\n\n<blockquote class=\"wp-block-quote is-layout-flow wp-block-quote-is-layout-flow\">\n<p>Fracciones equivalentes. Fracci\u00f3n irreducible. Reducci\u00f3n a com\u00fan denominador: orden en las fracciones. Operaciones combinadas con fracciones. N\u00fameros decimales: tipos. Paso de decimal a fracci\u00f3n: fracci\u00f3n generatriz. Conjuntos num\u00e9ricos. Problemas que se resuelven usando las fracciones.<\/p>\n<\/blockquote>\n\n\n\n<p class=\"has-medium-font-size\"><a href=\"https:\/\/1drv.ms\/b\/s!Aj6in--Gc43qheBYyKFGdiHxMf7Ulw?e=cw6QOL\">Examen 2<\/a><\/p>\n\n\n\n<blockquote class=\"wp-block-quote is-layout-flow wp-block-quote-is-layout-flow\">\n<p>Operaciones combinadas con enteros y potencias. Operaciones con potencias. Notaci\u00f3n cient\u00edfica. Operaciones con radicales. Aproximaciones y errores.<\/p>\n<\/blockquote>\n\n\n\n<p class=\"has-medium-font-size\"><a href=\"https:\/\/1drv.ms\/b\/s!Aj6in--Gc43qheBX4r98mCEWG32tUg?e=bNCQ2f\">Examen 3<\/a> &#8211; <a href=\"https:\/\/1drv.ms\/b\/s!Aj6in--Gc43qheBWfP56yyKwu8RgdA?e=LgdWJu\">Examen 4<\/a><\/p>\n\n\n\n<blockquote class=\"wp-block-quote is-layout-flow wp-block-quote-is-layout-flow\">\n<p>Operaciones con potencias. Operaciones con radicales. Extracci\u00f3n de factores de un radical. <\/p>\n<\/blockquote>\n\n\n\n<p class=\"has-medium-font-size\"><a href=\"https:\/\/1drv.ms\/b\/s!Aj6in--Gc43qheBVeVj1onSksI9iNw?e=7tFiVF\">Examen 5<\/a> &#8211; <a href=\"https:\/\/1drv.ms\/b\/s!Aj6in--Gc43qheBUrynglVRtMPcU1g?e=97jg3f\">Examen 6<\/a><\/p>\n\n\n\n<blockquote class=\"wp-block-quote is-layout-flow wp-block-quote-is-layout-flow\">\n<p>Reducci\u00f3n a com\u00fan denominador: orden en las fracciones. Operaciones combinadas con fracciones. Decimales: tipos. Fracci\u00f3n generatriz. Operaciones con potencias. Notaci\u00f3n cient\u00edfica. Operaciones con radicales.<\/p>\n<\/blockquote>\n\n\n\n<p class=\"has-medium-font-size\"><a href=\"https:\/\/1drv.ms\/b\/s!Aj6in--Gc43qheBTFHzStJI344MsDg?e=9j5DTa\">Examen 7<\/a><\/p>\n\n\n\n<blockquote class=\"wp-block-quote is-layout-flow wp-block-quote-is-layout-flow\">\n<p>Monomios: partes de un monomio. Operaciones con monomios. Valor num\u00e9rico de un polinomio. Operaciones con polinomios. Divisi\u00f3n de polinomios. Regla de Ruffini. Identidades o igualdades notables.<\/p>\n<\/blockquote>\n\n\n\n<p class=\"has-medium-font-size\"><a href=\"https:\/\/1drv.ms\/b\/s!Aj6in--Gc43qheBSFyydYHpSk6__Lg?e=m2jb3k\">Examen 8<\/a><\/p>\n\n\n\n<blockquote class=\"wp-block-quote is-layout-flow wp-block-quote-is-layout-flow\">\n<p>Operaciones con monomios. Valor num\u00e9rico de un polinomio. Operaciones con polinomios. Divisi\u00f3n de polinomios. Regla de Ruffini. Igualdades o identidades notables. Factor com\u00fan. Factorizaci\u00f3n de polinomios.<\/p>\n<\/blockquote>\n\n\n\n<p class=\"has-medium-font-size\"><a href=\"https:\/\/1drv.ms\/b\/s!Aj6in--Gc43qheBR50wrief1zBvuRg?e=d600wS\">Examen 9<\/a> &#8211; <a href=\"https:\/\/1drv.ms\/b\/s!Aj6in--Gc43qheBQNQLPNNwSo6Cceg?e=VJdeNQ\">Examen 10<\/a><\/p>\n\n\n\n<blockquote class=\"wp-block-quote is-layout-flow wp-block-quote-is-layout-flow\">\n<p>Ecuaciones de primer grado. Ecuaciones de segundo grado. Problemas que se resuelven planteando una ecuaci\u00f3n de primer grado o de segundo grado.<\/p>\n<\/blockquote>\n","protected":false},"excerpt":{"rendered":"<p>Examen 1 Fracciones equivalentes. Fracci\u00f3n irreducible. Reducci\u00f3n a com\u00fan denominador: orden en las fracciones. Operaciones combinadas con fracciones. N\u00fameros decimales: tipos. Paso de decimal a fracci\u00f3n: fracci\u00f3n generatriz. Conjuntos num\u00e9ricos. Problemas que se resuelven usando las fracciones. Examen 2 Operaciones combinadas con enteros y potencias. Operaciones con potencias. Notaci\u00f3n cient\u00edfica. Operaciones con radicales. Aproximaciones y [&hellip;]<\/p>\n","protected":false},"author":1,"featured_media":0,"parent":0,"menu_order":0,"comment_status":"closed","ping_status":"closed","template":"","meta":{"footnotes":""},"class_list":["post-858","page","type-page","status-publish","hentry","post"],"_links":{"self":[{"href":"https:\/\/matematicastro.es\/index.php?rest_route=\/wp\/v2\/pages\/858","targetHints":{"allow":["GET"]}}],"collection":[{"href":"https:\/\/matematicastro.es\/index.php?rest_route=\/wp\/v2\/pages"}],"about":[{"href":"https:\/\/matematicastro.es\/index.php?rest_route=\/wp\/v2\/types\/page"}],"author":[{"embeddable":true,"href":"https:\/\/matematicastro.es\/index.php?rest_route=\/wp\/v2\/users\/1"}],"replies":[{"embeddable":true,"href":"https:\/\/matematicastro.es\/index.php?rest_route=%2Fwp%2Fv2%2Fcomments&post=858"}],"version-history":[{"count":3,"href":"https:\/\/matematicastro.es\/index.php?rest_route=\/wp\/v2\/pages\/858\/revisions"}],"predecessor-version":[{"id":2705,"href":"https:\/\/matematicastro.es\/index.php?rest_route=\/wp\/v2\/pages\/858\/revisions\/2705"}],"wp:attachment":[{"href":"https:\/\/matematicastro.es\/index.php?rest_route=%2Fwp%2Fv2%2Fmedia&parent=858"}],"curies":[{"name":"wp","href":"https:\/\/api.w.org\/{rel}","templated":true}]}}