{"id":850,"date":"2023-06-12T09:20:35","date_gmt":"2023-06-12T09:20:35","guid":{"rendered":"https:\/\/matematicastro.es\/?page_id=850"},"modified":"2024-11-10T21:00:52","modified_gmt":"2024-11-10T19:00:52","slug":"muestras-de-examenes-de-matematicas-de-3o-de-eso-coleccion-2","status":"publish","type":"page","link":"https:\/\/matematicastro.es\/?page_id=850","title":{"rendered":"Muestras de ex\u00e1menes de matem\u00e1ticas de 3\u00ba de ESO (Colecci\u00f3n 2)"},"content":{"rendered":"\n<p class=\"has-medium-font-size\"><a href=\"https:\/\/1drv.ms\/b\/s!Aj6in--Gc43qheBPxicgugIM14uVlg?e=OLiuvj\">Examen 1<\/a> &#8211; <a href=\"https:\/\/1drv.ms\/b\/s!Aj6in--Gc43qheBOeDl81lCmE0xyXw?e=Bote1Y\">Examen 2<\/a><\/p>\n\n\n\n<blockquote class=\"wp-block-quote is-layout-flow wp-block-quote-is-layout-flow\">\n<p>Operaciones combinadas con n\u00fameros enteros. Fracciones equivalentes. Fracci\u00f3n irreducible. Operaciones combinadas con fracciones. N\u00fameros decimales: tipos. Conjuntos num\u00e9ricos. Operaciones combinadas con potencias. Notaci\u00f3n cient\u00edfica. Problemas que se resuelven usando las fracciones.<\/p>\n<\/blockquote>\n\n\n\n<p class=\"has-medium-font-size\"><a href=\"https:\/\/1drv.ms\/b\/s!Aj6in--Gc43qheBNSEs7aY7rWtHwgQ?e=JWcdt1\">Examen 3<\/a><\/p>\n\n\n\n<blockquote class=\"wp-block-quote is-layout-flow wp-block-quote-is-layout-flow\">\n<p>Ra\u00edz cuadrada. Operaciones con radicales. Extracci\u00f3n de factores de una ra\u00edz cuadrada. Suma y resta de radicales. Progresiones aritm\u00e9ticas y geom\u00e9tricas.<\/p>\n<\/blockquote>\n\n\n\n<p class=\"has-medium-font-size\"><a href=\"https:\/\/1drv.ms\/b\/s!Aj6in--Gc43qheBMX4Dtq5yHZvKNOA?e=Zq7QIc\">Examen 4<\/a><\/p>\n\n\n\n<blockquote class=\"wp-block-quote is-layout-flow wp-block-quote-is-layout-flow\">\n<p>Operaciones combinadas con n\u00fameros enteros, potencias y ra\u00edces. Operaciones combinadas con fracciones. Paso de decimal a fracci\u00f3n: fracci\u00f3n generatriz. Operaciones con potencias. Notaci\u00f3n cient\u00edfica. Problemas que se resuelven usando las fracciones. Operaciones con radicales. Progresiones.<\/p>\n<\/blockquote>\n\n\n\n<p class=\"has-medium-font-size\"><a href=\"https:\/\/1drv.ms\/b\/s!Aj6in--Gc43qheBLCVW_0_koE1daJQ?e=W1yj1S\">Examen 5<\/a><\/p>\n\n\n\n<blockquote class=\"wp-block-quote is-layout-flow wp-block-quote-is-layout-flow\">\n<p>Operaciones combinadas con n\u00fameros enteros, potencias y ra\u00edces. Operaciones combinadas con fracciones. Operaciones con potencias. Operaciones con radicales<\/p>\n<\/blockquote>\n\n\n\n<p class=\"has-medium-font-size\"><a href=\"https:\/\/1drv.ms\/b\/s!Aj6in--Gc43qheBKZisXERnt_GzyFg?e=03835Y\">Examen 6<\/a><\/p>\n\n\n\n<blockquote class=\"wp-block-quote is-layout-flow wp-block-quote-is-layout-flow\">\n<p>Operaciones con monomios. Valor num\u00e9rico de un polinomio. Operaciones con polinomios. Ecuaciones de primer grado. Divisi\u00f3n de polinomios.<\/p>\n<\/blockquote>\n\n\n\n<p class=\"has-medium-font-size\"><a href=\"https:\/\/1drv.ms\/b\/s!Aj6in--Gc43qheBJKBL_wNKZZ0KQrQ?e=QMIwXO\">Examen 7<\/a><\/p>\n\n\n\n<blockquote class=\"wp-block-quote is-layout-flow wp-block-quote-is-layout-flow\">\n<p>Igualdades o identidades notables. Factorizaci\u00f3n de polinomios: regla de Ruffini. Teorema del resto. Ecuaciones de segundo grado. Sistemas de dos ecuaciones lineales con dos inc\u00f3gnitas. Problemas que se resuelven planteando una ecuaci\u00f3n de primer o de segundo grado.<\/p>\n<\/blockquote>\n\n\n\n<p class=\"has-medium-font-size\"><a href=\"https:\/\/1drv.ms\/b\/s!Aj6in--Gc43qheBIckLbPZnGI8yiwg?e=sMrPiK\">Examen 8<\/a><\/p>\n\n\n\n<blockquote class=\"wp-block-quote is-layout-flow wp-block-quote-is-layout-flow\">\n<p>Valor num\u00e9rico de un polinomio. Operaciones con polinomios. Igualdades o identidades notables. Ecuaciones de primer grado. Ecuaciones de segundo grado. Factorizaci\u00f3n de polinomios: regla de Ruffini. Sistemas de dos ecuaciones lineales con dos inc\u00f3gnitas. Problemas que se resuelven planteando una ecuaci\u00f3n de primer grado o de segundo grado.<\/p>\n<\/blockquote>\n\n\n\n<p class=\"has-medium-font-size\"><a href=\"https:\/\/1drv.ms\/b\/s!Aj6in--Gc43qheBHSmxSNQchmk362A?e=Dwy5jW\">Examen 9 <\/a><\/p>\n\n\n\n<blockquote class=\"wp-block-quote is-layout-flow wp-block-quote-is-layout-flow\">\n<p>Valor num\u00e9rico de un polinomio. Operaciones con polinomios. Ecuaciones de primer grado. Ecuaciones de segundo grado. Factorizaci\u00f3n de polinomios: regla de Ruffini. Sistemas de dos ecuaciones lineales con dos inc\u00f3gnitas.<\/p>\n<\/blockquote>\n\n\n\n<p class=\"has-medium-font-size\"><a href=\"https:\/\/1drv.ms\/b\/s!Aj6in--Gc43qheBGp_1RlVqhm1aysA?e=ePQdKf\">Examen 10<\/a><\/p>\n\n\n\n<blockquote class=\"wp-block-quote is-layout-flow wp-block-quote-is-layout-flow\">\n<p>Funciones. Caracter\u00edsticas: puntos de corte con los ejes, dominio, recorrido, monoton\u00eda, extremos. La funci\u00f3n lineal: ecuaci\u00f3n de la recta. Pendiente de una recta. Ecuaci\u00f3n de una recta que pasa por dos puntos. <\/p>\n<\/blockquote>\n\n\n\n<p class=\"has-medium-font-size\"><a href=\"https:\/\/1drv.ms\/b\/s!Aj6in--Gc43qheBFFPjTDD1QMiASXQ?e=nGhp5Q\">Examen 11<\/a><\/p>\n\n\n\n<blockquote class=\"wp-block-quote is-layout-flow wp-block-quote-is-layout-flow\">\n<p>Funci\u00f3n cuadr\u00e1tica: la par\u00e1bola. Teorema de Pit\u00e1goras. \u00c1reas y per\u00edmetros de figuras planas. Semejanza: teorema de Tales. <\/p>\n<\/blockquote>\n\n\n\n<p class=\"has-medium-font-size\"><a href=\"https:\/\/1drv.ms\/b\/s!Aj6in--Gc43qheBEOMoQdq5zLjWjkQ?e=AOFfHw\">Examen 12<\/a><\/p>\n\n\n\n<blockquote class=\"wp-block-quote is-layout-flow wp-block-quote-is-layout-flow\">\n<p>Funci\u00f3n lineal: la recta. Funci\u00f3n cuadr\u00e1tica: la par\u00e1bola. Teorema de Pit\u00e1goras. \u00c1reas y per\u00edmetros de figuras planas. Semejanza: teorema de Tales.<\/p>\n<\/blockquote>\n\n\n\n<p class=\"has-medium-font-size\"><a href=\"https:\/\/1drv.ms\/b\/s!Aj6in--Gc43qheBDxNWq5z5TpJeSoA?e=OY4L43\">Examen 13<\/a><\/p>\n\n\n\n<blockquote class=\"wp-block-quote is-layout-flow wp-block-quote-is-layout-flow\">\n<p>Este es un examen final, con todo tipo de contenidos.<\/p>\n<\/blockquote>\n","protected":false},"excerpt":{"rendered":"<p>Examen 1 &#8211; Examen 2 Operaciones combinadas con n\u00fameros enteros. Fracciones equivalentes. Fracci\u00f3n irreducible. Operaciones combinadas con fracciones. N\u00fameros decimales: tipos. Conjuntos num\u00e9ricos. Operaciones combinadas con potencias. Notaci\u00f3n cient\u00edfica. Problemas que se resuelven usando las fracciones. Examen 3 Ra\u00edz cuadrada. Operaciones con radicales. Extracci\u00f3n de factores de una ra\u00edz cuadrada. Suma y resta de radicales. [&hellip;]<\/p>\n","protected":false},"author":1,"featured_media":0,"parent":0,"menu_order":0,"comment_status":"closed","ping_status":"closed","template":"","meta":{"footnotes":""},"class_list":["post-850","page","type-page","status-publish","hentry","post"],"_links":{"self":[{"href":"https:\/\/matematicastro.es\/index.php?rest_route=\/wp\/v2\/pages\/850","targetHints":{"allow":["GET"]}}],"collection":[{"href":"https:\/\/matematicastro.es\/index.php?rest_route=\/wp\/v2\/pages"}],"about":[{"href":"https:\/\/matematicastro.es\/index.php?rest_route=\/wp\/v2\/types\/page"}],"author":[{"embeddable":true,"href":"https:\/\/matematicastro.es\/index.php?rest_route=\/wp\/v2\/users\/1"}],"replies":[{"embeddable":true,"href":"https:\/\/matematicastro.es\/index.php?rest_route=%2Fwp%2Fv2%2Fcomments&post=850"}],"version-history":[{"count":7,"href":"https:\/\/matematicastro.es\/index.php?rest_route=\/wp\/v2\/pages\/850\/revisions"}],"predecessor-version":[{"id":2703,"href":"https:\/\/matematicastro.es\/index.php?rest_route=\/wp\/v2\/pages\/850\/revisions\/2703"}],"wp:attachment":[{"href":"https:\/\/matematicastro.es\/index.php?rest_route=%2Fwp%2Fv2%2Fmedia&parent=850"}],"curies":[{"name":"wp","href":"https:\/\/api.w.org\/{rel}","templated":true}]}}