{"id":846,"date":"2023-06-12T07:17:37","date_gmt":"2023-06-12T07:17:37","guid":{"rendered":"https:\/\/matematicastro.es\/?page_id=846"},"modified":"2025-01-04T14:46:10","modified_gmt":"2025-01-04T12:46:10","slug":"muestras-de-examenes-de-matematicas-de-2o-de-eso-coleccion-6","status":"publish","type":"page","link":"https:\/\/matematicastro.es\/?page_id=846","title":{"rendered":"Muestras de ex\u00e1menes de matem\u00e1ticas de 2\u00ba de ESO (Colecci\u00f3n 6)"},"content":{"rendered":"\n<p class=\"has-medium-font-size\"><a href=\"https:\/\/1drv.ms\/b\/s!Aj6in--Gc43qheAzba3ODpfP9J1ENQ?e=8NoW51\">Examen 1<\/a> &#8211; <a href=\"https:\/\/1drv.ms\/b\/s!Aj6in--Gc43qheAybLFqszfXi62B0w?e=wuOWlw\">Examen 2<\/a> &#8211; <a href=\"https:\/\/1drv.ms\/b\/s!Aj6in--Gc43qheAxE1iMRtiA2IIZOg?e=nLJR2R\">Examen 3<\/a> &#8211; <a href=\"https:\/\/1drv.ms\/b\/s!Aj6in--Gc43qheAwIqUDmeqe_bGptg?e=Bv6yiM\">Examen 4<\/a> &#8211; <a href=\"https:\/\/1drv.ms\/b\/s!Aj6in--Gc43qheAvdSRsmX_bnRvrkw?e=Bxf3vC\">Examen 5<\/a> &#8211; <a href=\"https:\/\/1drv.ms\/b\/s!Aj6in--Gc43qheAuaxxjl30CmgVN7g?e=9oFHln\">Examen 6<\/a> &#8211; <a href=\"https:\/\/1drv.ms\/b\/s!Aj6in--Gc43qheAtGVLwDJqA1W-C1g?e=UotUxH\">Examen 7<\/a> &#8211; <a href=\"https:\/\/1drv.ms\/b\/s!Aj6in--Gc43qheAsRx-DAxfBIjuC9w?e=CbRft8\">Examen 8<\/a> &#8211; <a href=\"https:\/\/1drv.ms\/b\/s!Aj6in--Gc43qheArjcyq_9COWWjlUA?e=6OZeeW\">Examen 9<\/a> &#8211; <a href=\"https:\/\/1drv.ms\/b\/s!Aj6in--Gc43qheAqlipnDnvWVgUOcw?e=QLn4FD\">Examen 10<\/a> &#8211; <a href=\"https:\/\/1drv.ms\/b\/s!Aj6in--Gc43qheApZvFuxejGdGaqyg?e=XLMZpP\">Examen 11<\/a> &#8211; <a href=\"https:\/\/1drv.ms\/b\/s!Aj6in--Gc43qheAonbY5ePfsno2MGg?e=r0PfPP\">Examen 12<\/a> &#8211; <a href=\"https:\/\/1drv.ms\/b\/s!Aj6in--Gc43qheAnUJMija5FDvk7lQ?e=dXcHSK\">Examen 13<\/a><\/p>\n\n\n\n<blockquote class=\"wp-block-quote is-layout-flow wp-block-quote-is-layout-flow\">\n<p>Divisibilidad. Decimales. Enteros. Fracciones. Potencias.<\/p>\n<\/blockquote>\n\n\n\n<p class=\"has-medium-font-size\"><a href=\"https:\/\/1drv.ms\/b\/s!Aj6in--Gc43qheAmxhvMiMJSnIALeA?e=PCQ5hG\">Examen 14<\/a> &#8211; <a href=\"https:\/\/1drv.ms\/b\/s!Aj6in--Gc43qheAlEF0NbgVmvk2REQ?e=0hF18V\">Examen 15<\/a> &#8211; <a href=\"https:\/\/1drv.ms\/b\/s!Aj6in--Gc43qheAkXxA_aYiSTISe1A?e=yZ5S4i\">Examen 16<\/a> &#8211; <a href=\"https:\/\/1drv.ms\/b\/s!Aj6in--Gc43qheAjK5hxs2EoYA5ylw?e=8wQYr9\">Examen 17<\/a> &#8211; <a href=\"https:\/\/1drv.ms\/b\/s!Aj6in--Gc43qheAiAn14cVKoQiK_yw?e=GEjdE3\">Examen 18<\/a> &#8211; <a href=\"https:\/\/1drv.ms\/b\/s!Aj6in--Gc43qheAhOEtk2LVGAh-TGA?e=c3aqZW\">Examen 19<\/a> &#8211; <a href=\"https:\/\/1drv.ms\/b\/s!Aj6in--Gc43qheAg1bIiTQYwyW8ItQ?e=9LBbmM\">Examen 20<\/a> &#8211; <a href=\"https:\/\/1drv.ms\/b\/s!Aj6in--Gc43qheAfngCcKAFXY_GWsg?e=BWL1ZO\">Examen 21<\/a> &#8211; <a href=\"https:\/\/1drv.ms\/b\/s!Aj6in--Gc43qheAedeLu5oqHZtnnSA?e=HyobRc\">Examen 22<\/a><\/p>\n\n\n\n<blockquote class=\"wp-block-quote is-layout-flow wp-block-quote-is-layout-flow\">\n<p>Expresiones algebraicas. Monomios. Polinomios. Proporcionalidad num\u00e9rica y geom\u00e9trica. Ecuaciones de primer y de segundo grado.<\/p>\n<\/blockquote>\n\n\n\n<p class=\"has-medium-font-size\"><a href=\"https:\/\/1drv.ms\/b\/s!Aj6in--Gc43qheAdMCtZ2CyVybIB2Q?e=JhBRUu\">Examen 23<\/a> &#8211; <a href=\"https:\/\/1drv.ms\/b\/s!Aj6in--Gc43qheAcZmBNwt80Tiu0XQ?e=kVGxjK\">Examen 24<\/a> &#8211; <a href=\"https:\/\/1drv.ms\/b\/s!Aj6in--Gc43qheAbCNq6BmGE3svPxQ?e=oaBplX\">Examen 25<\/a> &#8211; <a href=\"https:\/\/1drv.ms\/b\/s!Aj6in--Gc43qheAap16SycK1j_DfmA?e=janLdQ\">Examen 26<\/a><\/p>\n\n\n\n<blockquote class=\"wp-block-quote is-layout-flow wp-block-quote-is-layout-flow\">\n<p>Semejanza. Teorema de Tales. Teorema de Pit\u00e1goras. \u00c1reas y per\u00edmetros de figuras planas. Cuerpos geom\u00e9tricos. Funciones.<\/p>\n<\/blockquote>\n","protected":false},"excerpt":{"rendered":"<p>Examen 1 &#8211; Examen 2 &#8211; Examen 3 &#8211; Examen 4 &#8211; Examen 5 &#8211; Examen 6 &#8211; Examen 7 &#8211; Examen 8 &#8211; Examen 9 &#8211; Examen 10 &#8211; Examen 11 &#8211; Examen 12 &#8211; Examen 13 Divisibilidad. Decimales. Enteros. Fracciones. Potencias. Examen 14 &#8211; Examen 15 &#8211; Examen 16 &#8211; Examen 17 &#8211; [&hellip;]<\/p>\n","protected":false},"author":1,"featured_media":0,"parent":0,"menu_order":0,"comment_status":"closed","ping_status":"closed","template":"","meta":{"footnotes":""},"class_list":["post-846","page","type-page","status-publish","hentry","post"],"_links":{"self":[{"href":"https:\/\/matematicastro.es\/index.php?rest_route=\/wp\/v2\/pages\/846","targetHints":{"allow":["GET"]}}],"collection":[{"href":"https:\/\/matematicastro.es\/index.php?rest_route=\/wp\/v2\/pages"}],"about":[{"href":"https:\/\/matematicastro.es\/index.php?rest_route=\/wp\/v2\/types\/page"}],"author":[{"embeddable":true,"href":"https:\/\/matematicastro.es\/index.php?rest_route=\/wp\/v2\/users\/1"}],"replies":[{"embeddable":true,"href":"https:\/\/matematicastro.es\/index.php?rest_route=%2Fwp%2Fv2%2Fcomments&post=846"}],"version-history":[{"count":3,"href":"https:\/\/matematicastro.es\/index.php?rest_route=\/wp\/v2\/pages\/846\/revisions"}],"predecessor-version":[{"id":2739,"href":"https:\/\/matematicastro.es\/index.php?rest_route=\/wp\/v2\/pages\/846\/revisions\/2739"}],"wp:attachment":[{"href":"https:\/\/matematicastro.es\/index.php?rest_route=%2Fwp%2Fv2%2Fmedia&parent=846"}],"curies":[{"name":"wp","href":"https:\/\/api.w.org\/{rel}","templated":true}]}}