{"id":761,"date":"2023-06-03T19:01:18","date_gmt":"2023-06-03T19:01:18","guid":{"rendered":"https:\/\/matematicastro.es\/?page_id=761"},"modified":"2025-01-03T20:07:36","modified_gmt":"2025-01-03T18:07:36","slug":"muestras-de-examenes-de-matematicas-de-2o-de-eso-coleccion-4","status":"publish","type":"page","link":"https:\/\/matematicastro.es\/?page_id=761","title":{"rendered":"Muestras de ex\u00e1menes de matem\u00e1ticas de 2\u00ba de ESO (Colecci\u00f3n 4)"},"content":{"rendered":"\n<p class=\"has-medium-font-size\"><a href=\"https:\/\/1drv.ms\/b\/s!Aj6in--Gc43qheANnowxA-zFJGBSoQ?e=TZi8lD\">Examen 1<\/a><\/p>\n\n\n\n<blockquote class=\"wp-block-quote is-layout-flow wp-block-quote-is-layout-flow\">\n<p>Orden en los n\u00fameros enteros. Operaciones b\u00e1sicas y operaciones combinadas con n\u00fameros enteros. Operaciones con potencias. Operaciones que incluyen potencias y ra\u00edces. Factorizaci\u00f3n de producto de primos. Problemas.<\/p>\n<\/blockquote>\n\n\n\n<p class=\"has-medium-font-size\"><a href=\"https:\/\/1drv.ms\/b\/s!Aj6in--Gc43qheAMyXZLI6ZdJWJTGw?e=NAUvLN\">Examen 2<\/a><\/p>\n\n\n\n<blockquote class=\"wp-block-quote is-layout-flow wp-block-quote-is-layout-flow\">\n<p>MCD. MCM. Reducci\u00f3n a com\u00fan denominador. Orden en las fracciones. Operaciones b\u00e1sicas y operaciones combinadas con fracciones. Problemas que se resuelven haciendo uso del MCD o MCM, de las fracciones o de la proporcionalidad num\u00e9rica.<\/p>\n<\/blockquote>\n\n\n\n<p class=\"has-medium-font-size\"><a href=\"https:\/\/1drv.ms\/b\/s!Aj6in--Gc43qheALF1Ayv4M8Rl_a3Q?e=fh9CyI\">Examen 3<\/a> &#8211; <a href=\"https:\/\/1drv.ms\/b\/s!Aj6in--Gc43qheAKylrrGvJE29uLOg?e=G5NJ6r\">Examen 4<\/a><\/p>\n\n\n\n<blockquote class=\"wp-block-quote is-layout-flow wp-block-quote-is-layout-flow\">\n<p>Operaciones combinadas con n\u00fameros enteros. Operaciones combinadas con potencias. MCD. MCM. Operaciones combinadas con fracciones.  Problemas que se resuelven haciendo uso de las fracciones, de la proporcionalidad num\u00e9rica o de los porcentajes.<\/p>\n<\/blockquote>\n\n\n\n<p class=\"has-medium-font-size\"><a href=\"https:\/\/1drv.ms\/b\/s!Aj6in--Gc43qheAJPGzf8ZxYiEzLwg?e=xG7QEs\">Examen 5<\/a><\/p>\n\n\n\n<blockquote class=\"wp-block-quote is-layout-flow wp-block-quote-is-layout-flow\">\n<p>Paso de fracci\u00f3n a decimal. Tipos de n\u00fameros decimales. \u00c1reas de figuras planas. Teorema de Pit\u00e1goras. Expresiones algebraicas. Monomios. Valor num\u00e9rico de un monomio. Operaciones con monomios. Polinomios. Valor num\u00e9rico de un polinomio. Operaciones con polinomios.<\/p>\n<\/blockquote>\n\n\n\n<p class=\"has-medium-font-size\"><a href=\"https:\/\/1drv.ms\/b\/s!Aj6in--Gc43qheAIxC6QWD1wz0LiTw?e=qsVkkS\">Examen 6<\/a><\/p>\n\n\n\n<blockquote class=\"wp-block-quote is-layout-flow wp-block-quote-is-layout-flow\">\n<p>Operaciones con polinomios. Factor com\u00fan. Igualdades o identidades notables. Ecuaciones de primer grado. Problemas que se resuelven planteando una ecuaci\u00f3n de primer grado.<\/p>\n<\/blockquote>\n\n\n\n<p class=\"has-medium-font-size\"><a href=\"https:\/\/1drv.ms\/b\/s!Aj6in--Gc43qheAH4cLTD_XGBHbFow?e=YzyVbz\">Examen 7<\/a><\/p>\n\n\n\n<blockquote class=\"wp-block-quote is-layout-flow wp-block-quote-is-layout-flow\">\n<p>\u00c1reas de figuras planas. Valor num\u00e9rico de un polinomio. Operaciones con polinomios. Factor com\u00fan. Igualdades o identidades notables. Ecuaciones de primer grado. Problemas que se resuelven planteando una ecuaci\u00f3n de primer grado.<\/p>\n<\/blockquote>\n\n\n\n<p class=\"has-medium-font-size\"><a href=\"https:\/\/1drv.ms\/b\/s!Aj6in--Gc43qheAGDNul2RqXi5Zw0w?e=uZ96JJ\">Examen 8<\/a><\/p>\n\n\n\n<blockquote class=\"wp-block-quote is-layout-flow wp-block-quote-is-layout-flow\">\n<p>Valor num\u00e9rico de un polinomio. Operaciones con polinomios. Factor com\u00fan. Igualdades o identidades notables. Ecuaciones de primer grado. Problemas que se resuelven planteando una ecuaci\u00f3n de primer grado.<\/p>\n<\/blockquote>\n\n\n\n<p class=\"has-medium-font-size\"><a href=\"https:\/\/1drv.ms\/b\/s!Aj6in--Gc43qheAFlhXhA8HvUHJyfw?e=aaUHGk\">Examen 9<\/a> &#8211; <a href=\"https:\/\/1drv.ms\/b\/s!Aj6in--Gc43qheADNnFyHQaBqXQmrA?e=5BEwW3\">Examen 10<\/a> &#8211; <a href=\"https:\/\/1drv.ms\/b\/s!Aj6in--Gc43qheAEZFNzWr-59ZI2gA?e=XZ6df5\">Examen 11<\/a> &#8211; <a href=\"https:\/\/1drv.ms\/b\/s!Aj6in--Gc43qheACqKSw96huKT1f0w?e=zNTstJ\">Examen 12<\/a><\/p>\n\n\n\n<blockquote class=\"wp-block-quote is-layout-flow wp-block-quote-is-layout-flow\">\n<p>Ecuaciones de primer grado. Ecuaciones de segundo grado. Problemas que se resuelven planteando una ecuaci\u00f3n de primer grado. <\/p>\n<\/blockquote>\n\n\n\n<p class=\"has-medium-font-size\"><a href=\"https:\/\/1drv.ms\/b\/s!Aj6in--Gc43qheABTEKEctNfaYDoAA?e=EGmv0B\">Examen 13<\/a><\/p>\n\n\n\n<blockquote class=\"wp-block-quote is-layout-flow wp-block-quote-is-layout-flow\">\n<p>Teorema de Tales. Semejanza. Teorema de Pit\u00e1goras. \u00c1reas y per\u00edmetros de figuras planas. <\/p>\n<\/blockquote>\n\n\n\n<p class=\"has-medium-font-size\"><a href=\"https:\/\/1drv.ms\/b\/s!Aj6in--Gc43qheAAN6BJM_5bG22m8Q?e=kzihvg\">Examen 14<\/a> &#8211; <a href=\"https:\/\/1drv.ms\/b\/s!Aj6in--Gc43qhd9_pUcQD0NVER6rNw?e=gIorpt\">Examen 15<\/a> &#8211; <a href=\"https:\/\/1drv.ms\/b\/s!Aj6in--Gc43qhd9-ssM32KnKy36ITA?e=G1j5jA\">Examen 16<\/a><\/p>\n\n\n\n<blockquote class=\"wp-block-quote is-layout-flow wp-block-quote-is-layout-flow\">\n<p>Ecuaciones de primer grado. Ecuaciones de segundo grado. Problemas que se resuelven planteando una ecuaci\u00f3n de primer grado. Semejanza. Teorema de Pit\u00e1goras. \u00c1reas y per\u00edmetros de figuras planas. Prismas y pir\u00e1mides.<\/p>\n<\/blockquote>\n\n\n\n<p class=\"has-medium-font-size\"><a href=\"https:\/\/1drv.ms\/b\/s!Aj6in--Gc43qhd994fJok4jVEv7Y7g?e=BlHYoT\">Examen 17<\/a><\/p>\n\n\n\n<blockquote class=\"wp-block-quote is-layout-flow wp-block-quote-is-layout-flow\">\n<p>Este es un examen final, con todo tipo de contenidos.<\/p>\n<\/blockquote>\n","protected":false},"excerpt":{"rendered":"<p>Examen 1 Orden en los n\u00fameros enteros. Operaciones b\u00e1sicas y operaciones combinadas con n\u00fameros enteros. Operaciones con potencias. Operaciones que incluyen potencias y ra\u00edces. Factorizaci\u00f3n de producto de primos. Problemas. Examen 2 MCD. MCM. Reducci\u00f3n a com\u00fan denominador. Orden en las fracciones. Operaciones b\u00e1sicas y operaciones combinadas con fracciones. Problemas que se resuelven haciendo uso [&hellip;]<\/p>\n","protected":false},"author":1,"featured_media":0,"parent":0,"menu_order":0,"comment_status":"closed","ping_status":"closed","template":"","meta":{"footnotes":""},"class_list":["post-761","page","type-page","status-publish","hentry","post"],"_links":{"self":[{"href":"https:\/\/matematicastro.es\/index.php?rest_route=\/wp\/v2\/pages\/761","targetHints":{"allow":["GET"]}}],"collection":[{"href":"https:\/\/matematicastro.es\/index.php?rest_route=\/wp\/v2\/pages"}],"about":[{"href":"https:\/\/matematicastro.es\/index.php?rest_route=\/wp\/v2\/types\/page"}],"author":[{"embeddable":true,"href":"https:\/\/matematicastro.es\/index.php?rest_route=\/wp\/v2\/users\/1"}],"replies":[{"embeddable":true,"href":"https:\/\/matematicastro.es\/index.php?rest_route=%2Fwp%2Fv2%2Fcomments&post=761"}],"version-history":[{"count":3,"href":"https:\/\/matematicastro.es\/index.php?rest_route=\/wp\/v2\/pages\/761\/revisions"}],"predecessor-version":[{"id":2735,"href":"https:\/\/matematicastro.es\/index.php?rest_route=\/wp\/v2\/pages\/761\/revisions\/2735"}],"wp:attachment":[{"href":"https:\/\/matematicastro.es\/index.php?rest_route=%2Fwp%2Fv2%2Fmedia&parent=761"}],"curies":[{"name":"wp","href":"https:\/\/api.w.org\/{rel}","templated":true}]}}