{"id":751,"date":"2023-06-03T18:18:46","date_gmt":"2023-06-03T18:18:46","guid":{"rendered":"https:\/\/matematicastro.es\/?page_id=751"},"modified":"2025-01-03T15:00:48","modified_gmt":"2025-01-03T13:00:48","slug":"muestras-de-examenes-de-matematicas-de-2o-de-eso-coleccion-3","status":"publish","type":"page","link":"https:\/\/matematicastro.es\/?page_id=751","title":{"rendered":"Muestras de ex\u00e1menes de matem\u00e1ticas de 2\u00ba de ESO (Colecci\u00f3n 3)"},"content":{"rendered":"\n<p class=\"has-medium-font-size\"><a href=\"https:\/\/1drv.ms\/b\/s!Aj6in--Gc43qhd98cPOb8NRyXwnBMw?e=belVYc\">Examen 1<\/a> &#8211; <a href=\"https:\/\/1drv.ms\/b\/s!Aj6in--Gc43qhd97bEnIlaWobsdOKg?e=HgMCiS\">Examen 2<\/a> &#8211; <a href=\"https:\/\/1drv.ms\/b\/s!Aj6in--Gc43qhd96ttWZKP5P6U_K7g?e=ewpW4p\">Examen 3<\/a> &#8211; <a href=\"https:\/\/1drv.ms\/b\/s!Aj6in--Gc43qhd95c44FHIR-EHWcaw?e=42zsQS\">Examen 4<\/a> &#8211; <a href=\"https:\/\/1drv.ms\/b\/s!Aj6in--Gc43qhd94lKYWqMJJpxncfg?e=eDj997\">Examen 5<\/a><\/p>\n\n\n\n<blockquote class=\"wp-block-quote is-layout-flow wp-block-quote-is-layout-flow\">\n<p>N\u00fameros enteros: orden y operaciones. Operaciones combinadas con enteros. Divisibilidad. Factorizaci\u00f3n. MCD. MCM. Problemas que se resuelven haciendo uso del MCD o el MCM. Fracciones. Reducci\u00f3n a com\u00fan denominador. Fracciones equivalentes. Orden en las fracciones. Operaciones simples y combinadas con fracciones.<\/p>\n<\/blockquote>\n\n\n\n<p class=\"has-medium-font-size\"><a href=\"https:\/\/1drv.ms\/b\/s!Aj6in--Gc43qhd93QachXQBCmxlhhg?e=MnGEHc\">Examen 6<\/a> &#8211; <a href=\"https:\/\/1drv.ms\/b\/s!Aj6in--Gc43qhd928QDM_v7PW7RMPQ?e=d7ohaj\">Examen 7<\/a> &#8211; <a href=\"https:\/\/1drv.ms\/b\/s!Aj6in--Gc43qhd90C56nQ7jksDyq-Q?e=wdmJ5X\">Examen 8<\/a> &#8211; <a href=\"https:\/\/1drv.ms\/b\/s!Aj6in--Gc43qhd91da-gFCCwJdOZGA?e=UjdiNC\">Examen 9<\/a><\/p>\n\n\n\n<blockquote class=\"wp-block-quote is-layout-flow wp-block-quote-is-layout-flow\">\n<p>Operaciones con enteros y fracciones.<\/p>\n<\/blockquote>\n\n\n\n<p class=\"has-medium-font-size\"><a href=\"https:\/\/1drv.ms\/b\/s!Aj6in--Gc43qhd9zyl0hVXqIaLyGpg?e=sQP4Ef\">Examen 10<\/a><\/p>\n\n\n\n<blockquote class=\"wp-block-quote is-layout-flow wp-block-quote-is-layout-flow\">\n<p>N\u00fameros decimales. Operaciones con n\u00fameros decimales. Problemas con n\u00fameros decimales. Proporcionalidad num\u00e9rica. Reglas de tres. Porcentajes.<\/p>\n<\/blockquote>\n\n\n\n<p class=\"has-medium-font-size\"><a href=\"https:\/\/1drv.ms\/b\/s!Aj6in--Gc43qhd9yWWtLL-zZJKRX7w?e=dCnp7s\">Examen 11<\/a><\/p>\n\n\n\n<blockquote class=\"wp-block-quote is-layout-flow wp-block-quote-is-layout-flow\">\n<p>Porcentajes. Operaciones con monomios. Valor num\u00e9rico de un polinomio. Operaciones con polinomios. Factor com\u00fan.<\/p>\n<\/blockquote>\n\n\n\n<p class=\"has-medium-font-size\"><a href=\"https:\/\/1drv.ms\/b\/s!Aj6in--Gc43qhd9xZdHF64_y3Hv5tQ?e=iLLSD5\">Examen 12<\/a> &#8211; <a href=\"https:\/\/1drv.ms\/b\/s!Aj6in--Gc43qhd9w6Qz9oQo0lyqmKA?e=pETZul\">Examen 13<\/a> &#8211; <a href=\"https:\/\/1drv.ms\/b\/s!Aj6in--Gc43qhd9vCbyXxULaQHOW8w?e=8AhJRh\">Examen 14<\/a><\/p>\n\n\n\n<blockquote class=\"wp-block-quote is-layout-flow wp-block-quote-is-layout-flow\">\n<p>Proporcionalidad num\u00e9rica. Reglas de tres. Porcentajes. Operaciones con monomios. Valor num\u00e9rico de un polinomio. Operaciones con polinomios. Factor com\u00fan.<\/p>\n<\/blockquote>\n\n\n\n<p class=\"has-medium-font-size\"><a href=\"https:\/\/1drv.ms\/b\/s!Aj6in--Gc43qhd9u-27yhjlrT_6e9Q?e=orcmcv\">Examen 15<\/a><\/p>\n\n\n\n<blockquote class=\"wp-block-quote is-layout-flow wp-block-quote-is-layout-flow\">\n<p>Igualdades o identidades notables. Operaciones con polinomios. Ecuaciones de primer grado. Problemas que se resuelven planteando ecuaciones de primer grado.<\/p>\n<\/blockquote>\n\n\n\n<p class=\"has-medium-font-size\"><a href=\"https:\/\/1drv.ms\/b\/s!Aj6in--Gc43qhd9ta5s046FW0sLhIw?e=wYobTN\">Examen 16<\/a> &#8211; <a href=\"https:\/\/1drv.ms\/b\/s!Aj6in--Gc43qhd9sNWyZ2IXlvY5IFw?e=sNWxff\">Examen 17<\/a><\/p>\n\n\n\n<blockquote class=\"wp-block-quote is-layout-flow wp-block-quote-is-layout-flow\">\n<p>Operaciones con polinomios. Ecuaciones de primer grado. Ecuaciones de segundo grado. Problemas que se resuelven planteando ecuaciones de primer grado. Teorema de Tales. Tri\u00e1ngulos semejantes. Per\u00edmetros y \u00e1rea de figuras planas. <\/p>\n<\/blockquote>\n\n\n\n<p class=\"has-medium-font-size\"><a href=\"https:\/\/1drv.ms\/b\/s!Aj6in--Gc43qhd9ruKpX127JAhBP7Q?e=tOHm4O\">Examen 18<\/a><\/p>\n\n\n\n<blockquote class=\"wp-block-quote is-layout-flow wp-block-quote-is-layout-flow\">\n<p>Este es un examen final, con todo tipo de contenidos.<\/p>\n<\/blockquote>\n","protected":false},"excerpt":{"rendered":"<p>Examen 1 &#8211; Examen 2 &#8211; Examen 3 &#8211; Examen 4 &#8211; Examen 5 N\u00fameros enteros: orden y operaciones. Operaciones combinadas con enteros. Divisibilidad. Factorizaci\u00f3n. MCD. MCM. Problemas que se resuelven haciendo uso del MCD o el MCM. Fracciones. Reducci\u00f3n a com\u00fan denominador. Fracciones equivalentes. Orden en las fracciones. Operaciones simples y combinadas con fracciones. [&hellip;]<\/p>\n","protected":false},"author":1,"featured_media":0,"parent":0,"menu_order":0,"comment_status":"closed","ping_status":"closed","template":"","meta":{"footnotes":""},"class_list":["post-751","page","type-page","status-publish","hentry","post"],"_links":{"self":[{"href":"https:\/\/matematicastro.es\/index.php?rest_route=\/wp\/v2\/pages\/751","targetHints":{"allow":["GET"]}}],"collection":[{"href":"https:\/\/matematicastro.es\/index.php?rest_route=\/wp\/v2\/pages"}],"about":[{"href":"https:\/\/matematicastro.es\/index.php?rest_route=\/wp\/v2\/types\/page"}],"author":[{"embeddable":true,"href":"https:\/\/matematicastro.es\/index.php?rest_route=\/wp\/v2\/users\/1"}],"replies":[{"embeddable":true,"href":"https:\/\/matematicastro.es\/index.php?rest_route=%2Fwp%2Fv2%2Fcomments&post=751"}],"version-history":[{"count":3,"href":"https:\/\/matematicastro.es\/index.php?rest_route=\/wp\/v2\/pages\/751\/revisions"}],"predecessor-version":[{"id":2733,"href":"https:\/\/matematicastro.es\/index.php?rest_route=\/wp\/v2\/pages\/751\/revisions\/2733"}],"wp:attachment":[{"href":"https:\/\/matematicastro.es\/index.php?rest_route=%2Fwp%2Fv2%2Fmedia&parent=751"}],"curies":[{"name":"wp","href":"https:\/\/api.w.org\/{rel}","templated":true}]}}