{"id":748,"date":"2023-06-03T17:47:39","date_gmt":"2023-06-03T17:47:39","guid":{"rendered":"https:\/\/matematicastro.es\/?page_id=748"},"modified":"2025-01-03T14:44:23","modified_gmt":"2025-01-03T12:44:23","slug":"muestras-de-examenes-de-matematicas-de-2o-de-eso-coleccion-2","status":"publish","type":"page","link":"https:\/\/matematicastro.es\/?page_id=748","title":{"rendered":"Muestras de ex\u00e1menes de matem\u00e1ticas de 2\u00ba de ESO (Colecci\u00f3n 2)"},"content":{"rendered":"\n<p class=\"has-medium-font-size\"><a href=\"https:\/\/1drv.ms\/b\/s!Aj6in--Gc43qhd9q8IgC15Q4iOBLeQ?e=RzDmqU\">Examen 1<\/a><\/p>\n\n\n\n<blockquote class=\"wp-block-quote is-layout-flow wp-block-quote-is-layout-flow\">\n<p>N\u00fameros enteros: orden y operaciones. Operaciones combinadas con enteros. Potencias de base entera y exponente natural. Operaciones en las que aparecen ra\u00edces y potencias. Divisibilidad. Factorizaci\u00f3n. MCD. MCM. Problemas que se resuelven haciendo uso del MCD o el MCM. Fracciones. Reducci\u00f3n a com\u00fan denominador y orden en las fracciones. <\/p>\n<\/blockquote>\n\n\n\n<p class=\"has-medium-font-size\"><a href=\"https:\/\/1drv.ms\/b\/s!Aj6in--Gc43qhd9pgW8hsOgiYC66Tw?e=RyxecL\">Examen 2<\/a> &#8211; <a href=\"https:\/\/1drv.ms\/b\/s!Aj6in--Gc43qhd9oQcMopqrytn4rmQ?e=fC4Inw\">Examen 3<\/a><\/p>\n\n\n\n<blockquote class=\"wp-block-quote is-layout-flow wp-block-quote-is-layout-flow\">\n<p>Fracciones equivalentes. Parte o fracci\u00f3n de un n\u00famero. Operaciones simples y combinadas con fracciones. Paso de fracci\u00f3n a decimal. Tipos de n\u00fameros decimales. Operaciones con decimales. Problemas que se resuelven haciendo uso de las fracciones.<\/p>\n<\/blockquote>\n\n\n\n<p class=\"has-medium-font-size\"><a href=\"https:\/\/1drv.ms\/b\/s!Aj6in--Gc43qhd9nXXtthm5cyffvTA?e=MIdKJP\">Examen 4<\/a> &#8211; <a href=\"https:\/\/1drv.ms\/b\/s!Aj6in--Gc43qhd9msvrVoYmsIiZs5g?e=sCI7nb\">Examen 5<\/a> &#8211; <a href=\"https:\/\/1drv.ms\/b\/s!Aj6in--Gc43qhd9lsDEQd4Ckr7MaOg?e=gQt6Qa\">Examen 6<\/a><\/p>\n\n\n\n<blockquote class=\"wp-block-quote is-layout-flow wp-block-quote-is-layout-flow\">\n<p>Operaciones combinadas con n\u00fameros enteros. Operaciones con potencias de base entera y exponente natural. MCD y MCM. Operaciones simples y combinadas con fracciones. Paso de fracci\u00f3n a decimal. Tipos de n\u00fameros decimales. Problemas que se resuelven haciendo uso de las fracciones.<\/p>\n<\/blockquote>\n\n\n\n<p class=\"has-medium-font-size\"><a href=\"https:\/\/1drv.ms\/b\/s!Aj6in--Gc43qhd9kGUIgXd802CNwRQ?e=VUePbj\">Examen 7<\/a> &#8211; <a href=\"https:\/\/1drv.ms\/b\/s!Aj6in--Gc43qhd9jNyR8YtdKa_Wo7g?e=5usm9i\">Examen 8<\/a><\/p>\n\n\n\n<blockquote class=\"wp-block-quote is-layout-flow wp-block-quote-is-layout-flow\">\n<p>Expresiones algebraicas. Valor num\u00e9rico de una expresi\u00f3n algebraica. Monomios. Operaciones con monomios. Polinomios. Operaciones con polinomios. Factor com\u00fan. Igualdades notables.<\/p>\n<\/blockquote>\n\n\n\n<p class=\"has-medium-font-size\"><a href=\"https:\/\/1drv.ms\/b\/s!Aj6in--Gc43qhd9i_T0LWh51eLR_nw?e=Y3AX4S\">Examen 9<\/a><\/p>\n\n\n\n<blockquote class=\"wp-block-quote is-layout-flow wp-block-quote-is-layout-flow\">\n<p>Ecuaciones de primer grado. Ecuaciones de segundo grado. Problemas que se resuelven planteando una ecuaci\u00f3n de primer grado.<\/p>\n<\/blockquote>\n\n\n\n<p class=\"has-medium-font-size\"><a href=\"https:\/\/1drv.ms\/b\/s!Aj6in--Gc43qhd9hrRd8ynrvspE8Tg?e=XAcJnB\">Examen 10<\/a> &#8211; <a href=\"https:\/\/1drv.ms\/b\/s!Aj6in--Gc43qhd9gcqiPTTS6hRR9HA?e=YvKxMi\">Examen 11<\/a><\/p>\n\n\n\n<blockquote class=\"wp-block-quote is-layout-flow wp-block-quote-is-layout-flow\">\n<p>Operaciones con monomios. Operaciones con polinomios. Factor com\u00fan. Igualdades notables. Ecuaciones de primer grado. Ecuaciones de segundo grado. Problemas que se resuelven planteando una ecuaci\u00f3n de primer grado.<\/p>\n<\/blockquote>\n\n\n\n<p class=\"has-medium-font-size\"><a href=\"https:\/\/1drv.ms\/b\/s!Aj6in--Gc43qhd9f1hSlhx0nYV3KJQ?e=LSmnZ8\">Examen 12<\/a> &#8211; <a href=\"https:\/\/1drv.ms\/b\/s!Aj6in--Gc43qhd9ejqjTHCOt66pjLA?e=ebkV4J\">Examen 13<\/a><\/p>\n\n\n\n<blockquote class=\"wp-block-quote is-layout-flow wp-block-quote-is-layout-flow\">\n<p>Razones. Proporciones. Proporcionalidad directa e inversa. Porcentajes. Porcentajes de aumento y de descuento. Problemas que se resuelven usando la proporcionalidad y los porcentajes. <\/p>\n<\/blockquote>\n\n\n\n<p class=\"has-medium-font-size\"><a href=\"https:\/\/1drv.ms\/b\/s!Aj6in--Gc43qhd9d6EHI1JefrLyAGg?e=vBG7Sw\">Examen 14<\/a><\/p>\n\n\n\n<blockquote class=\"wp-block-quote is-layout-flow wp-block-quote-is-layout-flow\">\n<p>Teorema de Tales. Tri\u00e1ngulos semejantes. Escalas. \u00c1reas y per\u00edmetros de figuras planas. <\/p>\n<\/blockquote>\n\n\n\n<p class=\"has-medium-font-size\"><a href=\"https:\/\/1drv.ms\/b\/s!Aj6in--Gc43qhd9cEt1PGvpYRRayiQ?e=arVFhS\">Examen 15<\/a><\/p>\n\n\n\n<blockquote class=\"wp-block-quote is-layout-flow wp-block-quote-is-layout-flow\">\n<p>Problemas de proporcionalidad y de porcentajes. Problemas de \u00e1reas y per\u00edmetros de figuras planas. \u00c1rea y volumen de un poliedro.<\/p>\n<\/blockquote>\n\n\n\n<p class=\"has-medium-font-size\"><a href=\"https:\/\/1drv.ms\/b\/s!Aj6in--Gc43qhd9b3iE5jJF_b9jK-A?e=blMwhc\">Examen 16<\/a> &#8211; <a href=\"https:\/\/1drv.ms\/b\/s!Aj6in--Gc43qhd9atay6QzPJ-Z5Qkw?e=mO9Sg8\">Examen 17<\/a><\/p>\n\n\n\n<blockquote class=\"wp-block-quote is-layout-flow wp-block-quote-is-layout-flow\">\n<p>Estos son un par de ex\u00e1menes finales, con todo tipo de contenidos.<\/p>\n<\/blockquote>\n","protected":false},"excerpt":{"rendered":"<p>Examen 1 N\u00fameros enteros: orden y operaciones. Operaciones combinadas con enteros. Potencias de base entera y exponente natural. Operaciones en las que aparecen ra\u00edces y potencias. Divisibilidad. Factorizaci\u00f3n. MCD. MCM. Problemas que se resuelven haciendo uso del MCD o el MCM. Fracciones. Reducci\u00f3n a com\u00fan denominador y orden en las fracciones. Examen 2 &#8211; Examen [&hellip;]<\/p>\n","protected":false},"author":1,"featured_media":0,"parent":0,"menu_order":0,"comment_status":"closed","ping_status":"closed","template":"","meta":{"footnotes":""},"class_list":["post-748","page","type-page","status-publish","hentry","post"],"_links":{"self":[{"href":"https:\/\/matematicastro.es\/index.php?rest_route=\/wp\/v2\/pages\/748","targetHints":{"allow":["GET"]}}],"collection":[{"href":"https:\/\/matematicastro.es\/index.php?rest_route=\/wp\/v2\/pages"}],"about":[{"href":"https:\/\/matematicastro.es\/index.php?rest_route=\/wp\/v2\/types\/page"}],"author":[{"embeddable":true,"href":"https:\/\/matematicastro.es\/index.php?rest_route=\/wp\/v2\/users\/1"}],"replies":[{"embeddable":true,"href":"https:\/\/matematicastro.es\/index.php?rest_route=%2Fwp%2Fv2%2Fcomments&post=748"}],"version-history":[{"count":6,"href":"https:\/\/matematicastro.es\/index.php?rest_route=\/wp\/v2\/pages\/748\/revisions"}],"predecessor-version":[{"id":2731,"href":"https:\/\/matematicastro.es\/index.php?rest_route=\/wp\/v2\/pages\/748\/revisions\/2731"}],"wp:attachment":[{"href":"https:\/\/matematicastro.es\/index.php?rest_route=%2Fwp%2Fv2%2Fmedia&parent=748"}],"curies":[{"name":"wp","href":"https:\/\/api.w.org\/{rel}","templated":true}]}}