{"id":732,"date":"2023-06-03T12:11:36","date_gmt":"2023-06-03T12:11:36","guid":{"rendered":"https:\/\/matematicastro.es\/?page_id=732"},"modified":"2025-01-03T14:30:13","modified_gmt":"2025-01-03T12:30:13","slug":"muestras-de-examenes-de-matematicas-de-2o-de-eso-coleccion-1","status":"publish","type":"page","link":"https:\/\/matematicastro.es\/?page_id=732","title":{"rendered":"Muestras de ex\u00e1menes de matem\u00e1ticas de 2\u00ba de ESO (Colecci\u00f3n 1)"},"content":{"rendered":"\n<p class=\"has-medium-font-size\"><a href=\"https:\/\/1drv.ms\/b\/s!Aj6in--Gc43qhd9ZTMijnIv9RMfHZQ?e=jAwcz5\">Examen 1<\/a><\/p>\n\n\n\n<blockquote class=\"wp-block-quote is-layout-flow wp-block-quote-is-layout-flow\">\n<p>Operaciones combinadas con n\u00fameros enteros. Potencias de base entera y exponente natural. Operaciones que incluyen potencias y ra\u00edces. Divisibilidad. MCD. MCM. Problemas.<\/p>\n<\/blockquote>\n\n\n\n<p class=\"has-medium-font-size\"><a href=\"https:\/\/1drv.ms\/b\/s!Aj6in--Gc43qhd9Y45k-Vo40XflxIg?e=8WZf6D\">Examen 2<\/a><\/p>\n\n\n\n<blockquote class=\"wp-block-quote is-layout-flow wp-block-quote-is-layout-flow\">\n<p>Razones. Proporciones. Reducci\u00f3n a com\u00fan denominador. Orden en las fracciones. Operaciones combinadas con fracciones, incluyendo potencias y ra\u00edces. Problemas que se resuelven haciendo uso de las fracciones.<\/p>\n<\/blockquote>\n\n\n\n<p class=\"has-medium-font-size\"><a href=\"https:\/\/1drv.ms\/b\/s!Aj6in--Gc43qhd9X9gipFLWQThPgTA?e=YcapGd\">Examen 3<\/a><\/p>\n\n\n\n<blockquote class=\"wp-block-quote is-layout-flow wp-block-quote-is-layout-flow\">\n<p>N\u00fameros decimales. Parte entera. Parte decimal. Tipos de decimales. Decimales peri\u00f3dicos. Per\u00edodo y anteper\u00edodo. Operaciones con decimales. Aproximaci\u00f3n de decimales. Problemas con n\u00fameros decimales.<\/p>\n<\/blockquote>\n\n\n\n<p class=\"has-medium-font-size\"><a href=\"https:\/\/1drv.ms\/b\/s!Aj6in--Gc43qhd9WX1lyj_FQdFq1RQ?e=uUbdVQ\">Examen 4<\/a><\/p>\n\n\n\n<blockquote class=\"wp-block-quote is-layout-flow wp-block-quote-is-layout-flow\">\n<p>Raz\u00f3n. Proporci\u00f3n. Proporcionalidad num\u00e9rica. Magnitudes directa e inversamente proporcionales. Porcentajes. Porcentajes de aumento y de descuento.<\/p>\n<\/blockquote>\n\n\n\n<p class=\"has-medium-font-size\"><a href=\"https:\/\/1drv.ms\/b\/s!Aj6in--Gc43qhd9VGSK9EL-uP46gmA?e=EYtqib\">Examen 5<\/a><\/p>\n\n\n\n<blockquote class=\"wp-block-quote is-layout-flow wp-block-quote-is-layout-flow\">\n<p>Expresiones algebraicas. Igualdades algebraicas: identidades y ecuaciones. Monomios. Polinomios. Operaciones con polinomios. Identidades notables. Factor com\u00fan. Ecuaciones de primer grado. Problemas que se resuelven planteando una ecuaci\u00f3n de primer grado.<\/p>\n<\/blockquote>\n\n\n\n<p class=\"has-medium-font-size\"><a href=\"https:\/\/1drv.ms\/b\/s!Aj6in--Gc43qhd9UPQBZlhhd2WCOzQ?e=Yz15ix\">Examen 6<\/a><\/p>\n\n\n\n<blockquote class=\"wp-block-quote is-layout-flow wp-block-quote-is-layout-flow\">\n<p>Ecuaciones de primer grado. Ecuaciones de segundo grado. Problemas que se resuelven planteando una ecuaci\u00f3n de primer grado.<\/p>\n<\/blockquote>\n\n\n\n<p class=\"has-medium-font-size\"><a href=\"https:\/\/1drv.ms\/b\/s!Aj6in--Gc43qhd9TQw23THhrfJyvHQ?e=lWgIdz\">Examen 7<\/a><\/p>\n\n\n\n<blockquote class=\"wp-block-quote is-layout-flow wp-block-quote-is-layout-flow\">\n<p>Teorema de Tales. Tri\u00e1ngulos semejantes. Escalas. Per\u00edmetro y \u00e1rea de figuras planas.<\/p>\n<\/blockquote>\n\n\n\n<p class=\"has-medium-font-size\"><a href=\"https:\/\/1drv.ms\/b\/s!Aj6in--Gc43qhd9ScqiXAHgeZVTZTw?e=aCPeZP\">Examen 8<\/a><\/p>\n\n\n\n<blockquote class=\"wp-block-quote is-layout-flow wp-block-quote-is-layout-flow\">\n<p>Poliedros y cuerpos de revoluci\u00f3n. Funci\u00f3n de proporcionalidad directa. Funci\u00f3n cuadr\u00e1tica. <\/p>\n<\/blockquote>\n","protected":false},"excerpt":{"rendered":"<p>Examen 1 Operaciones combinadas con n\u00fameros enteros. Potencias de base entera y exponente natural. Operaciones que incluyen potencias y ra\u00edces. Divisibilidad. MCD. MCM. Problemas. Examen 2 Razones. Proporciones. Reducci\u00f3n a com\u00fan denominador. Orden en las fracciones. Operaciones combinadas con fracciones, incluyendo potencias y ra\u00edces. Problemas que se resuelven haciendo uso de las fracciones. Examen 3 [&hellip;]<\/p>\n","protected":false},"author":1,"featured_media":0,"parent":0,"menu_order":0,"comment_status":"closed","ping_status":"closed","template":"","meta":{"footnotes":""},"class_list":["post-732","page","type-page","status-publish","hentry","post"],"_links":{"self":[{"href":"https:\/\/matematicastro.es\/index.php?rest_route=\/wp\/v2\/pages\/732","targetHints":{"allow":["GET"]}}],"collection":[{"href":"https:\/\/matematicastro.es\/index.php?rest_route=\/wp\/v2\/pages"}],"about":[{"href":"https:\/\/matematicastro.es\/index.php?rest_route=\/wp\/v2\/types\/page"}],"author":[{"embeddable":true,"href":"https:\/\/matematicastro.es\/index.php?rest_route=\/wp\/v2\/users\/1"}],"replies":[{"embeddable":true,"href":"https:\/\/matematicastro.es\/index.php?rest_route=%2Fwp%2Fv2%2Fcomments&post=732"}],"version-history":[{"count":17,"href":"https:\/\/matematicastro.es\/index.php?rest_route=\/wp\/v2\/pages\/732\/revisions"}],"predecessor-version":[{"id":2729,"href":"https:\/\/matematicastro.es\/index.php?rest_route=\/wp\/v2\/pages\/732\/revisions\/2729"}],"wp:attachment":[{"href":"https:\/\/matematicastro.es\/index.php?rest_route=%2Fwp%2Fv2%2Fmedia&parent=732"}],"curies":[{"name":"wp","href":"https:\/\/api.w.org\/{rel}","templated":true}]}}