{"id":707,"date":"2023-05-30T08:44:48","date_gmt":"2023-05-30T08:44:48","guid":{"rendered":"https:\/\/matematicastro.es\/?page_id=707"},"modified":"2025-01-03T14:23:30","modified_gmt":"2025-01-03T12:23:30","slug":"ejercicios-de-matematicas-2o-eso","status":"publish","type":"page","link":"https:\/\/matematicastro.es\/?page_id=707","title":{"rendered":"Ejercicios de Matem\u00e1ticas 2\u00ba ESO"},"content":{"rendered":"\n<p class=\"has-medium-font-size\"><a href=\"https:\/\/1drv.ms\/b\/s!Aj6in--Gc43qhdpFFbviSZ4vRVV_ag?e=8rrAoW\">1. Divisibilidad entre n\u00fameros enteros.<\/a><\/p>\n\n\n\n<p class=\"has-medium-font-size\"><a href=\"https:\/\/1drv.ms\/b\/s!Aj6in--Gc43qhdpEN1byMHX-zS9JYg?e=Oio8h3\">2. Operaciones combinadas con n\u00fameros enteros.<\/a><\/p>\n\n\n\n<p class=\"has-medium-font-size\"><a href=\"https:\/\/1drv.ms\/b\/s!Aj6in--Gc43qhdpDIrbPYwGjri2QOg?e=R0OeKy\">3. Operaciones combinadas entre n\u00fameros enteros. Divisibilidad.<\/a><\/p>\n\n\n\n<p class=\"has-medium-font-size\"><a href=\"https:\/\/1drv.ms\/b\/s!Aj6in--Gc43qhdpCoLCYH9vf4-lqBQ?e=n4iOzE\">4. Operaciones combinadas con fracciones.<\/a><\/p>\n\n\n\n<p class=\"has-medium-font-size\"><a href=\"https:\/\/1drv.ms\/b\/s!Aj6in--Gc43qhdpB6VmmlE3eD3TCYQ?e=N7ULaV\">5. Problemas que se resuelven utilizando las fracciones.<\/a><\/p>\n\n\n\n<p class=\"has-medium-font-size\"><a href=\"https:\/\/1drv.ms\/b\/s!Aj6in--Gc43qhdo_p2BemovEd-N6xw?e=AmOgnI\">6. Proporcionalidad, regla de tres y porcentajes.<\/a><\/p>\n\n\n\n<p class=\"has-medium-font-size\"><a href=\"https:\/\/1drv.ms\/b\/s!Aj6in--Gc43qhdpAebp7MCVTLgatsw?e=aSmVvc\">7. Operaciones con monomios.<\/a><\/p>\n\n\n\n<p class=\"has-medium-font-size\"><a href=\"https:\/\/1drv.ms\/b\/s!Aj6in--Gc43qhdo2vbneZlcb47yYeA?e=g3FwTG\">8. Multiplicaci\u00f3n de un n\u00famero o un monomio por un polinomio.<\/a><\/p>\n\n\n\n<p class=\"has-medium-font-size\"><a href=\"https:\/\/1drv.ms\/b\/s!Aj6in--Gc43qhdo-AJZwrN8vPIYNWA?e=XWxiUW\">9. Operaciones combinadas con monomios.<\/a><\/p>\n\n\n\n<p class=\"has-medium-font-size\"><a href=\"https:\/\/1drv.ms\/b\/s!Aj6in--Gc43qhdo9wI_4ITOMzsAneg?e=8yXV5U\">10. Valores num\u00e9ricos de polinomios.<\/a><\/p>\n\n\n\n<p class=\"has-medium-font-size\"><a href=\"https:\/\/1drv.ms\/b\/s!Aj6in--Gc43qhdo8xc0MJiDLCcB5AQ?e=Odqykh\">11. Operaciones combinadas con polinomios.<\/a><\/p>\n\n\n\n<p class=\"has-medium-font-size\"><a href=\"https:\/\/1drv.ms\/b\/s!Aj6in--Gc43qhdo7ddG9miu7gztdlA?e=HvyJb8\">12. Identidades notables. Factor com\u00fan.<\/a><\/p>\n\n\n\n<p class=\"has-medium-font-size\"><a href=\"https:\/\/1drv.ms\/b\/s!Aj6in--Gc43qhdo6f6HjQon5gJxOQg?e=4EEowK\">13. Ecuaciones de primer grado (1).<\/a><\/p>\n\n\n\n<p class=\"has-medium-font-size\"><a href=\"https:\/\/1drv.ms\/b\/s!Aj6in--Gc43qhdo5BVkghnYKkdQDeQ?e=Lzbapf\">14. Ecuaciones de primer grado (2).<\/a><\/p>\n\n\n\n<p class=\"has-medium-font-size\"><a href=\"https:\/\/1drv.ms\/b\/s!Aj6in--Gc43qhdo46SfUgcDedqvt5A?e=0qkdpX\">15. Problemas que se resuelven planteando ecuaciones de primer grado.<\/a><\/p>\n\n\n\n<p class=\"has-medium-font-size\"><a href=\"https:\/\/1drv.ms\/b\/s!Aj6in--Gc43qhdo3HhE3c-gTI545DA?e=avccZs\">16. Ecuaciones de segundo grado.<\/a><\/p>\n","protected":false},"excerpt":{"rendered":"<p>1. Divisibilidad entre n\u00fameros enteros. 2. Operaciones combinadas con n\u00fameros enteros. 3. Operaciones combinadas entre n\u00fameros enteros. Divisibilidad. 4. Operaciones combinadas con fracciones. 5. Problemas que se resuelven utilizando las fracciones. 6. Proporcionalidad, regla de tres y porcentajes. 7. Operaciones con monomios. 8. Multiplicaci\u00f3n de un n\u00famero o un monomio por un polinomio. 9. Operaciones [&hellip;]<\/p>\n","protected":false},"author":1,"featured_media":0,"parent":0,"menu_order":0,"comment_status":"closed","ping_status":"closed","template":"","meta":{"footnotes":""},"class_list":["post-707","page","type-page","status-publish","hentry","post"],"_links":{"self":[{"href":"https:\/\/matematicastro.es\/index.php?rest_route=\/wp\/v2\/pages\/707","targetHints":{"allow":["GET"]}}],"collection":[{"href":"https:\/\/matematicastro.es\/index.php?rest_route=\/wp\/v2\/pages"}],"about":[{"href":"https:\/\/matematicastro.es\/index.php?rest_route=\/wp\/v2\/types\/page"}],"author":[{"embeddable":true,"href":"https:\/\/matematicastro.es\/index.php?rest_route=\/wp\/v2\/users\/1"}],"replies":[{"embeddable":true,"href":"https:\/\/matematicastro.es\/index.php?rest_route=%2Fwp%2Fv2%2Fcomments&post=707"}],"version-history":[{"count":7,"href":"https:\/\/matematicastro.es\/index.php?rest_route=\/wp\/v2\/pages\/707\/revisions"}],"predecessor-version":[{"id":2727,"href":"https:\/\/matematicastro.es\/index.php?rest_route=\/wp\/v2\/pages\/707\/revisions\/2727"}],"wp:attachment":[{"href":"https:\/\/matematicastro.es\/index.php?rest_route=%2Fwp%2Fv2%2Fmedia&parent=707"}],"curies":[{"name":"wp","href":"https:\/\/api.w.org\/{rel}","templated":true}]}}