{"id":540,"date":"2023-05-28T10:16:33","date_gmt":"2023-05-28T10:16:33","guid":{"rendered":"https:\/\/matematicastro.es\/?page_id=540"},"modified":"2025-09-07T18:46:16","modified_gmt":"2025-09-07T17:46:16","slug":"ejercicios-de-matematicas-1o-eso","status":"publish","type":"page","link":"https:\/\/matematicastro.es\/?page_id=540","title":{"rendered":"Ejercicios de Matem\u00e1ticas 1\u00ba ESO"},"content":{"rendered":"\n<p class=\"has-medium-font-size\"><a href=\"https:\/\/1drv.ms\/b\/c\/ea8d7386ef9fa23e\/EUBgBKSFRtBNqxem6bmFspcBS08mNYov2MtRH11xPBtGdg?e=iTthxj\" target=\"_blank\" rel=\"noreferrer noopener\">1. Operaciones combinadas con n\u00fameros naturales.<\/a><\/p>\n\n\n\n<p class=\"has-medium-font-size\"><a href=\"https:\/\/1drv.ms\/b\/c\/ea8d7386ef9fa23e\/EQv4Qvxt_exFj1gsr8Hp658BAKj-UQvVAJZZwIK3bLKSYw?e=5DOCxs\" target=\"_blank\" rel=\"noreferrer noopener\">2. Problemas que se resuelven utilizando los n\u00fameros naturales.<\/a><\/p>\n\n\n\n<p class=\"has-medium-font-size\"><a href=\"https:\/\/1drv.ms\/b\/c\/ea8d7386ef9fa23e\/EcVI6hL87M1BlkuvJKKxVzQBMlmZvi-kSuJFD1834FAUSg?e=TbiE7X\" target=\"_blank\" rel=\"noreferrer noopener\">3. Operaciones combinadas con n\u00fameros enteros.<\/a><\/p>\n\n\n\n<p class=\"has-medium-font-size\"><a href=\"https:\/\/1drv.ms\/b\/c\/ea8d7386ef9fa23e\/ET-WttBFBsRPlD2nRfPuWBsBuI2gWHbQzTmu8P132kSpIg?e=wMPaJB\" target=\"_blank\" rel=\"noreferrer noopener\">4. Divisibilidad.<\/a><\/p>\n\n\n\n<p class=\"has-medium-font-size\"><a href=\"https:\/\/1drv.ms\/b\/c\/ea8d7386ef9fa23e\/EUjbBXqt1QJJnv8NqzlA2jEBXcAiLz75XAOLcPCfZ0wD9Q?e=psbGPF\" target=\"_blank\" rel=\"noreferrer noopener\">5. Problemas que se resuelven utilizando los n\u00fameros enteros.<\/a><\/p>\n\n\n\n<p class=\"has-medium-font-size\"><a href=\"https:\/\/1drv.ms\/b\/c\/ea8d7386ef9fa23e\/ETiztUQ_fzhPuELX2LCo_fEBjKFVP2uXxgrANtDU7gUI_g?e=9Vc54M\" target=\"_blank\" rel=\"noreferrer noopener\">6. Operaciones combinadas con fracciones.<\/a><\/p>\n\n\n\n<p class=\"has-medium-font-size\"><a href=\"https:\/\/1drv.ms\/b\/c\/ea8d7386ef9fa23e\/EdCBcIu98fRJmJ2gsyJ8TAsBXwzS31Kq05w1YHTkRWYF4w?e=izzl1y\" target=\"_blank\" rel=\"noreferrer noopener\">7. Problemas que se resuelven utilizando las fracciones.<\/a><\/p>\n\n\n\n<p class=\"has-medium-font-size\"><a href=\"https:\/\/1drv.ms\/b\/c\/ea8d7386ef9fa23e\/ETy6ley7aPlMp4YkKUBgKrkB8oVq1xhjvZKu-gj7mGXAlQ?e=LOtogH\" target=\"_blank\" rel=\"noreferrer noopener\">8. Problemas de proporcionalidad num\u00e9rica y porcentajes.<\/a><\/p>\n\n\n\n<p class=\"has-medium-font-size\"><a href=\"https:\/\/1drv.ms\/b\/c\/ea8d7386ef9fa23e\/EfXeHf3nN9dNuZ_HdA1A9hkBP85j40YEcc6HcKA5m5kHNw?e=6dn0Bf\" target=\"_blank\" rel=\"noreferrer noopener\">9. Valor num\u00e9rico de un monomio. Sumas y restas de monomios.<\/a><\/p>\n\n\n\n<p class=\"has-medium-font-size\"><a href=\"https:\/\/1drv.ms\/b\/c\/ea8d7386ef9fa23e\/ET6in--Gc40ggOr-bAEAAAABi9NeEu7cSMFs3Lvw091WSQ?e=ZQAfrs\" target=\"_blank\" rel=\"noreferrer noopener\">10. Ecuaciones de primer grado sin denominadores.<\/a><\/p>\n\n\n\n<p class=\"has-medium-font-size\"><a href=\"https:\/\/1drv.ms\/b\/c\/ea8d7386ef9fa23e\/ET6in--Gc40ggOr9bAEAAAABLcSaZ3CPvDZSfDLkOLssKQ?e=J8LVyK\" target=\"_blank\" rel=\"noreferrer noopener\">11. Ecuaciones de primer grado con denominadores.<\/a><\/p>\n\n\n\n<p class=\"has-medium-font-size\"><a href=\"https:\/\/1drv.ms\/b\/c\/ea8d7386ef9fa23e\/EX1221tUCfJPqA6ikSEqWosBRt4pLWcdsHmkcAsBEnAveg?e=H67Nva\" target=\"_blank\" rel=\"noreferrer noopener\">12. Problemas que se resuelven planteando ecuaciones de primer grado.<\/a><\/p>\n","protected":false},"excerpt":{"rendered":"<p>1. Operaciones combinadas con n\u00fameros naturales. 2. Problemas que se resuelven utilizando los n\u00fameros naturales. 3. Operaciones combinadas con n\u00fameros enteros. 4. Divisibilidad. 5. Problemas que se resuelven utilizando los n\u00fameros enteros. 6. Operaciones combinadas con fracciones. 7. Problemas que se resuelven utilizando las fracciones. 8. Problemas de proporcionalidad num\u00e9rica y porcentajes. 9. Valor num\u00e9rico [&hellip;]<\/p>\n","protected":false},"author":1,"featured_media":0,"parent":0,"menu_order":0,"comment_status":"closed","ping_status":"closed","template":"","meta":{"footnotes":""},"class_list":["post-540","page","type-page","status-publish","hentry","post"],"_links":{"self":[{"href":"https:\/\/matematicastro.es\/index.php?rest_route=\/wp\/v2\/pages\/540","targetHints":{"allow":["GET"]}}],"collection":[{"href":"https:\/\/matematicastro.es\/index.php?rest_route=\/wp\/v2\/pages"}],"about":[{"href":"https:\/\/matematicastro.es\/index.php?rest_route=\/wp\/v2\/types\/page"}],"author":[{"embeddable":true,"href":"https:\/\/matematicastro.es\/index.php?rest_route=\/wp\/v2\/users\/1"}],"replies":[{"embeddable":true,"href":"https:\/\/matematicastro.es\/index.php?rest_route=%2Fwp%2Fv2%2Fcomments&post=540"}],"version-history":[{"count":6,"href":"https:\/\/matematicastro.es\/index.php?rest_route=\/wp\/v2\/pages\/540\/revisions"}],"predecessor-version":[{"id":3915,"href":"https:\/\/matematicastro.es\/index.php?rest_route=\/wp\/v2\/pages\/540\/revisions\/3915"}],"wp:attachment":[{"href":"https:\/\/matematicastro.es\/index.php?rest_route=%2Fwp%2Fv2%2Fmedia&parent=540"}],"curies":[{"name":"wp","href":"https:\/\/api.w.org\/{rel}","templated":true}]}}