{"id":4018,"date":"2026-05-14T11:21:28","date_gmt":"2026-05-14T10:21:28","guid":{"rendered":"https:\/\/matematicastro.es\/?page_id=4018"},"modified":"2026-05-14T11:37:24","modified_gmt":"2026-05-14T10:37:24","slug":"ayuda","status":"publish","type":"page","link":"https:\/\/matematicastro.es\/?page_id=4018","title":{"rendered":"\u00a1Ayuda!"},"content":{"rendered":"\n<p>\u00bfNecesitas ayuda con esto de las matem\u00e1ticas? Puedes ponerte en contacto conmigo a trav\u00e9s de mi correo electr\u00f3nico, pco400@gmail.com, o bien llamando al tel\u00e9fono 687327206. Podemos solucionarlo. Podemos resolver dudas puntuales, preparar un examen concreto e incluso el acceso a la Universidad, reforzar contenidos&#8230;<\/p>\n\n\n\n<p>Puesto que yo vivo en Socu\u00e9llamos (Ciudad Real), si est\u00e1s interesado tendr\u00e1s que desplazarte. Si no puedes, te puedo ayudar haciendo uso de la tecnolog\u00eda inform\u00e1tica. Quiz\u00e1 hasta bastar\u00eda con el correo electr\u00f3nico, pues podr\u00eda resolver ejercicios y problemas y enviarlos en cualquier momento.<\/p>\n\n\n\n<p>Bueno, pues ya lo sab\u00e9is. Pod\u00e9is contar conmigo.<\/p>\n","protected":false},"excerpt":{"rendered":"<p>\u00bfNecesitas ayuda con esto de las matem\u00e1ticas? Puedes ponerte en contacto conmigo a trav\u00e9s de mi correo electr\u00f3nico, pco400@gmail.com, o bien llamando al tel\u00e9fono 687327206. Podemos solucionarlo. Podemos resolver dudas puntuales, preparar un examen concreto e incluso el acceso a la Universidad, reforzar contenidos&#8230; Puesto que yo vivo en Socu\u00e9llamos (Ciudad Real), si est\u00e1s interesado [&hellip;]<\/p>\n","protected":false},"author":1,"featured_media":4031,"parent":0,"menu_order":0,"comment_status":"closed","ping_status":"closed","template":"","meta":{"footnotes":""},"class_list":["post-4018","page","type-page","status-publish","has-post-thumbnail","hentry","post","post-with-thumbnail","post-with-thumbnail-large"],"_links":{"self":[{"href":"https:\/\/matematicastro.es\/index.php?rest_route=\/wp\/v2\/pages\/4018","targetHints":{"allow":["GET"]}}],"collection":[{"href":"https:\/\/matematicastro.es\/index.php?rest_route=\/wp\/v2\/pages"}],"about":[{"href":"https:\/\/matematicastro.es\/index.php?rest_route=\/wp\/v2\/types\/page"}],"author":[{"embeddable":true,"href":"https:\/\/matematicastro.es\/index.php?rest_route=\/wp\/v2\/users\/1"}],"replies":[{"embeddable":true,"href":"https:\/\/matematicastro.es\/index.php?rest_route=%2Fwp%2Fv2%2Fcomments&post=4018"}],"version-history":[{"count":1,"href":"https:\/\/matematicastro.es\/index.php?rest_route=\/wp\/v2\/pages\/4018\/revisions"}],"predecessor-version":[{"id":4030,"href":"https:\/\/matematicastro.es\/index.php?rest_route=\/wp\/v2\/pages\/4018\/revisions\/4030"}],"wp:featuredmedia":[{"embeddable":true,"href":"https:\/\/matematicastro.es\/index.php?rest_route=\/wp\/v2\/media\/4031"}],"wp:attachment":[{"href":"https:\/\/matematicastro.es\/index.php?rest_route=%2Fwp%2Fv2%2Fmedia&parent=4018"}],"curies":[{"name":"wp","href":"https:\/\/api.w.org\/{rel}","templated":true}]}}