{"id":397,"date":"2023-05-26T07:15:03","date_gmt":"2023-05-26T07:15:03","guid":{"rendered":"http:\/\/matematicastro.es\/?page_id=397"},"modified":"2025-09-07T19:00:35","modified_gmt":"2025-09-07T18:00:35","slug":"examenes-de-matematicas-de-1o-de-eso","status":"publish","type":"page","link":"https:\/\/matematicastro.es\/?page_id=397","title":{"rendered":"Muestras de ex\u00e1menes de matem\u00e1ticas de 1\u00ba de ESO"},"content":{"rendered":"\n<p class=\"has-medium-font-size\">Examen 1 &#8211; <a href=\"https:\/\/1drv.ms\/b\/s!Aj6in--Gc43qhdokrT6Mf7TJgdmHWQ?e=NsbgoB\">Examen 2<\/a> &#8211; Examen 3 &#8211; Examen 4<\/p>\n\n\n\n<blockquote class=\"wp-block-quote is-layout-flow wp-block-quote-is-layout-flow\">\n<p>N\u00fameros naturales. Operaciones con n\u00fameros naturales. Potencias de base y exponente natural. Operaciones combinadas con n\u00fameros naturales. Operaciones con potencias de base y exponente natural. Problemas que requieren del uso de las operaciones con naturales. <\/p>\n\n\n\n<p>Divisibilidad. Relaci\u00f3n de divisibilidad. M\u00faltiplos y divisores. N\u00fameros primos. Criterios de divisibilidad entre los primeros n\u00fameros primos. Descomposici\u00f3n factorial de un n\u00famero natural en producto de primos. Maximo com\u00fan divisor (mcd). M\u00ednimo com\u00fan m\u00faltiplo (mcm). Problemas que se resuelven haciendo uso del mcd y el mcm.<\/p>\n<\/blockquote>\n\n\n\n<p class=\"has-medium-font-size\">Examen 5 &#8211; Examen 6 &#8211; Examen 7 &#8211; Examen 8 &#8211; Examen 9 &#8211; Examen 10<\/p>\n\n\n\n<blockquote class=\"wp-block-quote is-layout-flow wp-block-quote-is-layout-flow\">\n<p>N\u00fameros enteros. Orden en el conjunto de los n\u00fameros enteros. Opuesto de un n\u00famero entero. Valor absoluto de un n\u00famero entero. Operaciones en el conjunto de los n\u00fameros enteros. Potencias y ra\u00edces de n\u00fameros enteros. Operaciones combinadas. <\/p>\n\n\n\n<p>Fracciones. Fracciones irreducibles. Parte de un n\u00famero. Reducci\u00f3n de fracciones a com\u00fan denominador. Orden entre un conjunto de fracciones. Operaciones con fracciones. Operaciones combinadas con fracciones. Las fracciones que no son enteros son n\u00fameros decimales. Aproximaciones de n\u00fameros decimales.<\/p>\n\n\n\n<p>Aplicaciones de los enteros y de las fracciones. El teorema de Pit\u00e1goras. Per\u00edmetros y \u00e1reas de figuras planas. Problemas que se resuelven haciendo uso de los enteros, de las fracciones y del teorema de Pit\u00e1goras y de las f\u00f3rmulas de per\u00edmetros y \u00e1reas de figuras planas.<\/p>\n<\/blockquote>\n\n\n\n<p class=\"has-medium-font-size\">Examen 11 &#8211; Examen 12 &#8211; <a href=\"https:\/\/1drv.ms\/b\/s!Aj6in--Gc43qhdoZJKhSVPJOJYMkWg?e=FKHqla\">Examen 13<\/a> &#8211; <a href=\"https:\/\/1drv.ms\/b\/s!Aj6in--Gc43qhdoXSheB4rWKVoVjiw?e=v5XuSw\">Examen 14<\/a> &#8211; <a href=\"https:\/\/1drv.ms\/b\/s!Aj6in--Gc43qhdoW1S8IM4RV4MOLMA?e=UMwwi2\">Examen 15<\/a><\/p>\n\n\n\n<blockquote class=\"wp-block-quote is-layout-flow wp-block-quote-is-layout-flow\">\n<p>Proporcionalidad directa e inversa. Porcentajes. Porcentajes de aumento porcentajes de descuento. Expresiones algebraicas. Valor num\u00e9rico de una expresi\u00f3n algebraica. Monomios. Operaciones con monomios. Ecuaciones de primer grado, incluso con par\u00e9ntesis y denominadores. Problemas que se resuelven planteando una ecuaci\u00f3n de primer grado.<\/p>\n<\/blockquote>\n\n\n\n<p class=\"has-medium-font-size\"><a href=\"https:\/\/1drv.ms\/b\/s!Aj6in--Gc43qhdoYcM85VchMXyK8QQ?e=kW5g9d\">Examen 16<\/a> &#8211; <a href=\"https:\/\/1drv.ms\/b\/s!Aj6in--Gc43qhdoVrHJ1kZXp6VXRjw?e=MrzgBC\">Examen 17<\/a> &#8211; <a href=\"https:\/\/1drv.ms\/b\/s!Aj6in--Gc43qhdoUvAFA83VFhuhcVg?e=TawxcV\">Examen 18<\/a> &#8211; <a href=\"https:\/\/1drv.ms\/b\/s!Aj6in--Gc43qhdoTWiPTOQRU-yV4VQ?e=Kyyidr\">Examen 19<\/a> &#8211; <a href=\"https:\/\/1drv.ms\/b\/s!Aj6in--Gc43qhdoSx4b8pChyKFHs8A?e=2Zk2u5\">Examen 20<\/a> &#8211; <a href=\"https:\/\/1drv.ms\/b\/s!Aj6in--Gc43qhdoRJwfYa95x-v1Ptw?e=PqsW8s\">Examen 21<\/a> &#8211; <a href=\"https:\/\/1drv.ms\/b\/s!Aj6in--Gc43qhdoQQou478ENl01WGw?e=DREjSp\">Examen 22<\/a> &#8211; <a href=\"https:\/\/1drv.ms\/b\/s!Aj6in--Gc43qhdoO5igf3VQAnxvIAA?e=lVZSL2\">Examen 23<\/a> &#8211; <a href=\"https:\/\/1drv.ms\/b\/s!Aj6in--Gc43qhdoPlN5e5LUOWy6U8Q?e=UmCbbk\">Examen 24<\/a> &#8211; <a href=\"https:\/\/1drv.ms\/b\/s!Aj6in--Gc43qhdoNV8ol6b5fKTcMqw?e=LmQSFP\">Examen 25<\/a> &#8211; <a href=\"https:\/\/1drv.ms\/b\/s!Aj6in--Gc43qhdoMZeuM-ZpgykLEIw?e=ceIr78\">Examen 26<\/a> &#8211; <a href=\"https:\/\/1drv.ms\/b\/s!Aj6in--Gc43qhdoLHhUNroKQRCZS2g?e=5UCMWI\">Examen 27<\/a> &#8211; <a href=\"https:\/\/1drv.ms\/b\/s!Aj6in--Gc43qhdoKpkgtyykcLZKV6A?e=FdTf7e\">Examen 28<\/a> &#8211; <a href=\"https:\/\/1drv.ms\/b\/s!Aj6in--Gc43qhdoJWU82o0RN2T5-Cg?e=TrktAH\">Examen 29<\/a> &#8211; <a href=\"https:\/\/1drv.ms\/b\/s!Aj6in--Gc43qhdoIo_a--XRsgOjtxQ?e=2tF6Ph\">Examen 30<\/a><\/p>\n\n\n\n<blockquote class=\"wp-block-quote is-layout-flow wp-block-quote-is-layout-flow\">\n<p>De todo un poco y ex\u00e1menes m\u00e1s antiguos.<\/p>\n<\/blockquote>\n","protected":false},"excerpt":{"rendered":"<p>Examen 1 &#8211; Examen 2 &#8211; Examen 3 &#8211; Examen 4 N\u00fameros naturales. Operaciones con n\u00fameros naturales. Potencias de base y exponente natural. Operaciones combinadas con n\u00fameros naturales. Operaciones con potencias de base y exponente natural. Problemas que requieren del uso de las operaciones con naturales. Divisibilidad. Relaci\u00f3n de divisibilidad. M\u00faltiplos y divisores. N\u00fameros primos. [&hellip;]<\/p>\n","protected":false},"author":1,"featured_media":0,"parent":0,"menu_order":0,"comment_status":"closed","ping_status":"closed","template":"","meta":{"footnotes":""},"class_list":["post-397","page","type-page","status-publish","hentry","post"],"_links":{"self":[{"href":"https:\/\/matematicastro.es\/index.php?rest_route=\/wp\/v2\/pages\/397","targetHints":{"allow":["GET"]}}],"collection":[{"href":"https:\/\/matematicastro.es\/index.php?rest_route=\/wp\/v2\/pages"}],"about":[{"href":"https:\/\/matematicastro.es\/index.php?rest_route=\/wp\/v2\/types\/page"}],"author":[{"embeddable":true,"href":"https:\/\/matematicastro.es\/index.php?rest_route=\/wp\/v2\/users\/1"}],"replies":[{"embeddable":true,"href":"https:\/\/matematicastro.es\/index.php?rest_route=%2Fwp%2Fv2%2Fcomments&post=397"}],"version-history":[{"count":28,"href":"https:\/\/matematicastro.es\/index.php?rest_route=\/wp\/v2\/pages\/397\/revisions"}],"predecessor-version":[{"id":3917,"href":"https:\/\/matematicastro.es\/index.php?rest_route=\/wp\/v2\/pages\/397\/revisions\/3917"}],"wp:attachment":[{"href":"https:\/\/matematicastro.es\/index.php?rest_route=%2Fwp%2Fv2%2Fmedia&parent=397"}],"curies":[{"name":"wp","href":"https:\/\/api.w.org\/{rel}","templated":true}]}}