{"id":3875,"date":"2025-03-22T17:22:04","date_gmt":"2025-03-22T16:22:04","guid":{"rendered":"https:\/\/matematicastro.es\/?page_id=3875"},"modified":"2025-03-22T17:22:04","modified_gmt":"2025-03-22T16:22:04","slug":"el-vacio-incolume","status":"publish","type":"page","link":"https:\/\/matematicastro.es\/?page_id=3875","title":{"rendered":"El vac\u00edo inc\u00f3lume"},"content":{"rendered":"\n<pre class=\"wp-block-verse\">A pesar de todo, todo es impreciso.<br>Imprecisa es tu sonrisa, lo es tu cadera y lo es todo.<br>O casi todo. <br>Y, naturalmente, todo es nada.<br>Es pr\u00e1cticamente lo mismo. <br>En cualquier caso habremos de recorrer senderos <br>para olvidar precisamente lo que somos, y re\u00edrnos.<br>De todo y de nada.<br>Temerosos vamos, ocult\u00e1ndonos. Olvido.<br>Realmente desconocemos nuestra misi\u00f3n aqu\u00ed. <br>Por eso recurrimos al olvido. <br>A la nada.<br>A este vac\u00edo primitivo e inc\u00f3lume que nos atrapa. <\/pre>\n","protected":false},"excerpt":{"rendered":"<p>A pesar de todo, todo es impreciso.Imprecisa es tu sonrisa, lo es tu cadera y lo es todo.O casi todo. Y, naturalmente, todo es nada.Es pr\u00e1cticamente lo mismo. En cualquier caso habremos de recorrer senderos para olvidar precisamente lo que somos, y re\u00edrnos.De todo y de nada.Temerosos vamos, ocult\u00e1ndonos. Olvido.Realmente desconocemos nuestra misi\u00f3n aqu\u00ed. Por [&hellip;]<\/p>\n","protected":false},"author":1,"featured_media":3876,"parent":0,"menu_order":0,"comment_status":"closed","ping_status":"closed","template":"","meta":{"footnotes":""},"class_list":["post-3875","page","type-page","status-publish","has-post-thumbnail","hentry","post","post-with-thumbnail","post-with-thumbnail-large"],"_links":{"self":[{"href":"https:\/\/matematicastro.es\/index.php?rest_route=\/wp\/v2\/pages\/3875","targetHints":{"allow":["GET"]}}],"collection":[{"href":"https:\/\/matematicastro.es\/index.php?rest_route=\/wp\/v2\/pages"}],"about":[{"href":"https:\/\/matematicastro.es\/index.php?rest_route=\/wp\/v2\/types\/page"}],"author":[{"embeddable":true,"href":"https:\/\/matematicastro.es\/index.php?rest_route=\/wp\/v2\/users\/1"}],"replies":[{"embeddable":true,"href":"https:\/\/matematicastro.es\/index.php?rest_route=%2Fwp%2Fv2%2Fcomments&post=3875"}],"version-history":[{"count":1,"href":"https:\/\/matematicastro.es\/index.php?rest_route=\/wp\/v2\/pages\/3875\/revisions"}],"predecessor-version":[{"id":3877,"href":"https:\/\/matematicastro.es\/index.php?rest_route=\/wp\/v2\/pages\/3875\/revisions\/3877"}],"wp:featuredmedia":[{"embeddable":true,"href":"https:\/\/matematicastro.es\/index.php?rest_route=\/wp\/v2\/media\/3876"}],"wp:attachment":[{"href":"https:\/\/matematicastro.es\/index.php?rest_route=%2Fwp%2Fv2%2Fmedia&parent=3875"}],"curies":[{"name":"wp","href":"https:\/\/api.w.org\/{rel}","templated":true}]}}