{"id":3821,"date":"2025-03-21T20:32:00","date_gmt":"2025-03-21T19:32:00","guid":{"rendered":"https:\/\/matematicastro.es\/?page_id=3821"},"modified":"2025-03-21T20:32:01","modified_gmt":"2025-03-21T19:32:01","slug":"no-hay-tiempo","status":"publish","type":"page","link":"https:\/\/matematicastro.es\/?page_id=3821","title":{"rendered":"No hay tiempo"},"content":{"rendered":"\n<pre class=\"wp-block-verse\">Tengo miedo de bostezar tantas veces<br>y pensar que mi vida, as\u00ed, se va acabando.<br>No quiero comenzar otra vez el hast\u00edo<br>donde t\u00fa seas el amor y yo la muerte.<br><br>No quiero acabar perdido,<br>ni quiero reemplazar de aqu\u00ed luces.<br>Tengo miedo de los andenes<br>y de que me atropelle el olvido.<br><br>Empezar\u00e9 de nuevo triunfante,<br>con ganas de acabar con muchas vidas.<br>Posiblemente acabe siendo la rep\u00fablica<br>donde verter todo lo que tuve de amante.<br><br>Ya no hay tiempo ni historia<br>donde escuchar agua tranquilos.<br>No quiero que t\u00fa otra vez escapes<br>y pases a formar parte de mi memoria.<\/pre>\n","protected":false},"excerpt":{"rendered":"<p>Tengo miedo de bostezar tantas vecesy pensar que mi vida, as\u00ed, se va acabando.No quiero comenzar otra vez el hast\u00edodonde t\u00fa seas el amor y yo la muerte.No quiero acabar perdido,ni quiero reemplazar de aqu\u00ed luces.Tengo miedo de los andenesy de que me atropelle el olvido.Empezar\u00e9 de nuevo triunfante,con ganas de acabar con muchas vidas.Posiblemente [&hellip;]<\/p>\n","protected":false},"author":1,"featured_media":3823,"parent":0,"menu_order":0,"comment_status":"closed","ping_status":"closed","template":"","meta":{"footnotes":""},"class_list":["post-3821","page","type-page","status-publish","has-post-thumbnail","hentry","post","post-with-thumbnail","post-with-thumbnail-large"],"_links":{"self":[{"href":"https:\/\/matematicastro.es\/index.php?rest_route=\/wp\/v2\/pages\/3821","targetHints":{"allow":["GET"]}}],"collection":[{"href":"https:\/\/matematicastro.es\/index.php?rest_route=\/wp\/v2\/pages"}],"about":[{"href":"https:\/\/matematicastro.es\/index.php?rest_route=\/wp\/v2\/types\/page"}],"author":[{"embeddable":true,"href":"https:\/\/matematicastro.es\/index.php?rest_route=\/wp\/v2\/users\/1"}],"replies":[{"embeddable":true,"href":"https:\/\/matematicastro.es\/index.php?rest_route=%2Fwp%2Fv2%2Fcomments&post=3821"}],"version-history":[{"count":1,"href":"https:\/\/matematicastro.es\/index.php?rest_route=\/wp\/v2\/pages\/3821\/revisions"}],"predecessor-version":[{"id":3824,"href":"https:\/\/matematicastro.es\/index.php?rest_route=\/wp\/v2\/pages\/3821\/revisions\/3824"}],"wp:featuredmedia":[{"embeddable":true,"href":"https:\/\/matematicastro.es\/index.php?rest_route=\/wp\/v2\/media\/3823"}],"wp:attachment":[{"href":"https:\/\/matematicastro.es\/index.php?rest_route=%2Fwp%2Fv2%2Fmedia&parent=3821"}],"curies":[{"name":"wp","href":"https:\/\/api.w.org\/{rel}","templated":true}]}}