{"id":3784,"date":"2025-03-21T15:02:06","date_gmt":"2025-03-21T14:02:06","guid":{"rendered":"https:\/\/matematicastro.es\/?page_id=3784"},"modified":"2025-03-21T15:02:07","modified_gmt":"2025-03-21T14:02:07","slug":"manana","status":"publish","type":"page","link":"https:\/\/matematicastro.es\/?page_id=3784","title":{"rendered":"Ma\u00f1ana"},"content":{"rendered":"\n<pre class=\"wp-block-verse\">Ma\u00f1ana habr\u00e1 labios<br>para desatar deseos.<br>Ma\u00f1ana habr\u00e1 razones<br>y habr\u00e1 tormentos.<br>Quiero darte abrazos<br>y acabar este juego,<br>quiero arrancar las mordazas<br>y taparte en el tiempo.<br>Son posibles los vasos,<br>los l\u00edquidos, los lamentos.<br>Dime que nunca est\u00e1s<br>para estar en mis sue\u00f1os.<br>Aqu\u00ed no hay nada,<br>todo es et\u00e9reo.<br>Quiero tus labios,<br>tus brazos, tus pechos.<br>Aqu\u00ed no hay nada m\u00e1s,<br>solo yo hambriento<br>buscando un rinc\u00f3n<br>donde enterrar el miedo<br>y resurgir airosos<br>para buscar tus besos.<\/pre>\n","protected":false},"excerpt":{"rendered":"<p>Ma\u00f1ana habr\u00e1 labiospara desatar deseos.Ma\u00f1ana habr\u00e1 razonesy habr\u00e1 tormentos.Quiero darte abrazosy acabar este juego,quiero arrancar las mordazasy taparte en el tiempo.Son posibles los vasos,los l\u00edquidos, los lamentos.Dime que nunca est\u00e1spara estar en mis sue\u00f1os.Aqu\u00ed no hay nada,todo es et\u00e9reo.Quiero tus labios,tus brazos, tus pechos.Aqu\u00ed no hay nada m\u00e1s,solo yo hambrientobuscando un rinc\u00f3ndonde enterrar el miedoy [&hellip;]<\/p>\n","protected":false},"author":1,"featured_media":3785,"parent":0,"menu_order":0,"comment_status":"closed","ping_status":"closed","template":"","meta":{"footnotes":""},"class_list":["post-3784","page","type-page","status-publish","has-post-thumbnail","hentry","post","post-with-thumbnail","post-with-thumbnail-large"],"_links":{"self":[{"href":"https:\/\/matematicastro.es\/index.php?rest_route=\/wp\/v2\/pages\/3784","targetHints":{"allow":["GET"]}}],"collection":[{"href":"https:\/\/matematicastro.es\/index.php?rest_route=\/wp\/v2\/pages"}],"about":[{"href":"https:\/\/matematicastro.es\/index.php?rest_route=\/wp\/v2\/types\/page"}],"author":[{"embeddable":true,"href":"https:\/\/matematicastro.es\/index.php?rest_route=\/wp\/v2\/users\/1"}],"replies":[{"embeddable":true,"href":"https:\/\/matematicastro.es\/index.php?rest_route=%2Fwp%2Fv2%2Fcomments&post=3784"}],"version-history":[{"count":1,"href":"https:\/\/matematicastro.es\/index.php?rest_route=\/wp\/v2\/pages\/3784\/revisions"}],"predecessor-version":[{"id":3786,"href":"https:\/\/matematicastro.es\/index.php?rest_route=\/wp\/v2\/pages\/3784\/revisions\/3786"}],"wp:featuredmedia":[{"embeddable":true,"href":"https:\/\/matematicastro.es\/index.php?rest_route=\/wp\/v2\/media\/3785"}],"wp:attachment":[{"href":"https:\/\/matematicastro.es\/index.php?rest_route=%2Fwp%2Fv2%2Fmedia&parent=3784"}],"curies":[{"name":"wp","href":"https:\/\/api.w.org\/{rel}","templated":true}]}}