{"id":3779,"date":"2025-03-21T14:54:34","date_gmt":"2025-03-21T13:54:34","guid":{"rendered":"https:\/\/matematicastro.es\/?page_id=3779"},"modified":"2025-03-21T20:01:59","modified_gmt":"2025-03-21T19:01:59","slug":"esta-noche","status":"publish","type":"page","link":"https:\/\/matematicastro.es\/?page_id=3779","title":{"rendered":"Esta noche"},"content":{"rendered":"\n<pre class=\"wp-block-verse\">Esta noche siento otra vez vida<br>y por estas desoladas calles razones de amor<br>para desterrar esta ya larga indiferencia.<br>Otra vez siento la necesidad<br>de que mi coraz\u00f3n arroje olas<br>donde no tragar lamentos.<br>Veo mi espacio ocupado por tus manos<br>y todav\u00eda no me he atrevido a probarlas.<br>Quiero pasar sobre ti con los poros abiertos<br>y arrancarte ferozmente la epidermis<br>en un abrazo cruzado de un presente<br>tan di\u00e1fano como oscuro y cierto.<br>Quiero lanzarme sobre tu boca muy despacio<br>y traspasar en visi\u00f3n doblada y ciega<br>la bah\u00eda de tus labios.<br><br>Esta noche sale otra vez fuera de m\u00ed<br>lo que estuvo oculto durante a\u00f1os.<br>Espero impaciente el brillo de tus ojos,<br>tu voz, tu pantal\u00f3n, tus zapatos.<br>Lejos, muy lejos se establece el deseo<br>y se extiende et\u00e9reo<br>vaciando lagunas por ti llenas.<br>Caigo en un estado de confuso placer<br>recordando butacas, fotogramas<br>y el roce de tu antebrazo.<br>Quiero permanecerte para no olvidarte,<br>leer en ti palabras de esperanza<br>y atajar una noche este silencio<br>para desatarnos del estelar lazo<br>que tanto nos une como nos separa. <br><\/pre>\n","protected":false},"excerpt":{"rendered":"<p>Esta noche siento otra vez viday por estas desoladas calles razones de amorpara desterrar esta ya larga indiferencia.Otra vez siento la necesidadde que mi coraz\u00f3n arroje olasdonde no tragar lamentos.Veo mi espacio ocupado por tus manosy todav\u00eda no me he atrevido a probarlas.Quiero pasar sobre ti con los poros abiertosy arrancarte ferozmente la epidermisen un [&hellip;]<\/p>\n","protected":false},"author":1,"featured_media":3806,"parent":0,"menu_order":0,"comment_status":"closed","ping_status":"closed","template":"","meta":{"footnotes":""},"class_list":["post-3779","page","type-page","status-publish","has-post-thumbnail","hentry","post","post-with-thumbnail","post-with-thumbnail-large"],"_links":{"self":[{"href":"https:\/\/matematicastro.es\/index.php?rest_route=\/wp\/v2\/pages\/3779","targetHints":{"allow":["GET"]}}],"collection":[{"href":"https:\/\/matematicastro.es\/index.php?rest_route=\/wp\/v2\/pages"}],"about":[{"href":"https:\/\/matematicastro.es\/index.php?rest_route=\/wp\/v2\/types\/page"}],"author":[{"embeddable":true,"href":"https:\/\/matematicastro.es\/index.php?rest_route=\/wp\/v2\/users\/1"}],"replies":[{"embeddable":true,"href":"https:\/\/matematicastro.es\/index.php?rest_route=%2Fwp%2Fv2%2Fcomments&post=3779"}],"version-history":[{"count":1,"href":"https:\/\/matematicastro.es\/index.php?rest_route=\/wp\/v2\/pages\/3779\/revisions"}],"predecessor-version":[{"id":3780,"href":"https:\/\/matematicastro.es\/index.php?rest_route=\/wp\/v2\/pages\/3779\/revisions\/3780"}],"wp:featuredmedia":[{"embeddable":true,"href":"https:\/\/matematicastro.es\/index.php?rest_route=\/wp\/v2\/media\/3806"}],"wp:attachment":[{"href":"https:\/\/matematicastro.es\/index.php?rest_route=%2Fwp%2Fv2%2Fmedia&parent=3779"}],"curies":[{"name":"wp","href":"https:\/\/api.w.org\/{rel}","templated":true}]}}