{"id":3341,"date":"2025-02-27T17:43:29","date_gmt":"2025-02-27T16:43:29","guid":{"rendered":"https:\/\/matematicastro.es\/?page_id=3341"},"modified":"2025-02-27T21:51:01","modified_gmt":"2025-02-27T20:51:01","slug":"ecuaciones-trigonometricas","status":"publish","type":"page","link":"https:\/\/matematicastro.es\/?page_id=3341","title":{"rendered":"Ecuaciones trigonom\u00e9tricas"},"content":{"rendered":"\n<p>Una <strong>ecuaci\u00f3n trigonom\u00e9trica<\/strong> es aquella en la que la inc\u00f3gnita est\u00e1 afectada por alguna raz\u00f3n trigonom\u00e9trica o, lo que es lo mismo, la inc\u00f3gnita se encuentra entre el argumento de alguna raz\u00f3n trigonom\u00e9trica.<\/p>\n\n\n\n<p>As\u00ed, la igualdad \\(\\cos x=\\frac{1}{2}\\) es una ecuaci\u00f3n trigonom\u00e9trica sencilla. La soluci\u00f3n ser\u00e1 el \u00e1ngulo cuyo coseno es \\(\\frac{1}{2}\\). Si consideramos que el \u00e1ngulo es menor que \\(360^{\\circ}\\) (primera vuelta), hay dos posibilidades, seg\u00fan que el \u00e1ngulo se encuentre en el primer o en el cuarto cuadrante: \\(x=60^{\\circ}\\), \\(x=300^{\\circ}\\) (el coseno es positivo en el primer cuadrante y en el cuarto cuadrante).<\/p>\n\n\n\n<p>En algunas ecuaciones trigonom\u00e9tricas habr\u00e1 que hacer uso de las f\u00f3rmulas trigonom\u00e9tricas para resolverlas. En general, para resolver una ecuaci\u00f3n trigonom\u00e9trica lo que hemos de conseguir es transformarla en otra ecuaci\u00f3n equivalente en la que solamente aparezca una raz\u00f3n trigonom\u00e9trica. A partir de ah\u00ed puede que todo sea m\u00e1s sencillo. <\/p>\n\n\n\n<p>Tambi\u00e9n es conveniente tener en cuenta estas dos relaciones (\u00a1pi\u00e9nsalas!):<\/p>\n\n\n\n<p>$$\\text{sen}\\,x=\\cos x\\Leftrightarrow \\begin{cases} x=45^{\\circ} \\\\x=225^{\\circ} \\end{cases}\\quad;\\quad-\\text{sen}\\,x=\\cos x\\Leftrightarrow \\begin{cases} x=135^{\\circ} \\\\x=315^{\\circ} \\end{cases}$$<\/p>\n\n\n\n<p>Vamos a hacer algunas ecuaciones trigonom\u00e9tricas como ejemplo. En todas ellas daremos la soluci\u00f3n o soluciones correspondientes a la primera vuelta, es decir, entre $0^{\\circ}$ y $360^{\\circ}$.<\/p>\n\n\n\n<p class=\"has-black-color has-text-color has-link-color wp-elements-227bab424e7c71ef2ce7b4f702263b8a\"><strong>1)<\/strong> $\\cos^2x-3\\cos x+2=0$<\/p>\n\n\n\n<details class=\"wp-block-details has-background is-layout-flow wp-block-details-is-layout-flow\" style=\"background-color:#8dfc9a30\"><summary>Soluci\u00f3n<\/summary>\n<p>En este ejemplo la ecuaci\u00f3n trigonom\u00e9trica equivale a una ecuaci\u00f3n de segundo grado. Haciendo \\(\\cos x=z\\), la ecuaci\u00f3n anterior se transforma en \\(z^2-3z+2=0\\), cuyas soluciones son \\(z=1\\) y \\(z=2\\). Por tanto \\(\\cos x=1\\) y \\(\\cos x=2\\). La ecuaci\u00f3n \\(\\cos x=2\\) no proporciona soluciones pues el coseno de un \u00e1ngulo se encuentra siempre entre \\(-1\\) y \\(1\\). Si \\(\\cos x=1\\), entonces \\(x=0^{\\circ}\\), que es la soluci\u00f3n de la ecuaci\u00f3n.<\/p>\n\n\n\n<hr style=\"border: none; height: 1px; background-color: green;\">\n<\/details>\n\n\n\n<p class=\"has-black-color has-text-color has-link-color wp-elements-175258f992d8719551077118c2e4cb15\"><strong>2)<\/strong> $\\text{sen}\\,x+\\cos x=1$<\/p>\n\n\n\n<details class=\"wp-block-details has-background is-layout-flow wp-block-details-is-layout-flow\" style=\"background-color:#8dfc9a30\"><summary>Soluci\u00f3n<\/summary>\n<p>De la f\u00f3rmula fundamental de la trigonometr\u00eda, \\(\\text{sen}^2\\,x+\\cos^2x=1\\), se deduce que \\(\\text{sen}\\, x=\\sqrt{1-\\cos^2x}\\) y de aqu\u00ed:<\/p>\n\n\n\n<p>$\\text{sen}\\, x+\\cos x=1\\Rightarrow\\text{sen}\\, x=1-\\cos x\\Rightarrow\\sqrt{1-\\cos^2x}=1-\\cos x$<\/p>\n\n\n\n<p>Ahora, elevando los dos miembros al cuadrado:<\/p>\n\n\n\n<p>$1-\\cos^2x=1-2\\cos x+\\cos^2x\\Rightarrow 2\\cos^2x-2\\cos x=0\\Rightarrow$<\/p>\n\n\n\n<p>$\\Rightarrow2\\cos x(\\cos x-1)=0\\Rightarrow\\begin{cases}\\cos x=0\\\\cos x =1\\end{cases}\\Rightarrow\\begin{cases}x=90^{\\circ}\\\\x=270^{\\circ}\\\\x=0^{\\circ}\\end{cases}$<\/p>\n\n\n\n<p>La soluci\u00f3n \\(x=270^{\\circ}\\) hay que descartarla porque no cumple la ecuaci\u00f3n original, ya que \\(\\text{sen}\\, 270^{\\circ}=-1\\) y entonces, sustituyendo, ser\u00eda $-1+\\cos 270^{\\circ}=1$, con lo que $\\cos 270^{\\circ}=2$, que es una contradicci\u00f3n, porque el coseno siempre se encuentra entre $-1$ y $1$.<\/p>\n\n\n\n<hr class=\"wp-block-separator has-alpha-channel-opacity\"\/>\n\n\n\n<p>Otra forma de resolver esta ecuaci\u00f3n es elevar directamente los dos miembros al cuadrado:<\/p>\n\n\n\n<p>$(\\text{sen}\\, x+\\cos x)^2=1^2\\Rightarrow \\text{sen}^2\\,x+2\\text{sen}\\, x\\cos x+\\cos^2x=1\\Rightarrow$<\/p>\n\n\n\n<p>$\\Rightarrow2\\text{sen}\\, x\\cos x+1=1\\Rightarrow2\\text{sen}\\, x\\cos x=0$<\/p>\n\n\n\n<p>Ahora usando la f\u00f3rmula del seno del \u00e1ngulo doble, $\\text{sen}\\, 2x=2\\text{sen}\\, x\\cos x$, tenemos:<\/p>\n\n\n\n<p>$\\text{sen}\\, 2x=0\\Rightarrow\\begin{cases} 2x=0^{\\circ}\\\\2x=180^{\\circ}\\end{cases}\\Rightarrow\\begin{cases}x=0^{\\circ}\\\\x=90^{\\circ}\\end{cases}$<\/p>\n\n\n\n<hr style=\"border: none; height: 1px; background-color: green;\">\n<\/details>\n\n\n\n<p class=\"has-black-color has-text-color has-link-color wp-elements-ad4f40f5741b701831f90f0bd87174fe\"><strong>3)<\/strong> $\\displaystyle 1=\\frac{\\text{sen}\\,2x}{2}+\\cos^2x$<\/p>\n\n\n\n<details class=\"wp-block-details has-background is-layout-flow wp-block-details-is-layout-flow\" style=\"background-color:#8dfc9a30\"><summary>Soluci\u00f3n<\/summary>\n<p>Haciendo uso de la f\u00f3rmula del seno del \u00e1ngulo doble, \\(\\text{sen}\\,2x=2\\text{sen}\\,x\\cos x\\), tenemos:<\/p>\n\n\n\n<p>$\\displaystyle1=\\frac{2\\text{sen}\\,x\\cos x}{2}+\\cos^2x\\Rightarrow1=\\text{sen}\\,x\\cos x+\\cos^2x\\Rightarrow1-\\cos^2x-\\text{sen}\\,x\\cos x=0$<\/p>\n\n\n\n<p>De la f\u00f3rmula fundamental de la trigonometr\u00eda, $\\text{sen}^2\\,x+\\cos^2x=1$, se deduce que $1-\\cos^2x=\\text{sen}\\,^2x$. Entonces:<\/p>\n\n\n\n<p>$\\text{sen}^2\\,x-\\text{sen}\\,x\\cos x=0\\Rightarrow\\text{sen}\\, x(\\text{sen}\\,x-\\cos x)\\Rightarrow\\begin{cases}\\text{sen}\\,x=0\\\\ \\text{sen}\\, x=\\cos x\\end{cases}$<\/p>\n\n\n\n<p>Si \\(\\text{sen}\\, x=0\\), entonces \\(x=0^{\\circ}\\) y \\(x=180^{\\circ}\\).<\/p>\n\n\n\n<p>Si \\(\\text{sen}\\,x=\\cos x\\), entonces \\(x=45^{\\circ}\\) y \\(x=225^{\\circ}\\) (recuerda que si el seno de un \u00e1ngulo es igual que su coseno, el \u00e1ngulo es $45^{\\circ}$, o bien $225^{\\circ}$).<\/p>\n\n\n\n<hr style=\"border: none; height: 1px; background-color: green;\">\n<\/details>\n\n\n\n<p class=\"has-black-color has-text-color has-link-color wp-elements-826e27e4501335b73915ec5c6178d86b\"><strong>4)<\/strong> $\\displaystyle\\text{sen}^2\\,x=\\frac{3(1-\\cos x)}{2}$<\/p>\n\n\n\n<details class=\"wp-block-details has-background is-layout-flow wp-block-details-is-layout-flow\" style=\"background-color:#8dfc9a30\"><summary>Soluci\u00f3n<\/summary>\n<p>Multiplicando por \\(2\\) y haciendo uso de la f\u00f3rmula fundamental de la trigonometr\u00eda tenemos:<\/p>\n\n\n\n<p>$2(1-\\cos^2x)=3(1-\\cos x)\\Rightarrow 2-2\\cos^2x=3-3\\cos x\\Rightarrow 2\\cos^2x-3\\cos x+1=0$<\/p>\n\n\n\n<p>Resolviendo la ecuaci\u00f3n de segundo grado:<\/p>\n\n\n\n<p>$\\displaystyle\\cos x=\\frac{3\\pm\\sqrt{9-8}}{4}=\\frac{3\\pm1}{4}\\Rightarrow\\begin{cases}  \\cos x=1\\\\  \\cos x=\\frac{1}{2}\\end{cases}\\Rightarrow\\begin{cases}x=0^{\\circ}\\\\ x=60^{\\circ}\\\\ x=300^{\\circ}\\end{cases}$<\/p>\n\n\n\n<hr style=\"border: none; height: 1px; background-color: green;\">\n<\/details>\n\n\n\n<p class=\"has-black-color has-text-color has-link-color wp-elements-45899f310ca6a917920bbd783dc810d6\"><strong>5)<\/strong> $\\text{sen}\\, 3x-\\cos 3x=\\text{sen}\\, x-\\cos x$<\/p>\n\n\n\n<details class=\"wp-block-details has-background is-layout-flow wp-block-details-is-layout-flow\" style=\"background-color:#8dfc9a30\"><summary>Soluci\u00f3n<\/summary>\n<p>Para resolver esta ecuaci\u00f3n vamos a recurrir a la transformaci\u00f3n de sumas y restas en productos (nos referimos a las cuatro \u00faltimas f\u00f3rmulas de la <a href=\"https:\/\/1drv.ms\/b\/s!Aj6in--Gc43qh78Gi3xI73VewXHW7Q?e=Ki0XJa\" data-type=\"link\" data-id=\"https:\/\/1drv.ms\/b\/s!Aj6in--Gc43qh78Gi3xI73VewXHW7Q?e=Ki0XJa\" target=\"_blank\" rel=\"noreferrer noopener\">relaci\u00f3n de f\u00f3rmulas trigonom\u00e9tricas<\/a>).<\/p>\n\n\n\n<p>$\\displaystyle\\text{sen}\\, 3x-\\cos 3x=\\text{sen}\\, x-\\cos x\\Rightarrow \\text{sen}\\, 3x-\\text{sen}\\, x=\\cos 3x-\\cos x\\Rightarrow$<\/p>\n\n\n\n<p>$\\Rightarrow 2\\,\\cos2x\\,\\text{sen}\\, x=-2\\,\\text{sen}\\,2x\\,\\text{sen}\\, x\\Rightarrow 2\\,\\cos2x\\,\\text{sen}\\, x+2\\,\\text{sen}\\,2x\\,\\text{sen}\\, x=0\\Rightarrow$<\/p>\n\n\n\n<p>$\\Rightarrow 2\\text{sen}\\, x(\\cos2x+\\text{sen}\\,2x)=0\\Rightarrow\\begin{cases}\\text{sen}\\, x=0\\\\ \\cos2x=-\\text{sen}\\,2x\\end{cases}\\Rightarrow$<\/p>\n\n\n\n<p>$\\Rightarrow\\begin{cases}x=0^{\\circ}\\\\x=180^{\\circ}\\\\2x=135^{\\circ}\\\\2x=315^{\\circ}\\end{cases}\\Rightarrow\\begin{cases}x=0^{\\circ}\\\\x=180^{\\circ}\\\\x=67,5^{\\circ}\\\\x=157,5^{\\circ}\\end{cases}$<\/p>\n\n\n\n<hr style=\"border: none; height: 1px; background-color: green;\">\n<\/details>\n","protected":false},"excerpt":{"rendered":"<p>Una ecuaci\u00f3n trigonom\u00e9trica es aquella en la que la inc\u00f3gnita est\u00e1 afectada por alguna raz\u00f3n trigonom\u00e9trica o, lo que es lo mismo, la inc\u00f3gnita se encuentra entre el argumento de alguna raz\u00f3n trigonom\u00e9trica. As\u00ed, la igualdad \\(\\cos x=\\frac{1}{2}\\) es una ecuaci\u00f3n trigonom\u00e9trica sencilla. La soluci\u00f3n ser\u00e1 el \u00e1ngulo cuyo coseno es \\(\\frac{1}{2}\\). Si consideramos que [&hellip;]<\/p>\n","protected":false},"author":1,"featured_media":0,"parent":0,"menu_order":0,"comment_status":"closed","ping_status":"closed","template":"","meta":{"footnotes":""},"class_list":["post-3341","page","type-page","status-publish","hentry","post"],"_links":{"self":[{"href":"https:\/\/matematicastro.es\/index.php?rest_route=\/wp\/v2\/pages\/3341","targetHints":{"allow":["GET"]}}],"collection":[{"href":"https:\/\/matematicastro.es\/index.php?rest_route=\/wp\/v2\/pages"}],"about":[{"href":"https:\/\/matematicastro.es\/index.php?rest_route=\/wp\/v2\/types\/page"}],"author":[{"embeddable":true,"href":"https:\/\/matematicastro.es\/index.php?rest_route=\/wp\/v2\/users\/1"}],"replies":[{"embeddable":true,"href":"https:\/\/matematicastro.es\/index.php?rest_route=%2Fwp%2Fv2%2Fcomments&post=3341"}],"version-history":[{"count":37,"href":"https:\/\/matematicastro.es\/index.php?rest_route=\/wp\/v2\/pages\/3341\/revisions"}],"predecessor-version":[{"id":3443,"href":"https:\/\/matematicastro.es\/index.php?rest_route=\/wp\/v2\/pages\/3341\/revisions\/3443"}],"wp:attachment":[{"href":"https:\/\/matematicastro.es\/index.php?rest_route=%2Fwp%2Fv2%2Fmedia&parent=3341"}],"curies":[{"name":"wp","href":"https:\/\/api.w.org\/{rel}","templated":true}]}}