{"id":3335,"date":"2025-02-27T14:42:32","date_gmt":"2025-02-27T13:42:32","guid":{"rendered":"https:\/\/matematicastro.es\/?page_id=3335"},"modified":"2025-03-10T21:34:44","modified_gmt":"2025-03-10T20:34:44","slug":"apuntes-matematicas-i-1o-de-bachillerato","status":"publish","type":"page","link":"https:\/\/matematicastro.es\/?page_id=3335","title":{"rendered":"Apuntes Matem\u00e1ticas I (1\u00ba de Bachillerato)"},"content":{"rendered":"\n<p class=\"has-medium-font-size\"><strong><a href=\"https:\/\/1drv.ms\/b\/s!Aj6in--Gc43qh78Gi3xI73VewXHW7Q?e=JRBodD\" target=\"_blank\" rel=\"noreferrer noopener\">F\u00f3rmulas trigonom\u00e9tricas<\/a><\/strong> (este formulario se puede llevar a los ex\u00e1menes)<\/p>\n\n\n\n<p class=\"has-medium-font-size\"><strong><a href=\"https:\/\/matematicastro.es\/?p=3300\" data-type=\"link\" data-id=\"https:\/\/matematicastro.es\/?p=3300\" target=\"_blank\" rel=\"noreferrer noopener\">Expresiones, identidades y ecuaciones trigonom\u00e9tricas<\/a><\/strong><\/p>\n\n\n\n<p class=\"has-medium-font-size\"><strong><a href=\"https:\/\/matematicastro.es\/?p=3514\" data-type=\"link\" data-id=\"https:\/\/matematicastro.es\/?p=3514\" target=\"_blank\" rel=\"noreferrer noopener\">La ecuaci\u00f3n lineal de primer grado con dos inc\u00f3gnitas. La recta en el plano af\u00edn<\/a><\/strong><\/p>\n","protected":false},"excerpt":{"rendered":"<p>F\u00f3rmulas trigonom\u00e9tricas (este formulario se puede llevar a los ex\u00e1menes) Expresiones, identidades y ecuaciones trigonom\u00e9tricas La ecuaci\u00f3n lineal de primer grado con dos inc\u00f3gnitas. La recta en el plano af\u00edn<\/p>\n","protected":false},"author":1,"featured_media":0,"parent":0,"menu_order":0,"comment_status":"closed","ping_status":"closed","template":"","meta":{"footnotes":""},"class_list":["post-3335","page","type-page","status-publish","hentry","post"],"_links":{"self":[{"href":"https:\/\/matematicastro.es\/index.php?rest_route=\/wp\/v2\/pages\/3335","targetHints":{"allow":["GET"]}}],"collection":[{"href":"https:\/\/matematicastro.es\/index.php?rest_route=\/wp\/v2\/pages"}],"about":[{"href":"https:\/\/matematicastro.es\/index.php?rest_route=\/wp\/v2\/types\/page"}],"author":[{"embeddable":true,"href":"https:\/\/matematicastro.es\/index.php?rest_route=\/wp\/v2\/users\/1"}],"replies":[{"embeddable":true,"href":"https:\/\/matematicastro.es\/index.php?rest_route=%2Fwp%2Fv2%2Fcomments&post=3335"}],"version-history":[{"count":3,"href":"https:\/\/matematicastro.es\/index.php?rest_route=\/wp\/v2\/pages\/3335\/revisions"}],"predecessor-version":[{"id":3580,"href":"https:\/\/matematicastro.es\/index.php?rest_route=\/wp\/v2\/pages\/3335\/revisions\/3580"}],"wp:attachment":[{"href":"https:\/\/matematicastro.es\/index.php?rest_route=%2Fwp%2Fv2%2Fmedia&parent=3335"}],"curies":[{"name":"wp","href":"https:\/\/api.w.org\/{rel}","templated":true}]}}