{"id":3149,"date":"2025-02-23T23:08:44","date_gmt":"2025-02-23T22:08:44","guid":{"rendered":"https:\/\/matematicastro.es\/?page_id=3149"},"modified":"2025-03-12T10:49:53","modified_gmt":"2025-03-12T09:49:53","slug":"apuntes-matematicas-ii-2o-bachilelrato","status":"publish","type":"page","link":"https:\/\/matematicastro.es\/?page_id=3149","title":{"rendered":"Apuntes (Matem\u00e1ticas II &#8211; 2\u00ba  Bachilelrato)"},"content":{"rendered":"\n<ul class=\"wp-block-list\">\n<li><strong><strong><a href=\"https:\/\/matematicastro.es\/?p=2825\" data-type=\"link\" data-id=\"https:\/\/matematicastro.es\/?p=2825\" target=\"_blank\" rel=\"noreferrer noopener\">C\u00e1lculo de inversas de matrices de orden 3<\/a><\/strong><\/strong><\/li>\n\n\n\n<li><strong><strong><a href=\"https:\/\/matematicastro.es\/?p=2867\" data-type=\"link\" data-id=\"https:\/\/matematicastro.es\/?p=2867\" target=\"_blank\" rel=\"noreferrer noopener\">Ecuaciones matriciales<\/a><\/strong><\/strong><\/li>\n\n\n\n<li><strong><a href=\"https:\/\/matematicastro.es\/?p=3223\" data-type=\"link\" data-id=\"https:\/\/matematicastro.es\/?p=3223\" target=\"_blank\" rel=\"noreferrer noopener\">Determinantes<\/a><\/strong><\/li>\n\n\n\n<li><strong><a href=\"https:\/\/matematicastro.es\/?p=3105\" data-type=\"link\" data-id=\"https:\/\/matematicastro.es\/?p=3105\" target=\"_blank\" rel=\"noreferrer noopener\">Rango de una matriz por determinantes<\/a><\/strong><\/li>\n\n\n\n<li><a href=\"https:\/\/matematicastro.es\/?p=3514\" data-type=\"link\" data-id=\"https:\/\/matematicastro.es\/?p=3514\" target=\"_blank\" rel=\"noreferrer noopener\"><strong>La ecuaci\u00f3n lineal de primer grado con dos inc\u00f3gnitas. La recta en el plano af\u00edn<\/strong><\/a><\/li>\n\n\n\n<li><strong><a href=\"https:\/\/matematicastro.es\/?p=3625\" data-type=\"link\" data-id=\"https:\/\/matematicastro.es\/?p=3625\" target=\"_blank\" rel=\"noreferrer noopener\">Sistemas de dos ecuaciones lineales de primer grado con dos inc\u00f3gnitas<\/a><\/strong><\/li>\n\n\n\n<li><strong><a href=\"https:\/\/matematicastro.es\/?p=3581\" data-type=\"link\" data-id=\"https:\/\/matematicastro.es\/?p=3581\" target=\"_blank\" rel=\"noreferrer noopener\">La ecuaci\u00f3n lineal de primer grado con tres inc\u00f3gnitas. El plano en el espacio af\u00edn<\/a><\/strong><\/li>\n\n\n\n<li><strong><a href=\"https:\/\/matematicastro.es\/?p=3739\" data-type=\"link\" data-id=\"https:\/\/matematicastro.es\/?p=3739\" target=\"_blank\" rel=\"noreferrer noopener\">La regla de Cramer<\/a><\/strong><\/li>\n\n\n\n<li><strong><a href=\"https:\/\/matematicastro.es\/?p=3709\" data-type=\"link\" data-id=\"https:\/\/matematicastro.es\/?p=3709\" target=\"_blank\" rel=\"noreferrer noopener\">Sistemas de dos ecuaciones lineales de primer grado con tres inc\u00f3gnitas<\/a><\/strong><\/li>\n<\/ul>\n","protected":false},"excerpt":{"rendered":"","protected":false},"author":1,"featured_media":0,"parent":0,"menu_order":0,"comment_status":"closed","ping_status":"closed","template":"","meta":{"footnotes":""},"class_list":["post-3149","page","type-page","status-publish","hentry","post"],"_links":{"self":[{"href":"https:\/\/matematicastro.es\/index.php?rest_route=\/wp\/v2\/pages\/3149","targetHints":{"allow":["GET"]}}],"collection":[{"href":"https:\/\/matematicastro.es\/index.php?rest_route=\/wp\/v2\/pages"}],"about":[{"href":"https:\/\/matematicastro.es\/index.php?rest_route=\/wp\/v2\/types\/page"}],"author":[{"embeddable":true,"href":"https:\/\/matematicastro.es\/index.php?rest_route=\/wp\/v2\/users\/1"}],"replies":[{"embeddable":true,"href":"https:\/\/matematicastro.es\/index.php?rest_route=%2Fwp%2Fv2%2Fcomments&post=3149"}],"version-history":[{"count":10,"href":"https:\/\/matematicastro.es\/index.php?rest_route=\/wp\/v2\/pages\/3149\/revisions"}],"predecessor-version":[{"id":3770,"href":"https:\/\/matematicastro.es\/index.php?rest_route=\/wp\/v2\/pages\/3149\/revisions\/3770"}],"wp:attachment":[{"href":"https:\/\/matematicastro.es\/index.php?rest_route=%2Fwp%2Fv2%2Fmedia&parent=3149"}],"curies":[{"name":"wp","href":"https:\/\/api.w.org\/{rel}","templated":true}]}}