{"id":2479,"date":"2024-07-09T14:45:28","date_gmt":"2024-07-09T12:45:28","guid":{"rendered":"https:\/\/matematicastro.es\/?page_id=2479"},"modified":"2024-07-10T12:55:53","modified_gmt":"2024-07-10T10:55:53","slug":"lugares-y-suenos-suenos-y-lugares","status":"publish","type":"page","link":"https:\/\/matematicastro.es\/?page_id=2479","title":{"rendered":"Lugares y sue\u00f1os, sue\u00f1os y lugares"},"content":{"rendered":"\n<pre class=\"wp-block-verse\">Las im\u00e1genes que aparecen en los sue\u00f1os se empe\u00f1an en recorrer de cuando en cuando los mismos lugares. Aquellos lugares conocidos pero olvidados que se llenan de una aureola casi m\u00e1gica, que se deforman abigarrados como sabiendo que son ellos, pero no queriendo parecerlo, para aparecer y escapar a un tiempo mientras se impregnan de grandes dosis de fantas\u00eda oculta y revelada en ese estado donde la vida es una segunda parte que nos espera en el lecho.<br><br>Salgo despedido de una escena cuya protagonista es una v\u00eda entra\u00f1ablemente antigua, demoledoramente extra\u00f1a y conocida, para aparecer repentinamente frente a la ventana enmarcada de verde y ver detr\u00e1s una figura que me mira sonriente mientras dobla la ropa. Entro en la casa y subo las escaleras. A la derecha mi dormitorio. Me tumbo en la cama y duermo y aparezco en las cercan\u00edas enganchado de X, que me lleva cogido por el hombro mientras recorremos convencidos el sendero de tierra que bordea los patios. Despierto en otro lugar y siento la presencia de la mujer en la otra habitaci\u00f3n. Respira profundamente, tranquila y segura. Y salgo otra vez despedido, esta vez al volante, atravesando largas rectas, dejando atr\u00e1s sinuosos cruces y entrando finalmente en el callej\u00f3n. Hay mucha gente y me abro paso, incluso apartando a puntapi\u00e9s sillas y banquetas. Doblo la esquina y entro sin pensarlo en el tugurio, que son varios tugurios a la vez, hasta que subo por uno de ellos buscando un lugar donde aliviar mi sed, tras la mirada c\u00f3mplice del tabernero. Entonces, sin haberlos visto antes, me interceptan y me saludan a empellones varios conocidos que se alegran de comprobar que estoy all\u00ed. De saber que he vuelto.<\/pre>\n","protected":false},"excerpt":{"rendered":"<p>Las im\u00e1genes que aparecen en los sue\u00f1os se empe\u00f1an en recorrer de cuando en cuando los mismos lugares. Aquellos lugares conocidos pero olvidados que se llenan de una aureola casi m\u00e1gica, que se deforman abigarrados como sabiendo que son ellos, pero no queriendo parecerlo, para aparecer y escapar a un tiempo mientras se impregnan de [&hellip;]<\/p>\n","protected":false},"author":1,"featured_media":2480,"parent":0,"menu_order":0,"comment_status":"closed","ping_status":"closed","template":"","meta":{"footnotes":""},"class_list":["post-2479","page","type-page","status-publish","has-post-thumbnail","hentry","post","post-with-thumbnail","post-with-thumbnail-large"],"_links":{"self":[{"href":"https:\/\/matematicastro.es\/index.php?rest_route=\/wp\/v2\/pages\/2479","targetHints":{"allow":["GET"]}}],"collection":[{"href":"https:\/\/matematicastro.es\/index.php?rest_route=\/wp\/v2\/pages"}],"about":[{"href":"https:\/\/matematicastro.es\/index.php?rest_route=\/wp\/v2\/types\/page"}],"author":[{"embeddable":true,"href":"https:\/\/matematicastro.es\/index.php?rest_route=\/wp\/v2\/users\/1"}],"replies":[{"embeddable":true,"href":"https:\/\/matematicastro.es\/index.php?rest_route=%2Fwp%2Fv2%2Fcomments&post=2479"}],"version-history":[{"count":1,"href":"https:\/\/matematicastro.es\/index.php?rest_route=\/wp\/v2\/pages\/2479\/revisions"}],"predecessor-version":[{"id":2481,"href":"https:\/\/matematicastro.es\/index.php?rest_route=\/wp\/v2\/pages\/2479\/revisions\/2481"}],"wp:featuredmedia":[{"embeddable":true,"href":"https:\/\/matematicastro.es\/index.php?rest_route=\/wp\/v2\/media\/2480"}],"wp:attachment":[{"href":"https:\/\/matematicastro.es\/index.php?rest_route=%2Fwp%2Fv2%2Fmedia&parent=2479"}],"curies":[{"name":"wp","href":"https:\/\/api.w.org\/{rel}","templated":true}]}}