{"id":2447,"date":"2024-07-09T14:03:09","date_gmt":"2024-07-09T12:03:09","guid":{"rendered":"https:\/\/matematicastro.es\/?page_id=2447"},"modified":"2025-03-07T14:51:48","modified_gmt":"2025-03-07T13:51:48","slug":"in-vitro","status":"publish","type":"page","link":"https:\/\/matematicastro.es\/?page_id=2447","title":{"rendered":"In vitro"},"content":{"rendered":"\n<pre class=\"wp-block-verse\">Robados pues los sue\u00f1os de su vientre<br>viniste ya vol\u00e1til, m\u00e1s bien muerto.<br>Ingente duda donde se concentre<br>el agua en las d\u00e1rsenas del puerto.<br><br>Destino de los mundos m\u00e1s lejanos,<br>lujuria desva\u00edda e imprecisa<br>posada entre suaves cirujanos,<br>que fuiste ni trasunto ni premisa.<br><br>Paciencia desarmada e impotente,<br>camino de aridez rala y confusa<br>la espera lacrim\u00f3gena y doliente,<br>rapaz fecundaci\u00f3n de ciencia infusa.<br><br>Maldito nimbo oscuro que repele<br>las l\u00e1nguidas cavernas y los mantos.<br>Oscuro af\u00e1n de tierra que nos duele,<br>remotas las ant\u00edfonas de santos.<br><br>Ya puedes escapar sobre la nube,<br>sonora ingravidez definitiva.<br>Ya puedes aclamar a quien te sube,<br>mi esp\u00edritu va roto a la deriva.<br><br>Abortos contra\u00eddos con papeles,<br>abortos que fecundan los subsuelos.<br>Aborto que te quiero con laureles<br>de vida que se rompe en mis desvelos.<br><br>Mujer que ajada llora, que no entiende<br>por qu\u00e9 se roba el mundo y la tiniebla<br>perenne de su n\u00facleo no trasciende<br>tras este mar de agujas y de niebla.<br><br>Las cl\u00ednicas florecen por las calles,<br>ahora le fecundan mientras duerme;<br>ahora te reducen a detalles,<br>silencio de un camino tan inerme\u2026<br><br>La vida, \u00bfd\u00f3nde est\u00e1?, \u00bfd\u00f3nde mi vida?<br>Alzar este reto\u00f1o en las cloacas<br>har\u00e1 de ti, de m\u00ed, una partida<br>con lazos, con trincheras, con estacas.<br><br>Y entonces se pondr\u00e1n patas arriba<br>los zulos, las cavernas y los santos.<br>Y yo ser\u00e9 el canal y aquella criba<br>sumida de cenizas entre tantos.<br><br>Est\u00e1n los dos gametos pululando<br>por esa habitaci\u00f3n, entre cristales<br>batalla por la vida comenzando<br>la b\u00fasqueda de embriones parentales.<br><br>Y mientras las mujeres que angustiadas,<br>buscando cercenar funesto estado<br>van llenas de aprensi\u00f3n y atribuladas,<br>\u00bfpor d\u00f3nde mi reto\u00f1o tan amado?<br><br>Y mientras regalado es terminar<br>las vidas ya reci\u00e9n han comenzado,<br>dif\u00edcil es mi cr\u00e9dito eliminar<br>en lucha por la vida apasionado.<br><br>No pido sin embargo caridad,<br>ni objeto ser de l\u00e1stimas o penas.<br>Yo quiero la justicia, la equidad,<br>huir de ejecuciones y condenas.<br><br>El cielo oculta ufano su sonrisa;<br>nosotros, como amantes tan ligeros,<br>alzamos nuestras manos y la brisa<br>nos toma los esp\u00edritus enteros.<br><br>El alma nos destruye, compa\u00f1era;<br>pensamos que vendr\u00e1n tras nuestras \u00e1nimas<br>consuelo y la agradable primavera<br>tapando los hast\u00edos y las l\u00e1grimas.<br><br>Se abren sin embargo las heridas,<br>jam\u00e1s aquel agravio cicatriza.<br>El alma nos agita las salidas<br>y nunca nuestra huida finaliza.<br><br>As\u00ed de inapelable se nos muestra<br>aquella la raz\u00f3n por que existimos.<br>Funesta trascendencia que secuestra<br>la vida que con gozo perseguimos.<br><br>Hostil en grado sumo la avaricia<br>presenta multitud de divisiones.<br>Yo busco solamente una caricia<br>que inunde de humildad los corazones.<br><br>Yo pido a los estados que no importe<br>ni un c\u00e9ntimo la b\u00fasqueda de vida,<br>igual que fugaz se hace un pasaporte<br>ajando con crueldad la bienvenida.<br><br>Mi vida est\u00e1 en un t\u00famulo olvidado;<br>su vida toma un rumbo de cenizas.<br>Estamos en momento denostado,<br>me atrapan entidades y balizas.<br><br>\u00bfPor qu\u00e9 dejar el viento? \u00c9l es culpable<br>de sue\u00f1os, de lamentos que finitos<br>inundan la verdad clara, palpable;<br>raz\u00f3n cual proteger a los proscritos.<br><br>\u00bfPor qu\u00e9 vienen las almas entre mares?<br>Reto\u00f1o que esculpir por las bah\u00edas.<br>No es frente que se pierda entre estos lares,<br>es s\u00f3lo amor bru\u00f1ido, alegor\u00edas\u2026<br><br>Y fueron casi in\u00fatiles las almas<br>buscando sin consuelo las haza\u00f1as<br>nutriendo absurdas, f\u00fatiles las palmas,<br>un paso en que surtir estas entra\u00f1as.<br><br>In vitro reforzamos corazones,<br>cosquillas que se mueren en un lapso,<br>instante que revisa sinrazones:<br>embriones que reviven al colapso.<\/pre>\n","protected":false},"excerpt":{"rendered":"<p>Robados pues los sue\u00f1os de su vientreviniste ya vol\u00e1til, m\u00e1s bien muerto.Ingente duda donde se concentreel agua en las d\u00e1rsenas del puerto.Destino de los mundos m\u00e1s lejanos,lujuria desva\u00edda e imprecisaposada entre suaves cirujanos,que fuiste ni trasunto ni premisa.Paciencia desarmada e impotente,camino de aridez rala y confusala espera lacrim\u00f3gena y doliente,rapaz fecundaci\u00f3n de ciencia infusa.Maldito nimbo [&hellip;]<\/p>\n","protected":false},"author":1,"featured_media":2448,"parent":0,"menu_order":0,"comment_status":"closed","ping_status":"closed","template":"","meta":{"footnotes":""},"class_list":["post-2447","page","type-page","status-publish","has-post-thumbnail","hentry","post","post-with-thumbnail","post-with-thumbnail-large"],"_links":{"self":[{"href":"https:\/\/matematicastro.es\/index.php?rest_route=\/wp\/v2\/pages\/2447","targetHints":{"allow":["GET"]}}],"collection":[{"href":"https:\/\/matematicastro.es\/index.php?rest_route=\/wp\/v2\/pages"}],"about":[{"href":"https:\/\/matematicastro.es\/index.php?rest_route=\/wp\/v2\/types\/page"}],"author":[{"embeddable":true,"href":"https:\/\/matematicastro.es\/index.php?rest_route=\/wp\/v2\/users\/1"}],"replies":[{"embeddable":true,"href":"https:\/\/matematicastro.es\/index.php?rest_route=%2Fwp%2Fv2%2Fcomments&post=2447"}],"version-history":[{"count":5,"href":"https:\/\/matematicastro.es\/index.php?rest_route=\/wp\/v2\/pages\/2447\/revisions"}],"predecessor-version":[{"id":3505,"href":"https:\/\/matematicastro.es\/index.php?rest_route=\/wp\/v2\/pages\/2447\/revisions\/3505"}],"wp:featuredmedia":[{"embeddable":true,"href":"https:\/\/matematicastro.es\/index.php?rest_route=\/wp\/v2\/media\/2448"}],"wp:attachment":[{"href":"https:\/\/matematicastro.es\/index.php?rest_route=%2Fwp%2Fv2%2Fmedia&parent=2447"}],"curies":[{"name":"wp","href":"https:\/\/api.w.org\/{rel}","templated":true}]}}