{"id":2436,"date":"2024-07-09T13:52:37","date_gmt":"2024-07-09T11:52:37","guid":{"rendered":"https:\/\/matematicastro.es\/?page_id=2436"},"modified":"2024-07-10T13:03:56","modified_gmt":"2024-07-10T11:03:56","slug":"ingravidez","status":"publish","type":"page","link":"https:\/\/matematicastro.es\/?page_id=2436","title":{"rendered":"Ingravidez"},"content":{"rendered":"\n<pre class=\"wp-block-verse\">El amor se desv\u00eda por caminos tortuosos.<br>Con movimientos suaves asola el horizonte,<br>penetra con su ingravidez en bosques frondosos<br>y naufraga en oc\u00e9ano reducido a monte.<br><br>En olvidadas habitaciones se dispara<br>para escupir all\u00ed sus m\u00e1s nutridos quebrantos.<br>Entre l\u00fagubres presagios suelta una luz clara<br>y grita aullidos para convertirlos en cantos.<br><br>Su descomposici\u00f3n se halla en avanzado estado<br>de tal suerte que ignora qu\u00e9 direcci\u00f3n seguir<br>y as\u00ed recuerda espesuras donde lado y lado<br>gran sima son para tu coraz\u00f3n conseguir.<br><br>All\u00ed sigue firme avasallando tantas ruinas<br>como abruptas rocas hay en mi nuevo camino.<br>El amor es un largo tallo lleno de espinas<br>por donde suben los desaciertos del destino.<\/pre>\n","protected":false},"excerpt":{"rendered":"<p>El amor se desv\u00eda por caminos tortuosos.Con movimientos suaves asola el horizonte,penetra con su ingravidez en bosques frondososy naufraga en oc\u00e9ano reducido a monte.En olvidadas habitaciones se disparapara escupir all\u00ed sus m\u00e1s nutridos quebrantos.Entre l\u00fagubres presagios suelta una luz claray grita aullidos para convertirlos en cantos.Su descomposici\u00f3n se halla en avanzado estadode tal suerte que [&hellip;]<\/p>\n","protected":false},"author":1,"featured_media":2438,"parent":0,"menu_order":0,"comment_status":"closed","ping_status":"closed","template":"","meta":{"footnotes":""},"class_list":["post-2436","page","type-page","status-publish","has-post-thumbnail","hentry","post","post-with-thumbnail","post-with-thumbnail-large"],"_links":{"self":[{"href":"https:\/\/matematicastro.es\/index.php?rest_route=\/wp\/v2\/pages\/2436","targetHints":{"allow":["GET"]}}],"collection":[{"href":"https:\/\/matematicastro.es\/index.php?rest_route=\/wp\/v2\/pages"}],"about":[{"href":"https:\/\/matematicastro.es\/index.php?rest_route=\/wp\/v2\/types\/page"}],"author":[{"embeddable":true,"href":"https:\/\/matematicastro.es\/index.php?rest_route=\/wp\/v2\/users\/1"}],"replies":[{"embeddable":true,"href":"https:\/\/matematicastro.es\/index.php?rest_route=%2Fwp%2Fv2%2Fcomments&post=2436"}],"version-history":[{"count":1,"href":"https:\/\/matematicastro.es\/index.php?rest_route=\/wp\/v2\/pages\/2436\/revisions"}],"predecessor-version":[{"id":2439,"href":"https:\/\/matematicastro.es\/index.php?rest_route=\/wp\/v2\/pages\/2436\/revisions\/2439"}],"wp:featuredmedia":[{"embeddable":true,"href":"https:\/\/matematicastro.es\/index.php?rest_route=\/wp\/v2\/media\/2438"}],"wp:attachment":[{"href":"https:\/\/matematicastro.es\/index.php?rest_route=%2Fwp%2Fv2%2Fmedia&parent=2436"}],"curies":[{"name":"wp","href":"https:\/\/api.w.org\/{rel}","templated":true}]}}