{"id":2421,"date":"2024-07-09T12:35:19","date_gmt":"2024-07-09T10:35:19","guid":{"rendered":"https:\/\/matematicastro.es\/?page_id=2421"},"modified":"2024-07-09T12:35:22","modified_gmt":"2024-07-09T10:35:22","slug":"rara-elegia-de-vida-y-fortuna","status":"publish","type":"page","link":"https:\/\/matematicastro.es\/?page_id=2421","title":{"rendered":"Rara eleg\u00eda de vida y fortuna"},"content":{"rendered":"\n<pre class=\"wp-block-verse\">En mi pueblo blanco y escalonado<br>naci\u00f3 mi madre agonizando mayo,<br>en un callej\u00f3n de flores colgado<br>explot\u00f3 su vida como un rayo.<br>Sus primeros pasos frente a la sierra,<br>el trabajo, el sudor, el desmayo,<br>llegando el padre desde la tierra,<br>las primeras lecciones aprendidas.<br>En la escuela a sus libros se aferra<br>y all\u00ed surgen las primeras heridas.<br>Nada de tiempo para la cultura,<br>s\u00f3lo silencio y manos exprimidas<br>con el pa\u00f1o h\u00famedo de la censura,<br>l\u00e1grimas que recorren tu mirada:<br>desde tus ojos la visi\u00f3n m\u00e1s pura.<br>S\u00f3lo la aceituna ya desatada<br>en las lomas rodando por el suelo<br>repleto de lienzos en estacada.<br>En la ermita buscaste con anhelo<br>la mano de la que tu nombre lleva<br>y as\u00ed al menos llorar con el consuelo<br>de que tu virgen te oye y nos renueva.<br>En un d\u00eda de noviembre lluvioso<br>luciste de blanco tu cola nueva<br>para unirte inmaculada a tu esposo<br>y recorrer las calles entre flores.<br>Amanecida desde tu reposo<br>yo te desvi\u00e9 el vientre de dolores<br>y fue mi nacimiento un nuevo mundo<br>colmado de luces y de colores.<br>A mi pueblo desde lo m\u00e1s profundo<br>lleg\u00f3 el agua tenaz y asoladora<br>y todo se llev\u00f3 en plan furibundo.<br>Desde entonces nunca llegaba la hora<br>que una sonrisa viniera a tu cara<br>y estuviste tiempo desoladora.<br>Pero la virgen que siempre te ampara<br>te inund\u00f3 por fin de gran esperanza<br>y volviste a la que yo siempre amara,<br>a nuestra calle echaste una alabanza<br>y en familia regresamos unidos<br>con alegr\u00eda y renovada alianza.<br>Estuvieron los tiempos detenidos<br>y vivimos un tiempo entre algodones.<br>Finalmente pusiste tus sentidos<br>sobre la ciudad y sus sucesiones<br>para no caer en el desespero<br>de su palidez y sus destrucciones.<br>En la distancia eres lo que yo quiero.<\/pre>\n","protected":false},"excerpt":{"rendered":"<p>En mi pueblo blanco y escalonadonaci\u00f3 mi madre agonizando mayo,en un callej\u00f3n de flores colgadoexplot\u00f3 su vida como un rayo.Sus primeros pasos frente a la sierra,el trabajo, el sudor, el desmayo,llegando el padre desde la tierra,las primeras lecciones aprendidas.En la escuela a sus libros se aferray all\u00ed surgen las primeras heridas.Nada de tiempo para la [&hellip;]<\/p>\n","protected":false},"author":1,"featured_media":2423,"parent":0,"menu_order":0,"comment_status":"closed","ping_status":"closed","template":"","meta":{"footnotes":""},"class_list":["post-2421","page","type-page","status-publish","has-post-thumbnail","hentry","post","post-with-thumbnail","post-with-thumbnail-large"],"_links":{"self":[{"href":"https:\/\/matematicastro.es\/index.php?rest_route=\/wp\/v2\/pages\/2421","targetHints":{"allow":["GET"]}}],"collection":[{"href":"https:\/\/matematicastro.es\/index.php?rest_route=\/wp\/v2\/pages"}],"about":[{"href":"https:\/\/matematicastro.es\/index.php?rest_route=\/wp\/v2\/types\/page"}],"author":[{"embeddable":true,"href":"https:\/\/matematicastro.es\/index.php?rest_route=\/wp\/v2\/users\/1"}],"replies":[{"embeddable":true,"href":"https:\/\/matematicastro.es\/index.php?rest_route=%2Fwp%2Fv2%2Fcomments&post=2421"}],"version-history":[{"count":1,"href":"https:\/\/matematicastro.es\/index.php?rest_route=\/wp\/v2\/pages\/2421\/revisions"}],"predecessor-version":[{"id":2424,"href":"https:\/\/matematicastro.es\/index.php?rest_route=\/wp\/v2\/pages\/2421\/revisions\/2424"}],"wp:featuredmedia":[{"embeddable":true,"href":"https:\/\/matematicastro.es\/index.php?rest_route=\/wp\/v2\/media\/2423"}],"wp:attachment":[{"href":"https:\/\/matematicastro.es\/index.php?rest_route=%2Fwp%2Fv2%2Fmedia&parent=2421"}],"curies":[{"name":"wp","href":"https:\/\/api.w.org\/{rel}","templated":true}]}}