{"id":2210,"date":"2024-03-23T20:40:26","date_gmt":"2024-03-23T18:40:26","guid":{"rendered":"https:\/\/matematicastro.es\/?page_id=2210"},"modified":"2024-03-30T14:03:06","modified_gmt":"2024-03-30T12:03:06","slug":"viernes-tarde","status":"publish","type":"page","link":"https:\/\/matematicastro.es\/?page_id=2210","title":{"rendered":"Viernes tarde"},"content":{"rendered":"\n<pre class=\"wp-block-verse\">Fuimos un viernes tarde a la casa del jefe de residencias. All\u00ed donde algunas noches pernoctaba casi por obligaci\u00f3n. Hac\u00eda curva la vivienda, cerca de la capilla. En fin, la cosa es que le pedimos la llave de uno de los gimnasios para entrar por la noche, despu\u00e9s de cenar. Pasaron semanas hasta el atrevimiento. No recuerdo exactamente c\u00f3mo fue. Al final ocurri\u00f3. Nosotros \u00e9ramos internos. Nosotros \u00e9ramos distintos. Y sucedi\u00f3. Nos dejaron una llave. Yo era el responsable de abrir y de cerrar (seguramente porque fui responsable de otros cub\u00edculos de los cuales alg\u00fan d\u00eda hablar\u00e9). Responsable de que \u00fanicamente jugar\u00edamos a f\u00fatbol sala. Nada m\u00e1s. Y as\u00ed fue. Fabuloso. Las gradas estaban vac\u00edas aquel viernes de finales de noviembre aproximadamente a las ocho y media de la tarde, m\u00e1s bien noche (ya hab\u00edamos cenado, por supuesto; frugalmente adem\u00e1s\u2026) Y dimos rienda suelta a nuestra adicci\u00f3n. Reyes por un lapso. Los viernes y s\u00e1bados por la noche (el domingo no se permit\u00eda tal extrav\u00edo). Partido en el gimnasio. Un gimnasio cubierto. De primera categor\u00eda. Aut\u00e9ntico. Si ya lo era de d\u00eda, lo era m\u00e1s de noche\u2026 Adem\u00e1s \u00a1est\u00e1bamos solos! \u00bfConfiaban en nosotros\u2026? S\u00ed, por fin confiaban en nosotros. Y nos romp\u00edamos, a muerte, nos desgast\u00e1bamos. Batalla de placer con el bal\u00f3n en un recinto cubierto, paradigma de alg\u00fan que otro sue\u00f1o. El segundo fin de semana lo hicimos con m\u00fasica. Bastaba un radiocasete est\u00e9reo. Y alguien lo llev\u00f3 y lo instal\u00f3 en lo alto de la grada. \u00a1C\u00f3mo sonaba! Y jug\u00e1bamos. Un gran f\u00fatbol sala jug\u00e1bamos. Era nuestra historia. Volv\u00edamos entre sudores a la residencia, tocando la luna. Alguien se encargaba de la alargadera, de recoger cables. Me costaba cerrar la puerta del gimnasio. No se ve\u00eda apenas. Volv\u00edamos henchidos de placer y dorm\u00edamos felices en nuestras antiguas literas. Felices hasta que fuera lunes.<\/pre>\n","protected":false},"excerpt":{"rendered":"<p>Fuimos un viernes tarde a la casa del jefe de residencias. All\u00ed donde algunas noches pernoctaba casi por obligaci\u00f3n. Hac\u00eda curva la vivienda, cerca de la capilla. En fin, la cosa es que le pedimos la llave de uno de los gimnasios para entrar por la noche, despu\u00e9s de cenar. Pasaron semanas hasta el atrevimiento. [&hellip;]<\/p>\n","protected":false},"author":1,"featured_media":2211,"parent":0,"menu_order":0,"comment_status":"closed","ping_status":"closed","template":"","meta":{"footnotes":""},"class_list":["post-2210","page","type-page","status-publish","has-post-thumbnail","hentry","post","post-with-thumbnail","post-with-thumbnail-large"],"_links":{"self":[{"href":"https:\/\/matematicastro.es\/index.php?rest_route=\/wp\/v2\/pages\/2210","targetHints":{"allow":["GET"]}}],"collection":[{"href":"https:\/\/matematicastro.es\/index.php?rest_route=\/wp\/v2\/pages"}],"about":[{"href":"https:\/\/matematicastro.es\/index.php?rest_route=\/wp\/v2\/types\/page"}],"author":[{"embeddable":true,"href":"https:\/\/matematicastro.es\/index.php?rest_route=\/wp\/v2\/users\/1"}],"replies":[{"embeddable":true,"href":"https:\/\/matematicastro.es\/index.php?rest_route=%2Fwp%2Fv2%2Fcomments&post=2210"}],"version-history":[{"count":1,"href":"https:\/\/matematicastro.es\/index.php?rest_route=\/wp\/v2\/pages\/2210\/revisions"}],"predecessor-version":[{"id":2212,"href":"https:\/\/matematicastro.es\/index.php?rest_route=\/wp\/v2\/pages\/2210\/revisions\/2212"}],"wp:featuredmedia":[{"embeddable":true,"href":"https:\/\/matematicastro.es\/index.php?rest_route=\/wp\/v2\/media\/2211"}],"wp:attachment":[{"href":"https:\/\/matematicastro.es\/index.php?rest_route=%2Fwp%2Fv2%2Fmedia&parent=2210"}],"curies":[{"name":"wp","href":"https:\/\/api.w.org\/{rel}","templated":true}]}}