{"id":2024,"date":"2024-02-12T14:11:02","date_gmt":"2024-02-12T12:11:02","guid":{"rendered":"https:\/\/matematicastro.es\/?page_id=2024"},"modified":"2024-03-27T13:31:43","modified_gmt":"2024-03-27T11:31:43","slug":"tu-presencia","status":"publish","type":"page","link":"https:\/\/matematicastro.es\/?page_id=2024","title":{"rendered":"Tu presencia"},"content":{"rendered":"\n<pre class=\"wp-block-verse\">No existe nada m\u00e1s que tu presencia.\r\nNada m\u00e1s que una muerte lenta en la que me regocijo.\r\nPor tu presencia.\r\nInsonora, ingr\u00e1vida, inmaterial.\r\nPero tu segura presencia me revitaliza.\r\nY morir es un asunto completamente secundario.\r\nCon tu presencia.\r<\/pre>\n","protected":false},"excerpt":{"rendered":"<p>No existe nada m\u00e1s que tu presencia. Nada m\u00e1s que una muerte lenta en la que me regocijo. Por tu presencia. Insonora, ingr\u00e1vida, inmaterial. Pero tu segura presencia me revitaliza. Y morir es un asunto completamente secundario. Con tu presencia.<\/p>\n","protected":false},"author":1,"featured_media":2025,"parent":0,"menu_order":0,"comment_status":"closed","ping_status":"closed","template":"","meta":{"footnotes":""},"class_list":["post-2024","page","type-page","status-publish","has-post-thumbnail","hentry","post","post-with-thumbnail","post-with-thumbnail-large"],"_links":{"self":[{"href":"https:\/\/matematicastro.es\/index.php?rest_route=\/wp\/v2\/pages\/2024","targetHints":{"allow":["GET"]}}],"collection":[{"href":"https:\/\/matematicastro.es\/index.php?rest_route=\/wp\/v2\/pages"}],"about":[{"href":"https:\/\/matematicastro.es\/index.php?rest_route=\/wp\/v2\/types\/page"}],"author":[{"embeddable":true,"href":"https:\/\/matematicastro.es\/index.php?rest_route=\/wp\/v2\/users\/1"}],"replies":[{"embeddable":true,"href":"https:\/\/matematicastro.es\/index.php?rest_route=%2Fwp%2Fv2%2Fcomments&post=2024"}],"version-history":[{"count":1,"href":"https:\/\/matematicastro.es\/index.php?rest_route=\/wp\/v2\/pages\/2024\/revisions"}],"predecessor-version":[{"id":2026,"href":"https:\/\/matematicastro.es\/index.php?rest_route=\/wp\/v2\/pages\/2024\/revisions\/2026"}],"wp:featuredmedia":[{"embeddable":true,"href":"https:\/\/matematicastro.es\/index.php?rest_route=\/wp\/v2\/media\/2025"}],"wp:attachment":[{"href":"https:\/\/matematicastro.es\/index.php?rest_route=%2Fwp%2Fv2%2Fmedia&parent=2024"}],"curies":[{"name":"wp","href":"https:\/\/api.w.org\/{rel}","templated":true}]}}