{"id":1773,"date":"2023-08-24T12:19:00","date_gmt":"2023-08-24T10:19:00","guid":{"rendered":"https:\/\/matematicastro.es\/?page_id=1773"},"modified":"2024-10-29T14:03:45","modified_gmt":"2024-10-29T12:03:45","slug":"ejercicios-resueltos-de-matematicas-ii-evau-uclm-por-bloques-de-contenido","status":"publish","type":"page","link":"https:\/\/matematicastro.es\/?page_id=1773","title":{"rendered":"Ejercicios resueltos de Matem\u00e1ticas II &#8211; EvAU UCLM por bloques de contenido"},"content":{"rendered":"\n<p class=\"has-medium-font-size\"><a href=\"https:\/\/1drv.ms\/b\/s!Aj6in--Gc43qhdtfQ2EyCMyojvWrBw?e=hkTDKz\">Matrices<\/a><\/p>\n\n\n\n<p class=\"has-medium-font-size\"><a href=\"https:\/\/1drv.ms\/b\/s!Aj6in--Gc43qhdtdHNEbdqaDHqGlzg?e=MgPRCE\">Determinantes<\/a><\/p>\n\n\n\n<p class=\"has-medium-font-size\"><a href=\"https:\/\/1drv.ms\/b\/s!Aj6in--Gc43qhdtc8nVIrlLKWQ6n5w?e=zKFGRy\">Sistemas de ecuaciones lineales (1)<\/a><\/p>\n\n\n\n<p class=\"has-medium-font-size\"><a href=\"https:\/\/1drv.ms\/b\/s!Aj6in--Gc43qhdtYtbUCH2FtYehpLA?e=Renbm2\">Sistemas de ecuaciones lineales (2)<\/a><\/p>\n\n\n\n<p class=\"has-medium-font-size\"><a href=\"https:\/\/1drv.ms\/b\/s!Aj6in--Gc43qhdtXGO88G4iGCG8zoQ?e=Fmxiz7\">L\u00edmites. Regla de L&#8217;H\u00f4pital<\/a><\/p>\n\n\n\n<p class=\"has-medium-font-size\"><a href=\"https:\/\/1drv.ms\/b\/s!Aj6in--Gc43qhdtVGTMed5anfkcSlw?e=frhf6r\">Continuidad de las funciones. Derivadas<\/a><\/p>\n\n\n\n<p class=\"has-medium-font-size\"><a href=\"https:\/\/1drv.ms\/b\/s!Aj6in--Gc43qhdtTCiALNNXsa6bU1A?e=oOqyh0\">Aplicaciones de las funciones derivables. Representaci\u00f3n gr\u00e1fica de funciones. Problemas de optimizaci\u00f3n<\/a><\/p>\n\n\n\n<p class=\"has-medium-font-size\"><a href=\"https:\/\/1drv.ms\/b\/s!Aj6in--Gc43qhdtS-k87Ik4ohMiKpQ?e=MjzFVq\">Integral indefinida. C\u00e1lculo de primitivas (1)<\/a><\/p>\n\n\n\n<p class=\"has-medium-font-size\"><a href=\"https:\/\/1drv.ms\/b\/s!Aj6in--Gc43qhdtPWC-LP2yWhSzm5Q?e=yIAI6T\">Integral indefinida. C\u00e1lculo de primitivas (2)<\/a><\/p>\n\n\n\n<p class=\"has-medium-font-size\"><a href=\"https:\/\/1drv.ms\/b\/s!Aj6in--Gc43qhdtKdpd4GRFTZrLJmw?e=6J2a5A\">Integral definida. C\u00e1lculo de \u00e1reas de recintos planos<\/a><\/p>\n\n\n\n<p class=\"has-medium-font-size\"><a href=\"https:\/\/1drv.ms\/b\/s!Aj6in--Gc43qhdtLpLOkYtsQ663xgA?e=g95Mle\">Integral indefinida. Integral definida. C\u00e1lculo de \u00e1reas de recintos planos<\/a><\/p>\n\n\n\n<p class=\"has-medium-font-size\"><a href=\"https:\/\/1drv.ms\/b\/s!Aj6in--Gc43qhdtN7NYLO06ozxG9zA?e=CeoXSw\">Geometr\u00eda (1)<\/a><\/p>\n\n\n\n<p class=\"has-medium-font-size\"><a href=\"https:\/\/1drv.ms\/b\/s!Aj6in--Gc43qhdtHqZeYuvGdQWd_2w?e=d8C7NU\">Geometr\u00eda (2)<\/a><\/p>\n","protected":false},"excerpt":{"rendered":"<p>Matrices Determinantes Sistemas de ecuaciones lineales (1) Sistemas de ecuaciones lineales (2) L\u00edmites. Regla de L&#8217;H\u00f4pital Continuidad de las funciones. Derivadas Aplicaciones de las funciones derivables. Representaci\u00f3n gr\u00e1fica de funciones. Problemas de optimizaci\u00f3n Integral indefinida. C\u00e1lculo de primitivas (1) Integral indefinida. C\u00e1lculo de primitivas (2) Integral definida. C\u00e1lculo de \u00e1reas de recintos planos Integral indefinida. [&hellip;]<\/p>\n","protected":false},"author":1,"featured_media":0,"parent":0,"menu_order":0,"comment_status":"closed","ping_status":"closed","template":"","meta":{"footnotes":""},"class_list":["post-1773","page","type-page","status-publish","hentry","post"],"_links":{"self":[{"href":"https:\/\/matematicastro.es\/index.php?rest_route=\/wp\/v2\/pages\/1773","targetHints":{"allow":["GET"]}}],"collection":[{"href":"https:\/\/matematicastro.es\/index.php?rest_route=\/wp\/v2\/pages"}],"about":[{"href":"https:\/\/matematicastro.es\/index.php?rest_route=\/wp\/v2\/types\/page"}],"author":[{"embeddable":true,"href":"https:\/\/matematicastro.es\/index.php?rest_route=\/wp\/v2\/users\/1"}],"replies":[{"embeddable":true,"href":"https:\/\/matematicastro.es\/index.php?rest_route=%2Fwp%2Fv2%2Fcomments&post=1773"}],"version-history":[{"count":2,"href":"https:\/\/matematicastro.es\/index.php?rest_route=\/wp\/v2\/pages\/1773\/revisions"}],"predecessor-version":[{"id":2663,"href":"https:\/\/matematicastro.es\/index.php?rest_route=\/wp\/v2\/pages\/1773\/revisions\/2663"}],"wp:attachment":[{"href":"https:\/\/matematicastro.es\/index.php?rest_route=%2Fwp%2Fv2%2Fmedia&parent=1773"}],"curies":[{"name":"wp","href":"https:\/\/api.w.org\/{rel}","templated":true}]}}