{"id":1677,"date":"2023-08-07T18:42:24","date_gmt":"2023-08-07T16:42:24","guid":{"rendered":"https:\/\/matematicastro.es\/?page_id=1677"},"modified":"2024-10-17T11:19:02","modified_gmt":"2024-10-17T09:19:02","slug":"muestras-de-examenes-de-matematicas-ii-coleccion-5","status":"publish","type":"page","link":"https:\/\/matematicastro.es\/?page_id=1677","title":{"rendered":"Muestras de ex\u00e1menes de Matem\u00e1ticas II (Colecci\u00f3n 5)"},"content":{"rendered":"\n<p class=\"has-medium-font-size\"><a href=\"https:\/\/1drv.ms\/b\/s!Aj6in--Gc43qhd1OfY4z_YAFrxcsMw?e=vRd1M9\">Examen 1<\/a> &#8211; <a href=\"https:\/\/1drv.ms\/b\/s!Aj6in--Gc43qhd1MCdJbhWRBX5caRA?e=0B0fDm\">Examen 2<\/a><\/p>\n\n\n\n<blockquote class=\"wp-block-quote is-layout-flow wp-block-quote-is-layout-flow\">\n<p>C\u00e1lculo de l\u00edmites. Continuidad y derivabilidad de funciones definidas por trozos. Continuidad: teorema de Bolzano. C\u00e1lculo de derivadas. Recta tangente a una funci\u00f3n en un punto.<\/p>\n<\/blockquote>\n\n\n\n<p class=\"has-medium-font-size\"><a href=\"https:\/\/1drv.ms\/b\/s!Aj6in--Gc43qhd1K-mB1ilWL718Y9Q?e=usHy8I\">Examen 3<\/a> &#8211; <a href=\"https:\/\/1drv.ms\/b\/s!Aj6in--Gc43qhd1IHAgIFY4javlpVQ?e=2mbY8B\">Examen 4<\/a><\/p>\n\n\n\n<blockquote class=\"wp-block-quote is-layout-flow wp-block-quote-is-layout-flow\">\n<p>Aplicaciones de las derivadas: monoton\u00eda, extremos relativos, curvatura y puntos de inflexi\u00f3n. Teorema de Rolle. Teorema del valor medio. Problemas de optimizaci\u00f3n.<\/p>\n<\/blockquote>\n\n\n\n<p class=\"has-medium-font-size\"><a href=\"https:\/\/1drv.ms\/b\/s!Aj6in--Gc43qhd1G1VAgBWE_TZWmOA?e=w6QZnT\">Examen 5<\/a> &#8211; <a href=\"https:\/\/1drv.ms\/b\/s!Aj6in--Gc43qhd1EDq72zB5RQ8-Otw?e=yDtK9H\">Examen 6<\/a><\/p>\n\n\n\n<blockquote class=\"wp-block-quote is-layout-flow wp-block-quote-is-layout-flow\">\n<p>C\u00e1lculo de l\u00edmites. Teorema de Bolzano. Estudio de la continuidad y derivabilidad de una funci\u00f3n definida por trozos. Aplicaciones de las derivadas: recta tangente a la gr\u00e1fica de una funci\u00f3n en un punto, intervalos de crecimiento y decrecimiento, m\u00e1ximos y m\u00ednimos relativos y puntos de inflexi\u00f3n.<\/p>\n<\/blockquote>\n\n\n\n<p class=\"has-medium-font-size\"><a href=\"https:\/\/1drv.ms\/b\/s!Aj6in--Gc43qhd1CUto-BYsYNNRffQ?e=aRZhX9\">Examen 7<\/a> &#8211; <a href=\"https:\/\/1drv.ms\/b\/s!Aj6in--Gc43qhd1AoV11GDu4hBlcKA?e=gO8Rek\">Examen 8<\/a><\/p>\n\n\n\n<blockquote class=\"wp-block-quote is-layout-flow wp-block-quote-is-layout-flow\">\n<p>Resoluci\u00f3n de integrales (c\u00e1lculo de primitivas) inmediatas, por cambio de variable y por partes. Integraci\u00f3n de funciones racionales. Integral definida: c\u00e1lculo de \u00e1reas.<\/p>\n<\/blockquote>\n\n\n\n<p class=\"has-medium-font-size\"><a href=\"https:\/\/1drv.ms\/b\/s!Aj6in--Gc43qhd0-2OyJL4yR_hhg6w?e=hQyeoy\">Examen 9<\/a> &#8211; <a href=\"https:\/\/1drv.ms\/b\/s!Aj6in--Gc43qhd08Vmd_v95O2rOUZw?e=Rlcnq9\">Examen 10<\/a> &#8211; <a href=\"https:\/\/1drv.ms\/b\/s!Aj6in--Gc43qhd069HEXxhCFp3SZIw?e=oAu9S7\">Examen 11<\/a><\/p>\n\n\n\n<blockquote class=\"wp-block-quote is-layout-flow wp-block-quote-is-layout-flow\">\n<p>Estudio de la existencia de matriz inversa de una matriz seg\u00fan los valores de un par\u00e1metro. C\u00e1lculo de la matriz inversa de una matriz cuadrada. Resoluci\u00f3n de ecuaciones matriciales. Determinantes. Propiedades de los determinantes.<\/p>\n<\/blockquote>\n\n\n\n<p class=\"has-medium-font-size\"><a href=\"https:\/\/1drv.ms\/b\/s!Aj6in--Gc43qhd04_A721kHjziW_Tw?e=2RfwVT\">Examen 12<\/a> &#8211; <a href=\"https:\/\/1drv.ms\/b\/s!Aj6in--Gc43qhd02J_KtNpOyH3Or4g?e=gcRQxK\">Examen 13<\/a><\/p>\n\n\n\n<blockquote class=\"wp-block-quote is-layout-flow wp-block-quote-is-layout-flow\">\n<p>Rango de una matriz. C\u00e1lculo del rango de una matriz seg\u00fan los valores de un par\u00e1metro. Resoluci\u00f3n de sistemas de ecuaciones lineales. Discusi\u00f3n y resoluci\u00f3n de sistemas de ecuaciones dependientes de un par\u00e1metro. <\/p>\n<\/blockquote>\n\n\n\n<p class=\"has-medium-font-size\"><a href=\"https:\/\/1drv.ms\/b\/s!Aj6in--Gc43qhd000jNMwiGl3gz5wQ?e=xQPOeF\">Examen 14<\/a><\/p>\n\n\n\n<blockquote class=\"wp-block-quote is-layout-flow wp-block-quote-is-layout-flow\">\n<p>Integrales indefinidas: c\u00e1lculo de primitivas. Integral definida: c\u00e1lculo de \u00e1reas. Ecuaciones matriciales. Determinantes. Propiedades de los determinantes.<\/p>\n<\/blockquote>\n\n\n\n<p class=\"has-medium-font-size\"><a href=\"https:\/\/1drv.ms\/b\/s!Aj6in--Gc43qhd0y-uuBJgo-l_t_oQ?e=x0n1iZ\">Examen 15<\/a><\/p>\n\n\n\n<blockquote class=\"wp-block-quote is-layout-flow wp-block-quote-is-layout-flow\">\n<p>Problemas de probabilidad. Problemas de distribuci\u00f3n binomial y distribuci\u00f3n normal.<\/p>\n<\/blockquote>\n","protected":false},"excerpt":{"rendered":"<p>Examen 1 &#8211; Examen 2 C\u00e1lculo de l\u00edmites. Continuidad y derivabilidad de funciones definidas por trozos. Continuidad: teorema de Bolzano. C\u00e1lculo de derivadas. Recta tangente a una funci\u00f3n en un punto. Examen 3 &#8211; Examen 4 Aplicaciones de las derivadas: monoton\u00eda, extremos relativos, curvatura y puntos de inflexi\u00f3n. Teorema de Rolle. Teorema del valor medio. [&hellip;]<\/p>\n","protected":false},"author":1,"featured_media":0,"parent":0,"menu_order":0,"comment_status":"closed","ping_status":"closed","template":"","meta":{"footnotes":""},"class_list":["post-1677","page","type-page","status-publish","hentry","post"],"_links":{"self":[{"href":"https:\/\/matematicastro.es\/index.php?rest_route=\/wp\/v2\/pages\/1677","targetHints":{"allow":["GET"]}}],"collection":[{"href":"https:\/\/matematicastro.es\/index.php?rest_route=\/wp\/v2\/pages"}],"about":[{"href":"https:\/\/matematicastro.es\/index.php?rest_route=\/wp\/v2\/types\/page"}],"author":[{"embeddable":true,"href":"https:\/\/matematicastro.es\/index.php?rest_route=\/wp\/v2\/users\/1"}],"replies":[{"embeddable":true,"href":"https:\/\/matematicastro.es\/index.php?rest_route=%2Fwp%2Fv2%2Fcomments&post=1677"}],"version-history":[{"count":3,"href":"https:\/\/matematicastro.es\/index.php?rest_route=\/wp\/v2\/pages\/1677\/revisions"}],"predecessor-version":[{"id":2648,"href":"https:\/\/matematicastro.es\/index.php?rest_route=\/wp\/v2\/pages\/1677\/revisions\/2648"}],"wp:attachment":[{"href":"https:\/\/matematicastro.es\/index.php?rest_route=%2Fwp%2Fv2%2Fmedia&parent=1677"}],"curies":[{"name":"wp","href":"https:\/\/api.w.org\/{rel}","templated":true}]}}