{"id":1656,"date":"2023-08-06T21:23:11","date_gmt":"2023-08-06T19:23:11","guid":{"rendered":"https:\/\/matematicastro.es\/?page_id=1656"},"modified":"2024-10-16T10:35:40","modified_gmt":"2024-10-16T08:35:40","slug":"muestras-de-examenes-de-matematicas-ii-coleccion-2","status":"publish","type":"page","link":"https:\/\/matematicastro.es\/?page_id=1656","title":{"rendered":"Muestras de ex\u00e1menes de Matem\u00e1ticas II (Colecci\u00f3n 2)"},"content":{"rendered":"\n<p class=\"has-medium-font-size\"><a href=\"https:\/\/1drv.ms\/b\/s!Aj6in--Gc43qhd0GZTQuPR9lls1NsQ?e=tSOuf2\">Examen 1<\/a><\/p>\n\n\n\n<blockquote class=\"wp-block-quote is-layout-flow wp-block-quote-is-layout-flow\">\n<p>C\u00e1lculo de l\u00edmites. Continuidad: teorema de Bolzano. C\u00e1lculo de derivadas. Continuidad de funciones definidas por trozos. Recta tangente a una funci\u00f3n en un punto. Dada una funci\u00f3n, calcular dominio y as\u00edntotas, intervalos de crecimiento y decrecimiento, m\u00e1ximos y m\u00ednimos relativos, intervalos de concavidad y convexidad y puntos de inflexi\u00f3n.<\/p>\n<\/blockquote>\n\n\n\n<p class=\"has-medium-font-size\"><a href=\"https:\/\/1drv.ms\/b\/s!Aj6in--Gc43qhd0DPKbFd6bZZhxoAA?e=KRzstd\">Examen 2<\/a><\/p>\n\n\n\n<blockquote class=\"wp-block-quote is-layout-flow wp-block-quote-is-layout-flow\">\n<p>Derivaci\u00f3n impl\u00edcita. Derivaci\u00f3n logar\u00edtmica. Teorema de Rolle. Teorema del valor medio. Problema de optimizaci\u00f3n.<\/p>\n<\/blockquote>\n\n\n\n<p class=\"has-medium-font-size\"><a href=\"https:\/\/1drv.ms\/b\/s!Aj6in--Gc43qhd0BUaij_c4zcDcG4w?e=tLgIdv\">Examen 3<\/a><\/p>\n\n\n\n<blockquote class=\"wp-block-quote is-layout-flow wp-block-quote-is-layout-flow\">\n<p>C\u00e1lculo de l\u00edmites. C\u00e1lculo de derivadas. Estudio de la continuidad y derivabilidad de una funci\u00f3n definida por trozos. Aplicaciones de las derivadas: intervalos de crecimiento y decrecimiento, m\u00e1ximos y m\u00ednimos relativos y puntos de inflexi\u00f3n. Teorema del valor medio. Problemas de optimizaci\u00f3n.<\/p>\n<\/blockquote>\n\n\n\n<p class=\"has-medium-font-size\"><a href=\"https:\/\/1drv.ms\/b\/s!Aj6in--Gc43qhdx_Q527vguW4TMvUw?e=ND35oD\">Examen 4<\/a><\/p>\n\n\n\n<blockquote class=\"wp-block-quote is-layout-flow wp-block-quote-is-layout-flow\">\n<p>C\u00e1lculo de derivadas. Estudio de la continuidad y derivabilidad de una funci\u00f3n definida por trozos. Recta tangente a una funci\u00f3n en un punto. C\u00e1lculo de l\u00edmites: regla de L&#8217;H\u00f4pital. Intervalos de crecimiento y decrecimiento, m\u00e1ximos y m\u00ednimos de una funci\u00f3n. Teorema de Rolle. Problema de optimizaci\u00f3n.<\/p>\n<\/blockquote>\n\n\n\n<p class=\"has-medium-font-size\"><a href=\"https:\/\/1drv.ms\/b\/s!Aj6in--Gc43qhdx-_cIP6JhlJpypCw?e=YvlOHS\">Examen 5<\/a><\/p>\n\n\n\n<blockquote class=\"wp-block-quote is-layout-flow wp-block-quote-is-layout-flow\">\n<p>Resoluci\u00f3n de integrales (c\u00e1lculo de primitivas) inmediatas, por cambio de variable y por partes. Integraci\u00f3n de funciones racionales. Integral definida: c\u00e1lculo de \u00e1reas.<\/p>\n<\/blockquote>\n\n\n\n<p class=\"has-medium-font-size\"><a href=\"https:\/\/1drv.ms\/b\/s!Aj6in--Gc43qhdx8YOe7gSngoQMw1Q?e=OyrUiG\">Examen 6<\/a><\/p>\n\n\n\n<blockquote class=\"wp-block-quote is-layout-flow wp-block-quote-is-layout-flow\">\n<p>Resoluci\u00f3n de una integral indefinida. Estudio de la matriz inversa de una matriz seg\u00fan los valores de un par\u00e1metro. Rango de una matriz seg\u00fan los valores de un par\u00e1metro. Resoluci\u00f3n de una ecuaci\u00f3n matricial. Resoluci\u00f3n de determinantes haciendo uso de sus propiedades.<\/p>\n<\/blockquote>\n\n\n\n<p class=\"has-medium-font-size\"><a href=\"https:\/\/1drv.ms\/b\/s!Aj6in--Gc43qhdx66fbAtbk5rY0KuQ?e=8KZbfP\">Examen 7<\/a><\/p>\n\n\n\n<blockquote class=\"wp-block-quote is-layout-flow wp-block-quote-is-layout-flow\">\n<p>Resoluci\u00f3n de integrales por cambio de variable y por partes. Integraci\u00f3n de funciones racionales. Estudio de la matriz inversa de una matriz seg\u00fan los valores de un par\u00e1metro. Resoluci\u00f3n de una ecuaci\u00f3n matricial. <\/p>\n<\/blockquote>\n\n\n\n<p class=\"has-medium-font-size\"><a href=\"https:\/\/1drv.ms\/b\/s!Aj6in--Gc43qhdx4fdexrzrKSoCYkA?e=BABZ8t\">Examen 8<\/a> &#8211; <a href=\"https:\/\/1drv.ms\/b\/s!Aj6in--Gc43qhdx2eZznQRVRiFUA2g?e=XSaWpf\">Examen 9<\/a> &#8211; <a href=\"https:\/\/1drv.ms\/b\/s!Aj6in--Gc43qhdxzgj7bqLNOBVjqZg?e=agvaYA\">Examen 10<\/a> &#8211; <a href=\"https:\/\/1drv.ms\/b\/s!Aj6in--Gc43qhdxy8rA6eSnSV5yrGA?e=y8Pf4H\">Examen 11<\/a><\/p>\n\n\n\n<blockquote class=\"wp-block-quote is-layout-flow wp-block-quote-is-layout-flow\">\n<p>Estudio y resoluci\u00f3n de sistemas de ecuaciones lineales. Discusi\u00f3n y resoluci\u00f3n de sistemas de ecuaciones dependientes de un par\u00e1metro. Problemas de rectas y planos en el espacio.<\/p>\n<\/blockquote>\n\n\n\n<p class=\"has-medium-font-size\"><a href=\"https:\/\/1drv.ms\/b\/s!Aj6in--Gc43qhdxwU2S-pPdTnd5p2w?e=fSZB5A\">Examen 12<\/a><\/p>\n\n\n\n<blockquote class=\"wp-block-quote is-layout-flow wp-block-quote-is-layout-flow\">\n<p>Discusi\u00f3n y resoluci\u00f3n de sistemas de ecuaciones dependientes de un par\u00e1metro. Geometr\u00eda: rectas y planos en el espacio; problemas m\u00e9tricos.<\/p>\n<\/blockquote>\n\n\n\n<p class=\"has-medium-font-size\"><a href=\"https:\/\/1drv.ms\/b\/s!Aj6in--Gc43qhdxu2ao96uTmDvbtWg?e=dd8JuE\">Examen 13<\/a><\/p>\n\n\n\n<blockquote class=\"wp-block-quote is-layout-flow wp-block-quote-is-layout-flow\">\n<p>C\u00e1lculo de l\u00edmites. C\u00e1lculo de derivadas. Monoton\u00eda y extremos relativos de una funci\u00f3n. Teorema del valor medio de Lagrange. Problema de optimizaci\u00f3n.<\/p>\n<\/blockquote>\n\n\n\n<p class=\"has-medium-font-size\"><a href=\"https:\/\/1drv.ms\/b\/s!Aj6in--Gc43qhdxsXyh2cmJE_oyZGg?e=rP2pN9\">Examen 14<\/a><\/p>\n\n\n\n<blockquote class=\"wp-block-quote is-layout-flow wp-block-quote-is-layout-flow\">\n<p>Resoluci\u00f3n de integrales (c\u00e1lculo de primitivas) inmediatas y por partes. Integraci\u00f3n de funciones racionales. Integral definida: c\u00e1lculo de \u00e1reas. Resoluci\u00f3n de una ecuaci\u00f3n matricial. C\u00e1lculo del valor de un determinante haciendo uso de sus propiedades.<\/p>\n<\/blockquote>\n\n\n\n<p class=\"has-medium-font-size\"><a href=\"https:\/\/1drv.ms\/b\/s!Aj6in--Gc43qhdxqZIgc94d5DzObPw?e=cZlURG\">Examen 15<\/a><\/p>\n\n\n\n<blockquote class=\"wp-block-quote is-layout-flow wp-block-quote-is-layout-flow\">\n<p>Discusi\u00f3n y resoluci\u00f3n de sistemas de ecuaciones dependientes de un par\u00e1metro. Geometr\u00eda: rectas y planos en el espacio; problemas m\u00e9tricos.<\/p>\n<\/blockquote>\n\n\n\n<p class=\"has-medium-font-size\"><a href=\"https:\/\/1drv.ms\/b\/s!Aj6in--Gc43qhdxoEbPrO1jWhE2Ldw?e=UFQlFj\">Examen 16<\/a><\/p>\n\n\n\n<blockquote class=\"wp-block-quote is-layout-flow wp-block-quote-is-layout-flow\">\n<p>C\u00e1lculo de l\u00edmites. Monoton\u00eda y extremos relativos de una funci\u00f3n. C\u00e1lculo de una integral indefinida. Integral definida: c\u00e1lculo de \u00e1reas. Discusi\u00f3n y resoluci\u00f3n de sistemas de ecuaciones dependientes de un par\u00e1metro. Geometr\u00eda: problemas m\u00e9tricos.<\/p>\n<\/blockquote>\n\n\n\n<p><a href=\"https:\/\/1drv.ms\/b\/s!Aj6in--Gc43qhdxmP4Wr00PEGWfHKA?e=eTofk6\">Examen 17<\/a><\/p>\n\n\n\n<blockquote class=\"wp-block-quote is-layout-flow wp-block-quote-is-layout-flow\">\n<p>C\u00e1lculo de l\u00edmites por la regla de L&#8217;H\u00f4pital. Estudio de la monoton\u00eda, extremos relativos, curvatura y puntos de inflexi\u00f3n de una funci\u00f3n. Teorema del valor medio. C\u00e1lculo de una integral indefinida. Integral definida: c\u00e1lculo de \u00e1reas. Discusi\u00f3n y resoluci\u00f3n de sistemas de ecuaciones dependientes de un par\u00e1metro. Geometr\u00eda: rectas y planos en el espacio.<\/p>\n<\/blockquote>\n","protected":false},"excerpt":{"rendered":"<p>Examen 1 C\u00e1lculo de l\u00edmites. Continuidad: teorema de Bolzano. C\u00e1lculo de derivadas. Continuidad de funciones definidas por trozos. Recta tangente a una funci\u00f3n en un punto. Dada una funci\u00f3n, calcular dominio y as\u00edntotas, intervalos de crecimiento y decrecimiento, m\u00e1ximos y m\u00ednimos relativos, intervalos de concavidad y convexidad y puntos de inflexi\u00f3n. Examen 2 Derivaci\u00f3n impl\u00edcita. [&hellip;]<\/p>\n","protected":false},"author":1,"featured_media":0,"parent":0,"menu_order":0,"comment_status":"closed","ping_status":"closed","template":"","meta":{"footnotes":""},"class_list":["post-1656","page","type-page","status-publish","hentry","post"],"_links":{"self":[{"href":"https:\/\/matematicastro.es\/index.php?rest_route=\/wp\/v2\/pages\/1656","targetHints":{"allow":["GET"]}}],"collection":[{"href":"https:\/\/matematicastro.es\/index.php?rest_route=\/wp\/v2\/pages"}],"about":[{"href":"https:\/\/matematicastro.es\/index.php?rest_route=\/wp\/v2\/types\/page"}],"author":[{"embeddable":true,"href":"https:\/\/matematicastro.es\/index.php?rest_route=\/wp\/v2\/users\/1"}],"replies":[{"embeddable":true,"href":"https:\/\/matematicastro.es\/index.php?rest_route=%2Fwp%2Fv2%2Fcomments&post=1656"}],"version-history":[{"count":4,"href":"https:\/\/matematicastro.es\/index.php?rest_route=\/wp\/v2\/pages\/1656\/revisions"}],"predecessor-version":[{"id":2641,"href":"https:\/\/matematicastro.es\/index.php?rest_route=\/wp\/v2\/pages\/1656\/revisions\/2641"}],"wp:attachment":[{"href":"https:\/\/matematicastro.es\/index.php?rest_route=%2Fwp%2Fv2%2Fmedia&parent=1656"}],"curies":[{"name":"wp","href":"https:\/\/api.w.org\/{rel}","templated":true}]}}