{"id":1643,"date":"2023-08-06T13:58:22","date_gmt":"2023-08-06T11:58:22","guid":{"rendered":"https:\/\/matematicastro.es\/?page_id=1643"},"modified":"2024-10-16T10:17:12","modified_gmt":"2024-10-16T08:17:12","slug":"muestras-de-examenes-de-matematicas-ii-coleccion-1","status":"publish","type":"page","link":"https:\/\/matematicastro.es\/?page_id=1643","title":{"rendered":"Muestras de ex\u00e1menes de Matem\u00e1ticas II (Colecci\u00f3n 1)"},"content":{"rendered":"\n<p class=\"has-medium-font-size\"><a href=\"https:\/\/1drv.ms\/b\/s!Aj6in--Gc43qhdxkJ3JZn2RifaCW1g?e=g8MmcI\">Examen 1<\/a><\/p>\n\n\n\n<blockquote class=\"wp-block-quote is-layout-flow wp-block-quote-is-layout-flow\">\n<p>C\u00e1lculo de l\u00edmites. Continuidad: teorema de Bolzano. C\u00e1lculo de derivadas. Continuidad de funciones definidas por trozos. Recta tangente a una funci\u00f3n en un punto.<\/p>\n<\/blockquote>\n\n\n\n<p class=\"has-medium-font-size\"><a href=\"https:\/\/1drv.ms\/b\/s!Aj6in--Gc43qhdxiRvFc3jD_OcZGTQ?e=jhLdfQ\">Examen 2<\/a> &#8211; <a href=\"https:\/\/1drv.ms\/b\/s!Aj6in--Gc43qhdxg3r3E56zPlQj3DA?e=VEt2CP\">Examen 3<\/a> &#8211; <a href=\"https:\/\/1drv.ms\/b\/s!Aj6in--Gc43qhdxeNBhLmKMe3JQsTg?e=cqtuOl\">Examen 4<\/a><\/p>\n\n\n\n<blockquote class=\"wp-block-quote is-layout-flow wp-block-quote-is-layout-flow\">\n<p>C\u00e1lculo de l\u00edmites. Aplicaciones de las derivadas: intervalos de crecimiento y decrecimiento, extremos relativos, intervalos de concavidad y convexidad, puntos de inflexi\u00f3n. Derivabilidad: teorema de Rolle y teorema del valor medio. Problemas de optimizaci\u00f3n.<\/p>\n<\/blockquote>\n\n\n\n<p class=\"has-medium-font-size\"><a href=\"https:\/\/1drv.ms\/b\/s!Aj6in--Gc43qhdxc-XUSqGX8H8sH0Q?e=knwbXE\">Examen 5<\/a> &#8211; <a href=\"https:\/\/1drv.ms\/b\/s!Aj6in--Gc43qhdxaABMYKzHdy1yuNw?e=9O6Lwc\">Examen 6<\/a><\/p>\n\n\n\n<blockquote class=\"wp-block-quote is-layout-flow wp-block-quote-is-layout-flow\">\n<p>C\u00e1lculo de primitivas: integrales inmediatas, m\u00e9todo del cambio de variable, integraci\u00f3n por partes e integraci\u00f3n de funciones racionales. Integral definida: \u00b4c\u00e1lculo de \u00e1reas.<\/p>\n<\/blockquote>\n\n\n\n<p class=\"has-medium-font-size\"><a href=\"https:\/\/1drv.ms\/b\/s!Aj6in--Gc43qhdxYHXaQFEm8K-qaBQ?e=PNakqV\">Examen 7<\/a> &#8211; <a href=\"https:\/\/1drv.ms\/b\/s!Aj6in--Gc43qhdxWyKATe4-j2fzMGg?e=5Bihin\">Examen 8<\/a><\/p>\n\n\n\n<blockquote class=\"wp-block-quote is-layout-flow wp-block-quote-is-layout-flow\">\n<p>Integral indefinida: c\u00e1lculo de primitivas. Integral definida: c\u00e1lculo de \u00e1reas. Resoluci\u00f3n de sistemas de ecuaciones lineales por el m\u00e9todo de Gauss y por el m\u00e9todo matricial. Resoluci\u00f3n de ecuaciones matriciales. Determinantes.<\/p>\n<\/blockquote>\n\n\n\n<p class=\"has-medium-font-size\"><a href=\"https:\/\/1drv.ms\/b\/s!Aj6in--Gc43qhdxU3Sj5AuCygQUtqw?e=jZMnc8\">Examen 9<\/a><\/p>\n\n\n\n<blockquote class=\"wp-block-quote is-layout-flow wp-block-quote-is-layout-flow\">\n<p>Determinantes. C\u00e1lculo del rango de una matriz en funci\u00f3n de un par\u00e1metro. Estudio de sistemas de ecuaciones lineales usando el teorema de Rouch\u00e9. Resoluci\u00f3n de sistemas por la regla de Cramer. Discusi\u00f3n y resoluci\u00f3n de sistemas de ecuaciones dependientes de un par\u00e1metro.<\/p>\n<\/blockquote>\n\n\n\n<p class=\"has-medium-font-size\"><a href=\"https:\/\/1drv.ms\/b\/s!Aj6in--Gc43qhdxSdf-RLUGLbZqF0Q?e=igWy9F\">Examen 10<\/a><\/p>\n\n\n\n<blockquote class=\"wp-block-quote is-layout-flow wp-block-quote-is-layout-flow\">\n<p>Discusi\u00f3n y resoluci\u00f3n de sistemas de ecuaciones dependientes de un par\u00e1metro. Geometr\u00eda: rectas, planos y problemas m\u00e9tricos.<\/p>\n<\/blockquote>\n\n\n\n<p class=\"has-medium-font-size\"><a href=\"https:\/\/1drv.ms\/b\/s!Aj6in--Gc43qhdxPAfiw6zoBv2IPFw?e=3e0HhL\">Examen 11<\/a><\/p>\n\n\n\n<blockquote class=\"wp-block-quote is-layout-flow wp-block-quote-is-layout-flow\">\n<p>C\u00e1lculo de l\u00edmites. Aplicaciones de las derivadas: intervalos de crecimiento y decrecimiento, extremos relativos, intervalos de concavidad y convexidad, puntos de inflexi\u00f3n. Ecuaciones matriciales. Discusi\u00f3n y resoluci\u00f3n de sistemas de ecuaciones dependientes de un par\u00e1metro. Geometr\u00eda: problemas m\u00e9tricos.<\/p>\n<\/blockquote>\n\n\n\n<p class=\"has-medium-font-size\"><a href=\"https:\/\/1drv.ms\/b\/s!Aj6in--Gc43qhdxOP1sJTNklcBjwKg?e=3OXp8C\">Examen 12<\/a><\/p>\n\n\n\n<blockquote class=\"wp-block-quote is-layout-flow wp-block-quote-is-layout-flow\">\n<p>C\u00e1lculo de l\u00edmites. Aplicaciones de las derivadas: intervalos de crecimiento y decrecimiento, extremos relativos, intervalos de concavidad y convexidad, puntos de inflexi\u00f3n. C\u00e1lculo de primitivas. Integral definida: c\u00e1lculo de \u00e1reas. Ecuaciones matriciales. Discusi\u00f3n y resoluci\u00f3n de sistemas de ecuaciones dependientes de un par\u00e1metro. Geometr\u00eda: problemas m\u00e9tricos.<\/p>\n<\/blockquote>\n\n\n\n<p class=\"has-medium-font-size\"><a href=\"https:\/\/1drv.ms\/b\/s!Aj6in--Gc43qhdxMiJicA8vDNAsIiw?e=bBVArL\">Examen 13<\/a><\/p>\n\n\n\n<blockquote class=\"wp-block-quote is-layout-flow wp-block-quote-is-layout-flow\">\n<p>C\u00e1lculo de primitivas. Integral definida: c\u00e1lculo de \u00e1reas. Ecuaciones matriciales. Discusi\u00f3n y resoluci\u00f3n de sistemas de ecuaciones dependientes de un par\u00e1metro. Geometr\u00eda: problemas m\u00e9tricos.<\/p>\n<\/blockquote>\n\n\n\n<p class=\"has-medium-font-size\"><a href=\"https:\/\/1drv.ms\/b\/s!Aj6in--Gc43qhdxKGpbFs6K_JHM2Yw?e=hSHgpU\">Examen 14<\/a><\/p>\n\n\n\n<blockquote class=\"wp-block-quote is-layout-flow wp-block-quote-is-layout-flow\">\n<p>C\u00e1lculo de l\u00edmites. Aplicaciones de las derivadas: intervalos de crecimiento y decrecimiento y extremos relativos. C\u00e1lculo de primitivas. Integral definida: c\u00e1lculo de \u00e1reas. Ecuaciones matriciales. Discusi\u00f3n y resoluci\u00f3n de sistemas de ecuaciones dependientes de un par\u00e1metro. Geometr\u00eda: problemas m\u00e9tricos.<\/p>\n<\/blockquote>\n","protected":false},"excerpt":{"rendered":"<p>Examen 1 C\u00e1lculo de l\u00edmites. Continuidad: teorema de Bolzano. C\u00e1lculo de derivadas. Continuidad de funciones definidas por trozos. Recta tangente a una funci\u00f3n en un punto. Examen 2 &#8211; Examen 3 &#8211; Examen 4 C\u00e1lculo de l\u00edmites. Aplicaciones de las derivadas: intervalos de crecimiento y decrecimiento, extremos relativos, intervalos de concavidad y convexidad, puntos de [&hellip;]<\/p>\n","protected":false},"author":1,"featured_media":0,"parent":0,"menu_order":0,"comment_status":"closed","ping_status":"closed","template":"","meta":{"footnotes":""},"class_list":["post-1643","page","type-page","status-publish","hentry","post"],"_links":{"self":[{"href":"https:\/\/matematicastro.es\/index.php?rest_route=\/wp\/v2\/pages\/1643","targetHints":{"allow":["GET"]}}],"collection":[{"href":"https:\/\/matematicastro.es\/index.php?rest_route=\/wp\/v2\/pages"}],"about":[{"href":"https:\/\/matematicastro.es\/index.php?rest_route=\/wp\/v2\/types\/page"}],"author":[{"embeddable":true,"href":"https:\/\/matematicastro.es\/index.php?rest_route=\/wp\/v2\/users\/1"}],"replies":[{"embeddable":true,"href":"https:\/\/matematicastro.es\/index.php?rest_route=%2Fwp%2Fv2%2Fcomments&post=1643"}],"version-history":[{"count":3,"href":"https:\/\/matematicastro.es\/index.php?rest_route=\/wp\/v2\/pages\/1643\/revisions"}],"predecessor-version":[{"id":2639,"href":"https:\/\/matematicastro.es\/index.php?rest_route=\/wp\/v2\/pages\/1643\/revisions\/2639"}],"wp:attachment":[{"href":"https:\/\/matematicastro.es\/index.php?rest_route=%2Fwp%2Fv2%2Fmedia&parent=1643"}],"curies":[{"name":"wp","href":"https:\/\/api.w.org\/{rel}","templated":true}]}}