{"id":1591,"date":"2023-08-02T12:09:59","date_gmt":"2023-08-02T10:09:59","guid":{"rendered":"https:\/\/matematicastro.es\/?page_id=1591"},"modified":"2025-01-09T19:56:58","modified_gmt":"2025-01-09T17:56:58","slug":"muestras-de-examenes-de-matematicas-aplicadas-a-las-ciencias-sociales-ii-coleccion-2","status":"publish","type":"page","link":"https:\/\/matematicastro.es\/?page_id=1591","title":{"rendered":"Muestras de ex\u00e1menes de Matem\u00e1ticas aplicadas a las Ciencias Sociales II (Colecci\u00f3n 2)"},"content":{"rendered":"\n<p class=\"has-medium-font-size\"><a href=\"https:\/\/1drv.ms\/b\/s!Aj6in--Gc43qhd9CMUMOjwQvUfJwpA?e=dJb74u\">Examen 1<\/a><\/p>\n\n\n\n<blockquote class=\"wp-block-quote is-layout-flow wp-block-quote-is-layout-flow\">\n<p>Problemas de probabilidad.<\/p>\n<\/blockquote>\n\n\n\n<p class=\"has-medium-font-size\"><a href=\"https:\/\/1drv.ms\/b\/s!Aj6in--Gc43qhd9A0aYTZPQ0GGyadg?e=Lc6i2a\">Examen 2<\/a><\/p>\n\n\n\n<blockquote class=\"wp-block-quote is-layout-flow wp-block-quote-is-layout-flow\">\n<p>Problemas de distribuci\u00f3n binomial y distribuci\u00f3n normal. Problemas de inferencia estad\u00edstica: intervalos de confianza.<\/p>\n<\/blockquote>\n\n\n\n<p class=\"has-medium-font-size\"><a href=\"https:\/\/1drv.ms\/b\/s!Aj6in--Gc43qhd8-WV-EYVcVokRPWw?e=ib7f1p\">Examen 3<\/a> &#8211; <a href=\"https:\/\/1drv.ms\/b\/s!Aj6in--Gc43qhd878QBF9AaOma0DKQ?e=fzIZ27\">Examen 4<\/a><\/p>\n\n\n\n<blockquote class=\"wp-block-quote is-layout-flow wp-block-quote-is-layout-flow\">\n<p>Problemas de probabilidad. Problemas de distribuci\u00f3n normal. Problemas de inferencia estad\u00edstica: intervalos de confianza.<\/p>\n<\/blockquote>\n\n\n\n<p class=\"has-medium-font-size\"><a href=\"https:\/\/1drv.ms\/b\/s!Aj6in--Gc43qhd86VDNfitXwg4B2EA?e=RvbxoG\">Examen 5<\/a><\/p>\n\n\n\n<blockquote class=\"wp-block-quote is-layout-flow wp-block-quote-is-layout-flow\">\n<p>Problemas que se resuelve planteando un sistema lineal de tres ecuaciones con tres inc\u00f3gnitas. Operaciones con matrices. Matriz inversa. Ecuaciones matriciales.  <\/p>\n<\/blockquote>\n\n\n\n<p class=\"has-medium-font-size\"><a href=\"https:\/\/1drv.ms\/b\/s!Aj6in--Gc43qhd84V9dEn8f8MmsiZA?e=xJs979\">Examen 6<\/a> &#8211; <a href=\"https:\/\/1drv.ms\/b\/s!Aj6in--Gc43qhd82bmcv6bXkdtU21Q?e=oXx7Vo\">Examen 7<\/a><\/p>\n\n\n\n<blockquote class=\"wp-block-quote is-layout-flow wp-block-quote-is-layout-flow\">\n<p>Problemas de programaci\u00f3n lineal. Estudio de la continuidad funciones definidas por trozos y representaci\u00f3n gr\u00e1fica de estas.<\/p>\n<\/blockquote>\n\n\n\n<p class=\"has-medium-font-size\"><a href=\"https:\/\/1drv.ms\/b\/s!Aj6in--Gc43qhd80g8PUbTMgAadvtw?e=2gQhjR\">Examen 8<\/a> &#8211; <a href=\"https:\/\/1drv.ms\/b\/s!Aj6in--Gc43qhd8xmi2gSZxglhuG3g?e=Q0kjDJ\">Examen 9<\/a> &#8211; <a href=\"https:\/\/1drv.ms\/b\/s!Aj6in--Gc43qhd8wXXOoi12ELqz0hA?e=OzWD0a\">Examen 10<\/a> &#8211; <a href=\"https:\/\/1drv.ms\/b\/s!Aj6in--Gc43qhd8ut7fd7xex2XfdEQ?e=HhTAuF\">Examen 11<\/a><\/p>\n\n\n\n<blockquote class=\"wp-block-quote is-layout-flow wp-block-quote-is-layout-flow\">\n<p>Problemas que se resuelve planteando un sistema lineal de tres ecuaciones con tres inc\u00f3gnitas. Operaciones con matrices. Matriz inversa. Ecuaciones matriciales. Problemas de programaci\u00f3n lineal. Estudio de la continuidad funciones definidas por trozos y representaci\u00f3n gr\u00e1fica de estas.<\/p>\n<\/blockquote>\n\n\n\n<p class=\"has-medium-font-size\"><a href=\"https:\/\/1drv.ms\/b\/s!Aj6in--Gc43qhd8rc98d1zkpkWFWSA?e=1i5JFF\">Examen 12<\/a><\/p>\n\n\n\n<blockquote class=\"wp-block-quote is-layout-flow wp-block-quote-is-layout-flow\">\n<p>C\u00e1lculo de l\u00edmites de funciones. C\u00e1lculo de las as\u00edntotas de una funci\u00f3n racional. Dada una funci\u00f3n racional, calcular: dominio, puntos de corte con los ejes, as\u00edntotas, representaci\u00f3n gr\u00e1fica aproximada. Estudio de la continuidad de una funci\u00f3n definida por trozos: tipos de discontinuidades y representaci\u00f3n gr\u00e1fica.<\/p>\n<\/blockquote>\n\n\n\n<p class=\"has-medium-font-size\"><a href=\"https:\/\/1drv.ms\/b\/s!Aj6in--Gc43qhd8sykR7ntrFrzgoUQ?e=OmvYQk\">Examen 13<\/a><\/p>\n\n\n\n<blockquote class=\"wp-block-quote is-layout-flow wp-block-quote-is-layout-flow\">\n<p>C\u00e1lculo de l\u00edmites de funciones. Estudio de la continuidad de una funci\u00f3n definida por trozos, representaci\u00f3n gr\u00e1fica y extremos relativos. C\u00e1lculo de derivadas de funciones. Aplicaciones de las derivadas: extremos relativos. Dada una funci\u00f3n racional, calcular: as\u00edntotas verticales y oblicuas, intervalos de crecimiento, decrecimiento, m\u00e1ximos y m\u00ednimos relativos, intervalos de concavidad y convexidad y representaci\u00f3n gr\u00e1fica aproximada.<\/p>\n<\/blockquote>\n","protected":false},"excerpt":{"rendered":"<p>Examen 1 Problemas de probabilidad. Examen 2 Problemas de distribuci\u00f3n binomial y distribuci\u00f3n normal. Problemas de inferencia estad\u00edstica: intervalos de confianza. Examen 3 &#8211; Examen 4 Problemas de probabilidad. Problemas de distribuci\u00f3n normal. Problemas de inferencia estad\u00edstica: intervalos de confianza. Examen 5 Problemas que se resuelve planteando un sistema lineal de tres ecuaciones con tres [&hellip;]<\/p>\n","protected":false},"author":1,"featured_media":0,"parent":0,"menu_order":0,"comment_status":"closed","ping_status":"closed","template":"","meta":{"footnotes":""},"class_list":["post-1591","page","type-page","status-publish","hentry","post"],"_links":{"self":[{"href":"https:\/\/matematicastro.es\/index.php?rest_route=\/wp\/v2\/pages\/1591","targetHints":{"allow":["GET"]}}],"collection":[{"href":"https:\/\/matematicastro.es\/index.php?rest_route=\/wp\/v2\/pages"}],"about":[{"href":"https:\/\/matematicastro.es\/index.php?rest_route=\/wp\/v2\/types\/page"}],"author":[{"embeddable":true,"href":"https:\/\/matematicastro.es\/index.php?rest_route=\/wp\/v2\/users\/1"}],"replies":[{"embeddable":true,"href":"https:\/\/matematicastro.es\/index.php?rest_route=%2Fwp%2Fv2%2Fcomments&post=1591"}],"version-history":[{"count":2,"href":"https:\/\/matematicastro.es\/index.php?rest_route=\/wp\/v2\/pages\/1591\/revisions"}],"predecessor-version":[{"id":2763,"href":"https:\/\/matematicastro.es\/index.php?rest_route=\/wp\/v2\/pages\/1591\/revisions\/2763"}],"wp:attachment":[{"href":"https:\/\/matematicastro.es\/index.php?rest_route=%2Fwp%2Fv2%2Fmedia&parent=1591"}],"curies":[{"name":"wp","href":"https:\/\/api.w.org\/{rel}","templated":true}]}}