{"id":1582,"date":"2023-08-01T10:58:16","date_gmt":"2023-08-01T08:58:16","guid":{"rendered":"https:\/\/matematicastro.es\/?page_id=1582"},"modified":"2025-01-09T20:11:54","modified_gmt":"2025-01-09T18:11:54","slug":"muestras-de-examenes-de-matematicas-aplicadas-a-las-ciencias-sociales-ii-coleccion-3","status":"publish","type":"page","link":"https:\/\/matematicastro.es\/?page_id=1582","title":{"rendered":"Muestras de ex\u00e1menes de Matem\u00e1ticas aplicadas a las Ciencias Sociales II (Colecci\u00f3n 3)"},"content":{"rendered":"\n<p class=\"has-medium-font-size\"><a href=\"https:\/\/1drv.ms\/b\/s!Aj6in--Gc43qhd9QntLkk6QH5A-gbQ?e=G8KLIm\">Examen 1<\/a><\/p>\n\n\n\n<blockquote class=\"wp-block-quote is-layout-flow wp-block-quote-is-layout-flow\">\n<p>Operaciones con matrices. Inversa de una matriz. Resoluci\u00f3n de una ecuaci\u00f3n matricial.<\/p>\n<\/blockquote>\n\n\n\n<p class=\"has-medium-font-size\"><a href=\"https:\/\/1drv.ms\/b\/s!Aj6in--Gc43qhd9OCq544fHEF5WdIQ?e=C47ysI\">Examen 2<\/a><\/p>\n\n\n\n<blockquote class=\"wp-block-quote is-layout-flow wp-block-quote-is-layout-flow\">\n<p>Resoluci\u00f3n de un sistema lineal de tres ecuaciones con tres inc\u00f3gnitas por el m\u00e9todo de Gauss. Problema que se resuelve planteando un sistema de tres ecuaciones con tres inc\u00f3gnitas. Problemas de programaci\u00f3n lineal.<\/p>\n<\/blockquote>\n\n\n\n<p class=\"has-medium-font-size\"><a href=\"https:\/\/1drv.ms\/b\/s!Aj6in--Gc43qhd9M94pTnXMZt8KZfA?e=JAqlj7\">Examen 3<\/a><\/p>\n\n\n\n<blockquote class=\"wp-block-quote is-layout-flow wp-block-quote-is-layout-flow\">\n<p>Representaci\u00f3n y estudio de la continuidad de funciones definidas por trozos. Tipos de discontinuidades.<\/p>\n<\/blockquote>\n\n\n\n<p class=\"has-medium-font-size\"><a href=\"https:\/\/1drv.ms\/b\/s!Aj6in--Gc43qhd9K03Rn56bMWi-D1w?e=nUv1y9\">Examen 4<\/a> &#8211; <a href=\"https:\/\/1drv.ms\/b\/s!Aj6in--Gc43qhd9IJP0eulUnjeXDbg?e=nJasFn\">Examen 5<\/a><\/p>\n\n\n\n<blockquote class=\"wp-block-quote is-layout-flow wp-block-quote-is-layout-flow\">\n<p>Estudio de la continuidad de funciones definidas por trozos. Representaci\u00f3n gr\u00e1fica. C\u00e1lculo de derivadas. Funci\u00f3n polin\u00f3mica: estudio del crecimiento, decrecimiento y extremos relativos. <\/p>\n<\/blockquote>\n\n\n\n<p class=\"has-medium-font-size\"><a href=\"https:\/\/1drv.ms\/b\/s!Aj6in--Gc43qhd9G0OszRml_grHzGQ?e=t8WCtZ\">Examen 6<\/a><\/p>\n\n\n\n<blockquote class=\"wp-block-quote is-layout-flow wp-block-quote-is-layout-flow\">\n<p>Aplicaciones de las derivadas: monoton\u00eda y extremos relativos. Problemas de probabilidad.<\/p>\n<\/blockquote>\n\n\n\n<p class=\"has-medium-font-size\"><a href=\"https:\/\/1drv.ms\/b\/s!Aj6in--Gc43qhd9EG_v2MK13RF01Yg?e=0nVhJl\">Examen 7<\/a><\/p>\n\n\n\n<blockquote class=\"wp-block-quote is-layout-flow wp-block-quote-is-layout-flow\">\n<p>Problemas de probabilidad. Distribuci\u00f3n normal. Inferencia estad\u00edstica: intervalos de confianza. <\/p>\n<\/blockquote>\n","protected":false},"excerpt":{"rendered":"<p>Examen 1 Operaciones con matrices. Inversa de una matriz. Resoluci\u00f3n de una ecuaci\u00f3n matricial. Examen 2 Resoluci\u00f3n de un sistema lineal de tres ecuaciones con tres inc\u00f3gnitas por el m\u00e9todo de Gauss. Problema que se resuelve planteando un sistema de tres ecuaciones con tres inc\u00f3gnitas. Problemas de programaci\u00f3n lineal. Examen 3 Representaci\u00f3n y estudio de [&hellip;]<\/p>\n","protected":false},"author":1,"featured_media":0,"parent":0,"menu_order":0,"comment_status":"closed","ping_status":"closed","template":"","meta":{"footnotes":""},"class_list":["post-1582","page","type-page","status-publish","hentry","post"],"_links":{"self":[{"href":"https:\/\/matematicastro.es\/index.php?rest_route=\/wp\/v2\/pages\/1582","targetHints":{"allow":["GET"]}}],"collection":[{"href":"https:\/\/matematicastro.es\/index.php?rest_route=\/wp\/v2\/pages"}],"about":[{"href":"https:\/\/matematicastro.es\/index.php?rest_route=\/wp\/v2\/types\/page"}],"author":[{"embeddable":true,"href":"https:\/\/matematicastro.es\/index.php?rest_route=\/wp\/v2\/users\/1"}],"replies":[{"embeddable":true,"href":"https:\/\/matematicastro.es\/index.php?rest_route=%2Fwp%2Fv2%2Fcomments&post=1582"}],"version-history":[{"count":5,"href":"https:\/\/matematicastro.es\/index.php?rest_route=\/wp\/v2\/pages\/1582\/revisions"}],"predecessor-version":[{"id":2767,"href":"https:\/\/matematicastro.es\/index.php?rest_route=\/wp\/v2\/pages\/1582\/revisions\/2767"}],"wp:attachment":[{"href":"https:\/\/matematicastro.es\/index.php?rest_route=%2Fwp%2Fv2%2Fmedia&parent=1582"}],"curies":[{"name":"wp","href":"https:\/\/api.w.org\/{rel}","templated":true}]}}