{"id":1571,"date":"2023-07-28T20:58:14","date_gmt":"2023-07-28T18:58:14","guid":{"rendered":"https:\/\/matematicastro.es\/?page_id=1571"},"modified":"2025-01-09T19:49:31","modified_gmt":"2025-01-09T17:49:31","slug":"muestras-de-examenes-de-matematicas-aplicadas-a-las-ciencias-sociales-ii-coleccion-1","status":"publish","type":"page","link":"https:\/\/matematicastro.es\/?page_id=1571","title":{"rendered":"Muestras de ex\u00e1menes de Matem\u00e1ticas aplicadas a las Ciencias Sociales II (Colecci\u00f3n 1)"},"content":{"rendered":"\n<p class=\"has-medium-font-size\"><a href=\"https:\/\/1drv.ms\/b\/s!Aj6in--Gc43qhd8ptULuASWv0YrLwQ?e=Pf8Nbv\">Examen 1<\/a><\/p>\n\n\n\n<blockquote class=\"wp-block-quote is-layout-flow wp-block-quote-is-layout-flow\">\n<p>Sistemas: problema que se resuelve planteando un sistema de tres ecuaciones con tres inc\u00f3gnitas. Matrices: resoluci\u00f3n de una ecuaci\u00f3n matricial. Problema de programaci\u00f3n lineal.<\/p>\n<\/blockquote>\n\n\n\n<p class=\"has-medium-font-size\"><a href=\"https:\/\/1drv.ms\/b\/s!Aj6in--Gc43qhd8ocvfJ0begMezMEw?e=mSEhqb\">Examen 2<\/a><\/p>\n\n\n\n<blockquote class=\"wp-block-quote is-layout-flow wp-block-quote-is-layout-flow\">\n<p>Una hip\u00e9rbola: c\u00e1lculo de as\u00edntota vertical y horizontal, puntos de corte con los ejes y representaci\u00f3n gr\u00e1fica. C\u00e1lculo de l\u00edmites: resoluci\u00f3n de indeterminaciones.<\/p>\n<\/blockquote>\n\n\n\n<p class=\"has-medium-font-size\"><a href=\"https:\/\/1drv.ms\/b\/s!Aj6in--Gc43qhd8nuEVCAUfqOpc8AA?e=g6KSSZ\">Examen 3<\/a> &#8211; <a href=\"https:\/\/1drv.ms\/b\/s!Aj6in--Gc43qhd8m04Eb0yOvXIrnjQ?e=vEmxQ8\">Examen 4<\/a><\/p>\n\n\n\n<blockquote class=\"wp-block-quote is-layout-flow wp-block-quote-is-layout-flow\">\n<p>C\u00e1lculo de l\u00edmites: resoluci\u00f3n de indeterminaciones. Estudio de la continuidad de una funci\u00f3n definida por trozos: tipos de discontinuidades, en su caso y representaci\u00f3n gr\u00e1fica.  Funci\u00f3n racional: dominio, puntos de corte con los ejes, continuidad, as\u00edntotas y representaci\u00f3n gr\u00e1fica.<\/p>\n<\/blockquote>\n\n\n\n<p class=\"has-medium-font-size\"><a href=\"https:\/\/1drv.ms\/b\/s!Aj6in--Gc43qhd8l-45EOkPGulJBMw?e=nkpM7U\">Examen 5<\/a><\/p>\n\n\n\n<blockquote class=\"wp-block-quote is-layout-flow wp-block-quote-is-layout-flow\">\n<p>C\u00e1lculo de derivadas. Funci\u00f3n racional: dominio, puntos de corte con los ejes, continuidad, as\u00edntotas crecimiento, decrecimiento, extremos relativos y representaci\u00f3n gr\u00e1fica. Problema para resolver aplicando las derivadas. Problema de probabilidad.<\/p>\n<\/blockquote>\n\n\n\n<p class=\"has-medium-font-size\"><a href=\"https:\/\/1drv.ms\/b\/s!Aj6in--Gc43qhd8kNsKHcznqkSXklQ?e=2b4Dwr\">Examen 6<\/a><\/p>\n\n\n\n<blockquote class=\"wp-block-quote is-layout-flow wp-block-quote-is-layout-flow\">\n<p>Funci\u00f3n racional: continuidad, as\u00edntotas crecimiento, decrecimiento, extremos relativos y representaci\u00f3n gr\u00e1fica. Problema para resolver aplicando las derivadas. Problemas de probabilidad. Inferencia estad\u00edstica: intervalos de confianza.<\/p>\n<\/blockquote>\n\n\n\n<p class=\"has-medium-font-size\"><a href=\"https:\/\/1drv.ms\/b\/s!Aj6in--Gc43qhd8jtU9yBEeoZG8jCg?e=fuFadQ\">Examen 7<\/a><\/p>\n\n\n\n<blockquote class=\"wp-block-quote is-layout-flow wp-block-quote-is-layout-flow\">\n<p>Funci\u00f3n racional: dominio, puntos de corte con los ejes, continuidad, as\u00edntotas crecimiento, decrecimiento, extremos relativos y representaci\u00f3n gr\u00e1fica. Problemas de probabilidad. Inferencia estad\u00edstica: intervalos de confianza.<\/p>\n<\/blockquote>\n","protected":false},"excerpt":{"rendered":"<p>Examen 1 Sistemas: problema que se resuelve planteando un sistema de tres ecuaciones con tres inc\u00f3gnitas. Matrices: resoluci\u00f3n de una ecuaci\u00f3n matricial. Problema de programaci\u00f3n lineal. Examen 2 Una hip\u00e9rbola: c\u00e1lculo de as\u00edntota vertical y horizontal, puntos de corte con los ejes y representaci\u00f3n gr\u00e1fica. C\u00e1lculo de l\u00edmites: resoluci\u00f3n de indeterminaciones. Examen 3 &#8211; Examen [&hellip;]<\/p>\n","protected":false},"author":1,"featured_media":0,"parent":0,"menu_order":0,"comment_status":"closed","ping_status":"closed","template":"","meta":{"footnotes":""},"class_list":["post-1571","page","type-page","status-publish","hentry","post"],"_links":{"self":[{"href":"https:\/\/matematicastro.es\/index.php?rest_route=\/wp\/v2\/pages\/1571","targetHints":{"allow":["GET"]}}],"collection":[{"href":"https:\/\/matematicastro.es\/index.php?rest_route=\/wp\/v2\/pages"}],"about":[{"href":"https:\/\/matematicastro.es\/index.php?rest_route=\/wp\/v2\/types\/page"}],"author":[{"embeddable":true,"href":"https:\/\/matematicastro.es\/index.php?rest_route=\/wp\/v2\/users\/1"}],"replies":[{"embeddable":true,"href":"https:\/\/matematicastro.es\/index.php?rest_route=%2Fwp%2Fv2%2Fcomments&post=1571"}],"version-history":[{"count":2,"href":"https:\/\/matematicastro.es\/index.php?rest_route=\/wp\/v2\/pages\/1571\/revisions"}],"predecessor-version":[{"id":2761,"href":"https:\/\/matematicastro.es\/index.php?rest_route=\/wp\/v2\/pages\/1571\/revisions\/2761"}],"wp:attachment":[{"href":"https:\/\/matematicastro.es\/index.php?rest_route=%2Fwp%2Fv2%2Fmedia&parent=1571"}],"curies":[{"name":"wp","href":"https:\/\/api.w.org\/{rel}","templated":true}]}}