{"id":1557,"date":"2023-07-27T11:09:17","date_gmt":"2023-07-27T09:09:17","guid":{"rendered":"https:\/\/matematicastro.es\/?page_id=1557"},"modified":"2025-01-09T19:35:00","modified_gmt":"2025-01-09T17:35:00","slug":"ejercicios-de-matematicas-aplicadas-a-las-ccss-ii","status":"publish","type":"page","link":"https:\/\/matematicastro.es\/?page_id=1557","title":{"rendered":"Ejercicios de Matem\u00e1ticas aplicadas a las CCSS II"},"content":{"rendered":"\n<p>Los <a href=\"https:\/\/matematicastro.es\/?page_id=1527\">apuntes de Matem\u00e1ticas aplicadas a las Ciencias Sociales II<\/a> llevan, al final de cada unidad, una relaci\u00f3n de ejercicios propuestos. Adem\u00e1s, se proponen los siguientes. En una primera secci\u00f3n est\u00e1n las relaciones de ejercicios propuestos como tal. Y en una segunda las soluciones a los mismos, en muchos casos completamente desarrolladas.<\/p>\n\n\n\n<h2 class=\"wp-block-heading has-white-color has-vivid-red-background-color has-text-color has-background\">Propuestos<\/h2>\n\n\n\n<p class=\"has-medium-font-size\"><a href=\"https:\/\/1drv.ms\/b\/s!Aj6in--Gc43qhdlyV7MPBlPIOSqSbg?e=kiL7fl\">1. Matrices.<\/a><\/p>\n\n\n\n<p class=\"has-medium-font-size\"><a href=\"https:\/\/1drv.ms\/b\/s!Aj6in--Gc43qhdluATB-_g6miQdkjw?e=DIhvim\">2. Sistemas de ecuaciones. M\u00e9todo de Gauss.<\/a><\/p>\n\n\n\n<p class=\"has-medium-font-size\"><a href=\"https:\/\/1drv.ms\/b\/s!Aj6in--Gc43qhdls9w41efGvrnxWCg?e=V8u7hk\">3. Determinantes y sistemas de ecuaciones.<\/a><\/p>\n\n\n\n<p class=\"has-medium-font-size\"><a href=\"https:\/\/1drv.ms\/b\/s!Aj6in--Gc43qhdlv4d-Maq9iP9U6pw?e=5N287l\">4. Programaci\u00f3n lineal.<\/a><\/p>\n\n\n\n<p class=\"has-medium-font-size\"><a href=\"https:\/\/1drv.ms\/b\/s!Aj6in--Gc43qhdlqNo39rSfh5xkt3w?e=cxC2ag\">5. L\u00edmites y continuidad.<\/a><\/p>\n\n\n\n<p class=\"has-medium-font-size\"><a href=\"https:\/\/1drv.ms\/b\/s!Aj6in--Gc43qhdloZtpTY9-Nwh0VyA?e=yP0Ac2\">6. Derivadas.<\/a><\/p>\n\n\n\n<p class=\"has-medium-font-size\"><a href=\"https:\/\/1drv.ms\/b\/s!Aj6in--Gc43qhdlmDjVjeM-K8rpr5A?e=dPGQcm\">7. Aplicaciones de las derivadas.<\/a><\/p>\n\n\n\n<p class=\"has-medium-font-size\"><a href=\"https:\/\/1drv.ms\/b\/s!Aj6in--Gc43qhdlkXtGMfm3IIGJhWA?e=8T4Wh8\">8. Representaci\u00f3n de funciones.<\/a><\/p>\n\n\n\n<p class=\"has-medium-font-size\"><a href=\"https:\/\/1drv.ms\/b\/s!Aj6in--Gc43qhdlij7v44a9Ph5flgg?e=l4etPC\">9. Integrales.<\/a><\/p>\n\n\n\n<p class=\"has-medium-font-size\"><a href=\"https:\/\/1drv.ms\/b\/s!Aj6in--Gc43qhdlfzcq_La6v9Le1kA?e=AcZT7C\">10. Probabilidad.<\/a><\/p>\n\n\n\n<p class=\"has-medium-font-size\"><a href=\"https:\/\/1drv.ms\/b\/s!Aj6in--Gc43qhdldaqcWaQK9PFEdWw?e=jlxqDF\">11. Distribuciones binomial y normal.<\/a><\/p>\n\n\n\n<p class=\"has-medium-font-size\"><a href=\"https:\/\/1drv.ms\/b\/s!Aj6in--Gc43qhdlazV_6d0kkrtdoRA?e=pLeBrw\">12. Inferencia estad\u00edstica. Estimaci\u00f3n de la media.<\/a><\/p>\n\n\n\n<p class=\"has-medium-font-size\"><a href=\"https:\/\/1drv.ms\/b\/s!Aj6in--Gc43qhdlYGuyUKKhlvjWtCw?e=oQgAAX\">13. Inferencia estad\u00edstica. Estimaci\u00f3n de la proporci\u00f3n.<\/a><\/p>\n\n\n\n<h2 class=\"wp-block-heading has-white-color has-vivid-red-background-color has-text-color has-background\">Resueltos<\/h2>\n\n\n\n<p class=\"has-medium-font-size\"><a href=\"https:\/\/1drv.ms\/b\/s!Aj6in--Gc43qhd8fp05ZpBV7ClZhZg?e=5ggEiH\">1. Matrices.<\/a> (a partir de la p\u00e1gina 21)<\/p>\n\n\n\n<p class=\"has-medium-font-size\"><a href=\"https:\/\/1drv.ms\/b\/s!Aj6in--Gc43qhd8hirtJpN746zz6Hg?e=sgMIJ6\">2. Sistemas de ecuaciones. M\u00e9todo de Gauss.<\/a> (a partir de la p\u00e1gina 16)<\/p>\n\n\n\n<p class=\"has-medium-font-size\"><a href=\"https:\/\/1drv.ms\/b\/s!Aj6in--Gc43qhd8gUQevutIW0eThjA?e=Nh2J2c\">3. Determinantes y sistemas de ecuaciones.<\/a> (a partir de la p\u00e1gina 29)<\/p>\n\n\n\n<p class=\"has-medium-font-size\"><a href=\"https:\/\/1drv.ms\/b\/s!Aj6in--Gc43qhd8eZjBNniPbNS7aTg?e=Ru0v9K\">4. Programaci\u00f3n lineal.<\/a> (a partir de la p\u00e1gina 21)<\/p>\n\n\n\n<p class=\"has-medium-font-size\"><a href=\"https:\/\/1drv.ms\/b\/s!Aj6in--Gc43qhd8dD83CfAXXk9EbcQ?e=1z309o\">5. L\u00edmites y continuidad.<\/a><\/p>\n\n\n\n<p class=\"has-medium-font-size\"><a href=\"https:\/\/1drv.ms\/b\/s!Aj6in--Gc43qhd8cifIfyYrR2UoEdg?e=tbTs7a\">6. Derivadas.<\/a><\/p>\n\n\n\n<p class=\"has-medium-font-size\"><a href=\"https:\/\/1drv.ms\/b\/s!Aj6in--Gc43qhd8b49mBPnKUr_yzNw?e=I7KTS6\">7. Aplicaciones de las derivadas.<\/a><\/p>\n\n\n\n<p class=\"has-medium-font-size\"><a href=\"https:\/\/1drv.ms\/b\/s!Aj6in--Gc43qheY5yEC1aqFCBfZggg?e=UblZew\">8. Representaci\u00f3n de funciones.<\/a><\/p>\n\n\n\n<p class=\"has-medium-font-size\"><a href=\"https:\/\/1drv.ms\/b\/s!Aj6in--Gc43qhd8akQppGlWuEJeXUw?e=aZE4dy\">9. Integrales.<\/a><\/p>\n\n\n\n<p class=\"has-medium-font-size\"><a href=\"https:\/\/1drv.ms\/b\/s!Aj6in--Gc43qhd8ZdGPyVVTAECoRMA?e=kgXFRq\">10. Probabilidad.<\/a><\/p>\n\n\n\n<p class=\"has-medium-font-size\"><a href=\"https:\/\/1drv.ms\/b\/s!Aj6in--Gc43qhdlcc3teOgduDhwjGQ?e=02HnjL\">11. Distribuciones binomial y normal.<\/a><\/p>\n\n\n\n<p class=\"has-medium-font-size\"><a href=\"https:\/\/1drv.ms\/b\/s!Aj6in--Gc43qhd8Xg4r4SEI_WkKbew?e=BhBR7w\">12. Inferencia estad\u00edstica. Estimaci\u00f3n de la media.<\/a><\/p>\n\n\n\n<p class=\"has-medium-font-size\"><a href=\"https:\/\/1drv.ms\/b\/s!Aj6in--Gc43qhd8WjDzVcRzKAwdvsw?e=r0t5cf\">13. Inferencia estad\u00edstica. Estimaci\u00f3n de la proporci\u00f3n.<\/a><\/p>\n","protected":false},"excerpt":{"rendered":"<p>Los apuntes de Matem\u00e1ticas aplicadas a las Ciencias Sociales II llevan, al final de cada unidad, una relaci\u00f3n de ejercicios propuestos. Adem\u00e1s, se proponen los siguientes. En una primera secci\u00f3n est\u00e1n las relaciones de ejercicios propuestos como tal. Y en una segunda las soluciones a los mismos, en muchos casos completamente desarrolladas. Propuestos 1. Matrices. [&hellip;]<\/p>\n","protected":false},"author":1,"featured_media":0,"parent":0,"menu_order":0,"comment_status":"closed","ping_status":"closed","template":"","meta":{"footnotes":""},"class_list":["post-1557","page","type-page","status-publish","hentry","post"],"_links":{"self":[{"href":"https:\/\/matematicastro.es\/index.php?rest_route=\/wp\/v2\/pages\/1557","targetHints":{"allow":["GET"]}}],"collection":[{"href":"https:\/\/matematicastro.es\/index.php?rest_route=\/wp\/v2\/pages"}],"about":[{"href":"https:\/\/matematicastro.es\/index.php?rest_route=\/wp\/v2\/types\/page"}],"author":[{"embeddable":true,"href":"https:\/\/matematicastro.es\/index.php?rest_route=\/wp\/v2\/users\/1"}],"replies":[{"embeddable":true,"href":"https:\/\/matematicastro.es\/index.php?rest_route=%2Fwp%2Fv2%2Fcomments&post=1557"}],"version-history":[{"count":10,"href":"https:\/\/matematicastro.es\/index.php?rest_route=\/wp\/v2\/pages\/1557\/revisions"}],"predecessor-version":[{"id":2759,"href":"https:\/\/matematicastro.es\/index.php?rest_route=\/wp\/v2\/pages\/1557\/revisions\/2759"}],"wp:attachment":[{"href":"https:\/\/matematicastro.es\/index.php?rest_route=%2Fwp%2Fv2%2Fmedia&parent=1557"}],"curies":[{"name":"wp","href":"https:\/\/api.w.org\/{rel}","templated":true}]}}