{"id":152,"date":"2023-05-18T19:30:21","date_gmt":"2023-05-18T19:30:21","guid":{"rendered":"http:\/\/matematicastro.es\/?page_id=152"},"modified":"2026-05-05T13:48:31","modified_gmt":"2026-05-05T12:48:31","slug":"apuntes-de-matematicas-1o-eso","status":"publish","type":"page","link":"https:\/\/matematicastro.es\/?page_id=152","title":{"rendered":"Apuntes de Matem\u00e1ticas 1\u00ba ESO"},"content":{"rendered":"\n<p class=\"has-medium-font-size\"><a href=\"https:\/\/matematicastro.es\/wp-content\/eso1\/apuntes\/01-numeros_naturales.pdf\" target=\"_blank\" rel=\"noreferrer noopener\">1. N\u00fameros naturales<\/a><\/p>\n\n\n\n<p class=\"has-cyan-bluish-gray-color has-text-color\">Sistema de numeraci\u00f3n decimal. Aproximaci\u00f3n de n\u00fameros naturales. Propiedades de las operaciones con n\u00fameros naturales. Potencias de n\u00fameros naturales. Potencias de base 10. Descomposici\u00f3n polin\u00f3mica de un n\u00famero. Operaciones con potencias. Ra\u00edz cuadrada. Operaciones combinadas con n\u00fameros naturales. <\/p>\n\n\n\n<p class=\"has-medium-font-size\"><a href=\"https:\/\/matematicastro.es\/wp-content\/eso1\/apuntes\/02-divisibilidad.pdf\" target=\"_blank\" rel=\"noreferrer noopener\">2. Divisibilidad<\/a><\/p>\n\n\n\n<p class=\"has-cyan-bluish-gray-color has-text-color\">M\u00faltiplo y divisor. N\u00fameros primos. Criterios de divisibilidad. Descomposici\u00f3n de un n\u00famero natural en producto de factores primos o factorizaci\u00f3n. M\u00e1ximo com\u00fan divisor y m\u00ednimo com\u00fan m\u00faltiplo.  <\/p>\n\n\n\n<p class=\"has-medium-font-size\"><a href=\"https:\/\/matematicastro.es\/wp-content\/eso1\/apuntes\/03-numeros_enteros.pdf\" target=\"_blank\" rel=\"noreferrer noopener\">3. N\u00fameros enteros<\/a><\/p>\n\n\n\n<p class=\"has-cyan-bluish-gray-color has-text-color\">El conjunto de los n\u00fameros enteros. Comparaci\u00f3n de n\u00fameros enteros. \u00bfC\u00f3mo se suman y se restan n\u00fameros enteros? \u00bfC\u00f3mo se multiplican y dividen n\u00fameros enteros? Operaciones combinadas. <\/p>\n\n\n\n<p class=\"has-medium-font-size\"><a href=\"https:\/\/matematicastro.es\/wp-content\/eso1\/apuntes\/04-fracciones\" target=\"_blank\" rel=\"noreferrer noopener\">4. Fracciones<\/a><\/p>\n\n\n\n<p class=\"has-cyan-bluish-gray-color has-text-color\">Fracciones. Fracciones equivalentes. Comparaci\u00f3n de fracciones. Suma y resta de fracciones. Multiplicaci\u00f3n y divisi\u00f3n de fracciones. Operaciones combinadas con fracciones.  <\/p>\n\n\n\n<p class=\"has-medium-font-size\"><a href=\"https:\/\/matematicastro.es\/wp-content\/eso1\/apuntes\/05-proporcionalidad_numerica.pdf\" target=\"_blank\" rel=\"noreferrer noopener\">5. Proporcionalidad num\u00e9rica. Porcentajes<\/a><\/p>\n\n\n\n<p class=\"has-cyan-bluish-gray-color has-text-color\">Raz\u00f3n y proporci\u00f3n. Magnitudes directamente proporcionales. Problemas de proporcionalidad. Porcentajes. Aumentos y disminuciones porcentuales. <\/p>\n\n\n\n<p class=\"has-medium-font-size\"><a href=\"https:\/\/matematicastro.es\/wp-content\/eso1\/apuntes\/06-expresiones_algebraicas_ecuaciones.pdf\" target=\"_blank\" rel=\"noreferrer noopener\">6. Expresiones algebraicas. Ecuaciones de primer grado<\/a><\/p>\n\n\n\n<p class=\"has-cyan-bluish-gray-color has-text-color\">Expresiones algebraicas. Monomios. Operaciones con monomios. Igualdades, identidades y ecuaciones. Resoluci\u00f3n de ecuaciones de primer grado. Resoluci\u00f3n de ecuaciones con denominadores. Resoluci\u00f3n de problemas usando ecuaciones.<\/p>\n\n\n\n<p class=\"has-medium-font-size\"><a href=\"https:\/\/matematicastro.es\/wp-content\/eso1\/apuntes\/07-funcion_lineal.pdf\" target=\"_blank\" rel=\"noreferrer noopener\">7. La funci\u00f3n lineal<\/a><\/p>\n\n\n\n<p class=\"has-cyan-bluish-gray-color has-text-color\">Definici\u00f3n de funci\u00f3n lineal. Representaci\u00f3n gr\u00e1fica de una funci\u00f3n lineal. Tabla de valores. <\/p>\n","protected":false},"excerpt":{"rendered":"<p>1. N\u00fameros naturales Sistema de numeraci\u00f3n decimal. Aproximaci\u00f3n de n\u00fameros naturales. Propiedades de las operaciones con n\u00fameros naturales. Potencias de n\u00fameros naturales. Potencias de base 10. Descomposici\u00f3n polin\u00f3mica de un n\u00famero. Operaciones con potencias. Ra\u00edz cuadrada. Operaciones combinadas con n\u00fameros naturales. 2. Divisibilidad M\u00faltiplo y divisor. N\u00fameros primos. Criterios de divisibilidad. Descomposici\u00f3n de un n\u00famero [&hellip;]<\/p>\n","protected":false},"author":1,"featured_media":0,"parent":0,"menu_order":0,"comment_status":"closed","ping_status":"closed","template":"","meta":{"footnotes":""},"class_list":["post-152","page","type-page","status-publish","hentry","post"],"_links":{"self":[{"href":"https:\/\/matematicastro.es\/index.php?rest_route=\/wp\/v2\/pages\/152","targetHints":{"allow":["GET"]}}],"collection":[{"href":"https:\/\/matematicastro.es\/index.php?rest_route=\/wp\/v2\/pages"}],"about":[{"href":"https:\/\/matematicastro.es\/index.php?rest_route=\/wp\/v2\/types\/page"}],"author":[{"embeddable":true,"href":"https:\/\/matematicastro.es\/index.php?rest_route=\/wp\/v2\/users\/1"}],"replies":[{"embeddable":true,"href":"https:\/\/matematicastro.es\/index.php?rest_route=%2Fwp%2Fv2%2Fcomments&post=152"}],"version-history":[{"count":25,"href":"https:\/\/matematicastro.es\/index.php?rest_route=\/wp\/v2\/pages\/152\/revisions"}],"predecessor-version":[{"id":3958,"href":"https:\/\/matematicastro.es\/index.php?rest_route=\/wp\/v2\/pages\/152\/revisions\/3958"}],"wp:attachment":[{"href":"https:\/\/matematicastro.es\/index.php?rest_route=%2Fwp%2Fv2%2Fmedia&parent=152"}],"curies":[{"name":"wp","href":"https:\/\/api.w.org\/{rel}","templated":true}]}}