{"id":1512,"date":"2023-07-10T19:01:29","date_gmt":"2023-07-10T17:01:29","guid":{"rendered":"https:\/\/matematicastro.es\/?page_id=1512"},"modified":"2024-09-23T12:50:55","modified_gmt":"2024-09-23T10:50:55","slug":"muestras-de-examenes-de-matematicas-i-coleccion-6","status":"publish","type":"page","link":"https:\/\/matematicastro.es\/?page_id=1512","title":{"rendered":"Muestras de ex\u00e1menes de Matem\u00e1ticas I (Colecci\u00f3n 6)"},"content":{"rendered":"\n<p><a href=\"https:\/\/1drv.ms\/b\/s!Aj6in--Gc43qhdNoSpCaQ8PUUBaPIA?e=Acp83y\">1. Trigonometr\u00eda. N\u00fameros complejos<\/a><\/p>\n\n\n\n<p><a href=\"https:\/\/1drv.ms\/b\/s!Aj6in--Gc43qhdNnRpdxWHckImv20A?e=CIMZac\">2. Fracciones. Potencias. Porcentajes. Radicales. Polinomios. Fracciones algebraicas<\/a><\/p>\n\n\n\n<p><a href=\"https:\/\/1drv.ms\/b\/s!Aj6in--Gc43qhdNmreW77cfWdHzFYQ?e=HjlNsh\">3. Ecuaciones. Sistemas de ecuaciones no lineales. Sistemas de inecuaciones con una inc\u00f3gnita. Inecuaciones con la inc\u00f3gnita en el denominador. Problemas<\/a><\/p>\n\n\n\n<p><a href=\"https:\/\/1drv.ms\/b\/s!Aj6in--Gc43qhdNllULCFDLUd7vwIw?e=gh8ntj\">4. Potencias. Radicales. Ecuaciones. Sistemas de ecuaciones no lineales. Inecuaciones con la inc\u00f3gnita en el denominador. Problemas. Binomio de Newton<\/a><\/p>\n\n\n\n<p><a href=\"https:\/\/1drv.ms\/b\/s!Aj6in--Gc43qhdNkavWZ_UFKc9TgLw?e=MoppBQ\">5. Potencias. Radicales. Ecuaciones. Sistemas de ecuaciones no lineales. Inecuaciones con la inc\u00f3gnita en el denominador. Problemas<\/a><\/p>\n\n\n\n<p><a href=\"https:\/\/1drv.ms\/b\/s!Aj6in--Gc43qhdNjb-YWa9cEND7jYA?e=syvFwa\">6. Trigonometr\u00eda<\/a><\/p>\n\n\n\n<p><a href=\"https:\/\/1drv.ms\/b\/s!Aj6in--Gc43qhdNi8rNin719VHLc7g?e=Prdiq3\">7. Trigonometr\u00eda<\/a><\/p>\n\n\n\n<p><a href=\"https:\/\/1drv.ms\/b\/s!Aj6in--Gc43qhdNhoRIdoGMAiq2c6Q?e=hHMzSz\">8. Trigonometr\u00eda. Vectores<\/a><\/p>\n\n\n\n<p><a href=\"https:\/\/1drv.ms\/b\/s!Aj6in--Gc43qhdNgzsaSJ85h6IrwCA?e=yC4LfG\">9. Trigonometr\u00eda<\/a><\/p>\n\n\n\n<p><a href=\"https:\/\/1drv.ms\/b\/s!Aj6in--Gc43qhdNfIXBi7Sp7_NA3SA?e=hzZNue\">10. La recta. Geometr\u00eda m\u00e9trica plana<\/a><\/p>\n\n\n\n<p><a href=\"https:\/\/1drv.ms\/b\/s!Aj6in--Gc43qhdNei6KZ6FhiMtDNqQ?e=HbgvDt\">11. Dominio de una funci\u00f3n. Sistemas de ecuaciones: resoluci\u00f3n anal\u00edtica y gr\u00e1fica. Tipos de funciones y representaci\u00f3n gr\u00e1fica. Logaritmos. Ecuaciones exponenciales y logar\u00edtmicas. Estudio de la continuidad de una funci\u00f3n definida por trozos. Representaci\u00f3n gr\u00e1fica<\/a><\/p>\n\n\n\n<p><a href=\"https:\/\/1drv.ms\/b\/s!Aj6in--Gc43qhdNd8S39j3dh4p1pQA?e=LXibXk\">12. La recta. Geometr\u00eda m\u00e9trica plana. Ecuaciones logar\u00edtmicas. C\u00e1lculo de l\u00edmites. Estudio de la continuidad de una funci\u00f3n definida por trozos: tipos de discontinuidades. Funciones: puntos de corte con los ejes, as\u00edntotas y representaci\u00f3n gr\u00e1fica. Derivada de una funci\u00f3n en un punto: recta tangente a la gr\u00e1fica en dicho punto<\/a><\/p>\n\n\n\n<p><a href=\"https:\/\/1drv.ms\/b\/s!Aj6in--Gc43qhdNpUIqlSgpO2aJ4FA?e=w3vU41\">13. La recta. Geometr\u00eda m\u00e9trica plana. Ecuaciones logar\u00edtmicas. C\u00e1lculo de l\u00edmites. Estudio de la continuidad de una funci\u00f3n definida por trozos: tipos de discontinuidades. Funciones: puntos de corte con los ejes, as\u00edntotas y representaci\u00f3n gr\u00e1fica. Derivada de una funci\u00f3n en un punto: recta tangente a la gr\u00e1fica en dicho punto<\/a><\/p>\n\n\n\n<p><a href=\"https:\/\/1drv.ms\/b\/s!Aj6in--Gc43qhdNcxsUojFUNTfzmeQ?e=pXmE6x\">14. La recta. Geometr\u00eda m\u00e9trica plana. Ecuaciones logar\u00edtmicas. C\u00e1lculo de l\u00edmites. Estudio de la continuidad de una funci\u00f3n definida por trozos: tipos de discontinuidades. Funciones: puntos de corte con los ejes, as\u00edntotas y representaci\u00f3n gr\u00e1fica. Derivada de una funci\u00f3n en un punto: recta tangente a la gr\u00e1fica en dicho punto<\/a><\/p>\n\n\n\n<p><a href=\"https:\/\/1drv.ms\/b\/s!Aj6in--Gc43qhdNb2zO4irdC9e0mwg?e=s3lXJB\">15. La recta. Geometr\u00eda m\u00e9trica plana. Ecuaciones logar\u00edtmicas. C\u00e1lculo de l\u00edmites. Estudio de la continuidad de una funci\u00f3n definida por trozos: tipos de discontinuidades. Funciones: puntos de corte con los ejes, as\u00edntotas y representaci\u00f3n gr\u00e1fica. Derivada de una funci\u00f3n en un punto: recta tangente a la gr\u00e1fica en dicho punto<\/a><\/p>\n\n\n\n<p><a href=\"https:\/\/1drv.ms\/b\/s!Aj6in--Gc43qhdNaCjlH4HjS9PgKwQ?e=JO7Maa\">16. Ecuaciones. Sistemas de ecuaciones no lineales. Sistemas de inecuaciones con una inc\u00f3gnita. Problemas. Geometr\u00eda m\u00e9trica plana. C\u00e1lculo de l\u00edmites. Estudio de la continuidad de una funci\u00f3n definida por trozos: tipos de discontinuidades. Funciones: puntos de corte con los ejes, as\u00edntotas y representaci\u00f3n gr\u00e1fica<\/a><\/p>\n\n\n\n<p><a href=\"https:\/\/1drv.ms\/b\/s!Aj6in--Gc43qhdNZo_FbEycHMu_DXQ?e=V4gcTE\">17. Binomio de Newton. Radicales. Notaci\u00f3n cient\u00edfica. Valor absoluto. Factorizaci\u00f3n de polinomios. Fracciones algebraicas. Ecuaciones<\/a><\/p>\n\n\n\n<p><a href=\"https:\/\/1drv.ms\/b\/s!Aj6in--Gc43qhdNYnv-YlGny9UiguQ?e=ijxE5R\">18. Binomio de Newton. Ecuaciones. Sistemas de ecuaciones no lineales. Problemas. Trigonometr\u00eda<\/a><\/p>\n\n\n\n<p><a href=\"https:\/\/1drv.ms\/b\/s!Aj6in--Gc43qhdNXU01LSNf7v_8qJg?e=GdtnVp\">19. Binomio de Newton. Ecuaciones. Sistemas de ecuaciones no lineales. Problemas. Trigonometr\u00eda<\/a><\/p>\n\n\n\n<p><a href=\"https:\/\/1drv.ms\/b\/s!Aj6in--Gc43qhdNWuF0IDuSFucgjew?e=Sj974Y\">20. Binomio de Newton. Ecuaciones. Sistemas de ecuaciones no lineales. Problemas. Trigonometr\u00eda<\/a><\/p>\n\n\n\n<p><a href=\"https:\/\/1drv.ms\/b\/s!Aj6in--Gc43qhdNVRRSUvtSCQXffOA?e=t41tcp\">21. Trigonometr\u00eda. Vectores en el plano. Geometr\u00eda m\u00e9trica plana<\/a><\/p>\n\n\n\n<p><a href=\"https:\/\/1drv.ms\/b\/s!Aj6in--Gc43qhdNUW1gng_6U75phyg?e=jhFsbH\">22. Trigonometr\u00eda. Vectores en el plano. Geometr\u00eda m\u00e9trica plana<\/a><\/p>\n\n\n\n<p><a href=\"https:\/\/1drv.ms\/b\/s!Aj6in--Gc43qhdNT3uWw7gd2oeHSUw?e=1DYkhI\">23. Trigonometr\u00eda. Vectores en el plano. Geometr\u00eda m\u00e9trica plana<\/a><\/p>\n\n\n\n<p><a href=\"https:\/\/1drv.ms\/b\/s!Aj6in--Gc43qhdNSumERx2p6jdnDIw?e=fbNx1R\">24. Trigonometr\u00eda. Vectores en el plano. Geometr\u00eda m\u00e9trica plana<\/a><\/p>\n\n\n\n<p><a href=\"https:\/\/1drv.ms\/b\/s!Aj6in--Gc43qhdNR6CV4bdbuBGm4PA?e=6QUni6\">25. Funci\u00f3n lineal: la recta. Funci\u00f3n cuadr\u00e1tica: la par\u00e1bola. La hip\u00e9rbola. Representaci\u00f3n de funciones definidas por trozos. Logaritmos. Ecuaciones logar\u00edtmicas. Composici\u00f3n de funciones. C\u00e1lculo de la inversa de una funci\u00f3n<\/a><\/p>\n\n\n\n<p><a href=\"https:\/\/1drv.ms\/b\/s!Aj6in--Gc43qhdNQ0UCk36aA1EkTLw?e=AkqpTl\">26. Funci\u00f3n cuadr\u00e1tica: la par\u00e1bola. La hip\u00e9rbola. Representaci\u00f3n de funciones definidas por trozos. Logaritmos. Ecuaciones logar\u00edtmicas. Composici\u00f3n de funciones. C\u00e1lculo de la inversa de una funci\u00f3n<\/a><\/p>\n\n\n\n<p><a href=\"https:\/\/1drv.ms\/b\/s!Aj6in--Gc43qhdNP27MhkzBXK9aIsA?e=Ns5d25\">27. Estudio de la continuidad de una funci\u00f3n definida por trozos: tipos de discontinuidad. Derivada de una funci\u00f3n en un punto: recta tangente a la gr\u00e1fica de la funci\u00f3n en dicho punto. C\u00e1lculo de derivadas. Funciones: dominio, puntos de corte con los ejes, as\u00edntotas, monoton\u00eda, extremos relativos y representaci\u00f3n gr\u00e1fica<\/a><\/p>\n\n\n\n<p><a href=\"https:\/\/1drv.ms\/b\/s!Aj6in--Gc43qhdNONY9h4iBFdT-eJw?e=cFfM4j\">28. Trigonometr\u00eda. Geometr\u00eda m\u00e9trica plana. Estudio de la continuidad de una funci\u00f3n definida por trozos: tipos de discontinuidad. C\u00e1lculo de derivadas. Funciones: dominio, puntos de corte con los ejes, as\u00edntotas, monoton\u00eda, extremos relativos y representaci\u00f3n gr\u00e1fica<\/a><\/p>\n\n\n\n<p><a href=\"https:\/\/1drv.ms\/b\/s!Aj6in--Gc43qhdNNA313yjZ4qhG0uA?e=67yWSw\">29. Trigonometr\u00eda. Geometr\u00eda m\u00e9trica plana. Estudio de la continuidad de una funci\u00f3n definida por trozos: tipos de discontinuidad. C\u00e1lculo de derivadas. Funciones: dominio, puntos de corte con los ejes, as\u00edntotas, monoton\u00eda, extremos relativos y representaci\u00f3n gr\u00e1fica<\/a><\/p>\n","protected":false},"excerpt":{"rendered":"<p>1. Trigonometr\u00eda. N\u00fameros complejos 2. Fracciones. Potencias. Porcentajes. Radicales. Polinomios. Fracciones algebraicas 3. Ecuaciones. Sistemas de ecuaciones no lineales. Sistemas de inecuaciones con una inc\u00f3gnita. Inecuaciones con la inc\u00f3gnita en el denominador. Problemas 4. Potencias. Radicales. Ecuaciones. Sistemas de ecuaciones no lineales. Inecuaciones con la inc\u00f3gnita en el denominador. Problemas. Binomio de Newton 5. Potencias. [&hellip;]<\/p>\n","protected":false},"author":1,"featured_media":0,"parent":0,"menu_order":0,"comment_status":"closed","ping_status":"closed","template":"","meta":{"footnotes":""},"class_list":["post-1512","page","type-page","status-publish","hentry","post"],"_links":{"self":[{"href":"https:\/\/matematicastro.es\/index.php?rest_route=\/wp\/v2\/pages\/1512","targetHints":{"allow":["GET"]}}],"collection":[{"href":"https:\/\/matematicastro.es\/index.php?rest_route=\/wp\/v2\/pages"}],"about":[{"href":"https:\/\/matematicastro.es\/index.php?rest_route=\/wp\/v2\/types\/page"}],"author":[{"embeddable":true,"href":"https:\/\/matematicastro.es\/index.php?rest_route=\/wp\/v2\/users\/1"}],"replies":[{"embeddable":true,"href":"https:\/\/matematicastro.es\/index.php?rest_route=%2Fwp%2Fv2%2Fcomments&post=1512"}],"version-history":[{"count":7,"href":"https:\/\/matematicastro.es\/index.php?rest_route=\/wp\/v2\/pages\/1512\/revisions"}],"predecessor-version":[{"id":2620,"href":"https:\/\/matematicastro.es\/index.php?rest_route=\/wp\/v2\/pages\/1512\/revisions\/2620"}],"wp:attachment":[{"href":"https:\/\/matematicastro.es\/index.php?rest_route=%2Fwp%2Fv2%2Fmedia&parent=1512"}],"curies":[{"name":"wp","href":"https:\/\/api.w.org\/{rel}","templated":true}]}}