{"id":1498,"date":"2023-07-10T12:48:58","date_gmt":"2023-07-10T10:48:58","guid":{"rendered":"https:\/\/matematicastro.es\/?page_id=1498"},"modified":"2024-09-23T11:49:21","modified_gmt":"2024-09-23T09:49:21","slug":"muestras-de-examenes-de-matematicas-i-coleccion-5","status":"publish","type":"page","link":"https:\/\/matematicastro.es\/?page_id=1498","title":{"rendered":"Muestras de ex\u00e1menes de Matem\u00e1ticas I (Colecci\u00f3n 5)"},"content":{"rendered":"\n<p class=\"has-medium-font-size\"><a href=\"https:\/\/1drv.ms\/b\/s!Aj6in--Gc43qhdNLDdtHCIXmhKYKeA?e=beQCZf\">Examen 1<\/a> &#8211; <a href=\"https:\/\/1drv.ms\/b\/s!Aj6in--Gc43qhdNJrpFLnaUHceVO3A?e=7425P1\">Examen 2<\/a> &#8211; <a href=\"https:\/\/1drv.ms\/b\/s!Aj6in--Gc43qhdNHm4qd6vK7JwwAFA?e=ycVYhZ\">Examen 3<\/a> &#8211; <a href=\"https:\/\/1drv.ms\/b\/s!Aj6in--Gc43qhdNFOT5331r7tZIUhw?e=2eoztL\">Examen 4<\/a> &#8211; <a href=\"https:\/\/1drv.ms\/b\/s!Aj6in--Gc43qhdNDn4eQrQkmlZOzwQ?e=fqguu0\">Examen 5<\/a><\/p>\n\n\n\n<blockquote class=\"wp-block-quote is-layout-flow wp-block-quote-is-layout-flow\">\n<p>Radicales. Valor absoluto. Logaritmos. Notaci\u00f3n cient\u00edfica. Aproximaciones. Problemas<\/p>\n<\/blockquote>\n\n\n\n<p class=\"has-medium-font-size\"><a href=\"https:\/\/1drv.ms\/b\/s!Aj6in--Gc43qhdNBZu_vXQpPFuP4rw?e=sD5jpN\">Examen 6<\/a> &#8211; <a href=\"https:\/\/1drv.ms\/b\/s!Aj6in--Gc43qhdM_S9hFOhieuAy0bQ?e=4VbdWI\">Examen 7<\/a> &#8211; <a href=\"https:\/\/1drv.ms\/b\/s!Aj6in--Gc43qhdM8ofLfwRYMahS2NA?e=B077WE\">Examen 8<\/a><\/p>\n\n\n\n<blockquote class=\"wp-block-quote is-layout-flow wp-block-quote-is-layout-flow\">\n<p>Fracciones algebraicas. Ecuaciones. Sistemas de ecuaciones no lineales. Inecuaciones. Sistemas de inecuaciones.<\/p>\n<\/blockquote>\n\n\n\n<p class=\"has-medium-font-size\"><a href=\"https:\/\/1drv.ms\/b\/s!Aj6in--Gc43qhdM751tNrh6NAfA7eQ?e=3VSNIS\">Examen 9<\/a> &#8211; <a href=\"https:\/\/1drv.ms\/b\/s!Aj6in--Gc43qhdM5g8lGzQTYL0z_0A?e=p6kGaV\">Examen 10<\/a> &#8211; <a href=\"https:\/\/1drv.ms\/b\/s!Aj6in--Gc43qhdM23yDnrd-hOewIpg?e=hmD3oE\">Examen 11<\/a><\/p>\n\n\n\n<blockquote class=\"wp-block-quote is-layout-flow wp-block-quote-is-layout-flow\">\n<p>Trigonometr\u00eda.<\/p>\n<\/blockquote>\n\n\n\n<p class=\"has-medium-font-size\"><a href=\"https:\/\/1drv.ms\/b\/s!Aj6in--Gc43qhdM1btlFVbJ9Ok7I7g?e=AHUY7W\">Examen 12<\/a> &#8211; <a href=\"https:\/\/1drv.ms\/b\/s!Aj6in--Gc43qhdMzTXFxF9xB9Ju0wg?e=ytiyMa\">Examen 13<\/a><\/p>\n\n\n\n<blockquote class=\"wp-block-quote is-layout-flow wp-block-quote-is-layout-flow\">\n<p>Ecuaciones trigonom\u00e9tricas. Vectores en el plano. <\/p>\n<\/blockquote>\n\n\n\n<p class=\"has-medium-font-size\"><a href=\"https:\/\/1drv.ms\/b\/s!Aj6in--Gc43qhdMxmvySYVDTiouuiw?e=NsjnnB\">Examen 14<\/a><\/p>\n\n\n\n<blockquote class=\"wp-block-quote is-layout-flow wp-block-quote-is-layout-flow\">\n<p>Trigonometr\u00eda. Vectores en el plano. <\/p>\n<\/blockquote>\n\n\n\n<p class=\"has-medium-font-size\"><a href=\"https:\/\/1drv.ms\/b\/s!Aj6in--Gc43qhdMvQk80hE9Pa2ph6Q?e=mAxd4J\">Examen 15<\/a> &#8211; <a href=\"https:\/\/1drv.ms\/b\/s!Aj6in--Gc43qhdMt41HU-jFosG8tPw?e=WE0DXn\">Examen 16<\/a> &#8211; <a href=\"https:\/\/1drv.ms\/b\/s!Aj6in--Gc43qhdMrT4aoQn2_q5fd2g?e=JfJZYf\">Examen 17<\/a><\/p>\n\n\n\n<blockquote class=\"wp-block-quote is-layout-flow wp-block-quote-is-layout-flow\">\n<p>La recta. Geometr\u00eda m\u00e9trica plana.<\/p>\n<\/blockquote>\n\n\n\n<p class=\"has-medium-font-size\"><a href=\"https:\/\/1drv.ms\/b\/s!Aj6in--Gc43qhdMoEQIoP86BeRnbAQ?e=wUyuZ9\">Examen 18<\/a> &#8211; <a href=\"https:\/\/1drv.ms\/b\/s!Aj6in--Gc43qhdMn736yX7akddouzA?e=2Qqwhr\">Examen 19<\/a><\/p>\n\n\n\n<blockquote class=\"wp-block-quote is-layout-flow wp-block-quote-is-layout-flow\">\n<p>C\u00e1lculo de l\u00edmites de funciones. Estudio de la continuidad de funciones definidas por trozos: tipos de discontinuidades.<\/p>\n<\/blockquote>\n","protected":false},"excerpt":{"rendered":"<p>Examen 1 &#8211; Examen 2 &#8211; Examen 3 &#8211; Examen 4 &#8211; Examen 5 Radicales. Valor absoluto. Logaritmos. Notaci\u00f3n cient\u00edfica. Aproximaciones. Problemas Examen 6 &#8211; Examen 7 &#8211; Examen 8 Fracciones algebraicas. Ecuaciones. Sistemas de ecuaciones no lineales. Inecuaciones. Sistemas de inecuaciones. Examen 9 &#8211; Examen 10 &#8211; Examen 11 Trigonometr\u00eda. Examen 12 &#8211; Examen [&hellip;]<\/p>\n","protected":false},"author":1,"featured_media":0,"parent":0,"menu_order":0,"comment_status":"closed","ping_status":"closed","template":"","meta":{"footnotes":""},"class_list":["post-1498","page","type-page","status-publish","hentry","post"],"_links":{"self":[{"href":"https:\/\/matematicastro.es\/index.php?rest_route=\/wp\/v2\/pages\/1498","targetHints":{"allow":["GET"]}}],"collection":[{"href":"https:\/\/matematicastro.es\/index.php?rest_route=\/wp\/v2\/pages"}],"about":[{"href":"https:\/\/matematicastro.es\/index.php?rest_route=\/wp\/v2\/types\/page"}],"author":[{"embeddable":true,"href":"https:\/\/matematicastro.es\/index.php?rest_route=\/wp\/v2\/users\/1"}],"replies":[{"embeddable":true,"href":"https:\/\/matematicastro.es\/index.php?rest_route=%2Fwp%2Fv2%2Fcomments&post=1498"}],"version-history":[{"count":8,"href":"https:\/\/matematicastro.es\/index.php?rest_route=\/wp\/v2\/pages\/1498\/revisions"}],"predecessor-version":[{"id":2616,"href":"https:\/\/matematicastro.es\/index.php?rest_route=\/wp\/v2\/pages\/1498\/revisions\/2616"}],"wp:attachment":[{"href":"https:\/\/matematicastro.es\/index.php?rest_route=%2Fwp%2Fv2%2Fmedia&parent=1498"}],"curies":[{"name":"wp","href":"https:\/\/api.w.org\/{rel}","templated":true}]}}