{"id":1489,"date":"2023-07-10T12:22:46","date_gmt":"2023-07-10T10:22:46","guid":{"rendered":"https:\/\/matematicastro.es\/?page_id=1489"},"modified":"2024-09-23T11:38:18","modified_gmt":"2024-09-23T09:38:18","slug":"muestras-de-examenes-de-matematicas-i-coleccion-4","status":"publish","type":"page","link":"https:\/\/matematicastro.es\/?page_id=1489","title":{"rendered":"Muestras de ex\u00e1menes de Matem\u00e1ticas I (Colecci\u00f3n 4)"},"content":{"rendered":"\n<p class=\"has-medium-font-size\"><a href=\"https:\/\/1drv.ms\/b\/s!Aj6in--Gc43qhdMlDX1YghV8h_ZhJw?e=9lCda3\">Examen 1<\/a> &#8211; <a href=\"https:\/\/1drv.ms\/b\/s!Aj6in--Gc43qhdMjpB6vJYl0iVNSCA?e=OqL7zC\">Examen 2<\/a> &#8211; <a href=\"https:\/\/1drv.ms\/b\/s!Aj6in--Gc43qhdMhLPq8PYf1bJlTrw?e=b4pUgd\">Examen 3<\/a><\/p>\n\n\n\n<blockquote class=\"wp-block-quote is-layout-flow wp-block-quote-is-layout-flow\">\n<p>Radicales. Notaci\u00f3n cient\u00edfica. Aproximaciones. Valor absoluto. Logaritmos. Polinomios: regla de Ruffini, teorema del resto y factorizaci\u00f3n de polinomios. Fracciones algebraicas.<\/p>\n<\/blockquote>\n\n\n\n<p class=\"has-medium-font-size\"><a href=\"https:\/\/1drv.ms\/b\/s!Aj6in--Gc43qhdMeW4X4Cv_qFVa_UQ?e=vABheb\">Examen 4<\/a> &#8211; <a href=\"https:\/\/1drv.ms\/b\/s!Aj6in--Gc43qhdMdUTHRkR4jKCn4ww?e=d7jhgE\">Examen 5<\/a><\/p>\n\n\n\n<blockquote class=\"wp-block-quote is-layout-flow wp-block-quote-is-layout-flow\">\n<p>Ecuaciones. Sistemas de ecuaciones no lineales. Inecuaciones. Sistemas de inecuaciones. Ecuaciones exponenciales y logar\u00edtmicas. Problemas.<\/p>\n<\/blockquote>\n\n\n\n<p class=\"has-medium-font-size\"><a href=\"https:\/\/1drv.ms\/b\/s!Aj6in--Gc43qhdMb1x1zJAxdrgQWPg?e=NZh9jG\">Examen 6<\/a><\/p>\n\n\n\n<blockquote class=\"wp-block-quote is-layout-flow wp-block-quote-is-layout-flow\">\n<p>Radicales. Notaci\u00f3n cient\u00edfica. Aproximaciones. Factorizaci\u00f3n de polinomios. Ecuaciones. Sistemas de ecuaciones no lineales. Sistemas de inecuaciones. Ecuaciones exponenciales y logar\u00edtmicas. Problemas.<\/p>\n<\/blockquote>\n\n\n\n<p class=\"has-medium-font-size\"><a href=\"https:\/\/1drv.ms\/b\/s!Aj6in--Gc43qhdMZcQxhgGng_wLi_g?e=GlydDP\">Examen 7<\/a><\/p>\n\n\n\n<blockquote class=\"wp-block-quote is-layout-flow wp-block-quote-is-layout-flow\">\n<p>Trigonometr\u00eda<\/p>\n<\/blockquote>\n\n\n\n<p class=\"has-medium-font-size\"><a href=\"https:\/\/1drv.ms\/b\/s!Aj6in--Gc43qhdMXH8v0-6UIs_U29w?e=1XmGY3\">Examen 8<\/a> &#8211; <a href=\"https:\/\/1drv.ms\/b\/s!Aj6in--Gc43qhdMVwvzPesiDLzHGPg?e=2YflW4\">Examen 9<\/a> &#8211; <a href=\"https:\/\/1drv.ms\/b\/s!Aj6in--Gc43qhdMTmEUWUndMxSw5gw?e=RI5I4a\">Examen 10<\/a><\/p>\n\n\n\n<blockquote class=\"wp-block-quote is-layout-flow wp-block-quote-is-layout-flow\">\n<p>Trigonometr\u00eda. N\u00fameros complejos. Vectores en el plano. <\/p>\n<\/blockquote>\n\n\n\n<p class=\"has-medium-font-size\"><a href=\"https:\/\/1drv.ms\/b\/s!Aj6in--Gc43qhdMRv1SVmDy8iX7HgA?e=5yL4Tx\">Examen 11<\/a><\/p>\n\n\n\n<blockquote class=\"wp-block-quote is-layout-flow wp-block-quote-is-layout-flow\">\n<p>La recta. Geometr\u00eda m\u00e9trica plana. <\/p>\n<\/blockquote>\n\n\n\n<p class=\"has-medium-font-size\"><a href=\"https:\/\/1drv.ms\/b\/s!Aj6in--Gc43qhdMPJRMKlw8VO_oAFQ?e=iO0Ad1\">Examen 12<\/a><\/p>\n\n\n\n<blockquote class=\"wp-block-quote is-layout-flow wp-block-quote-is-layout-flow\">\n<p>Funci\u00f3n racional: la hip\u00e9rbola. Estudio de la continuidad de funciones definidas por trozos: tipos de discontinuidades. C\u00e1lculo de l\u00edmites. Funciones: dominio, puntos de corte con los ejes, as\u00edntotas, representaci\u00f3n gr\u00e1fica.<\/p>\n<\/blockquote>\n","protected":false},"excerpt":{"rendered":"<p>Examen 1 &#8211; Examen 2 &#8211; Examen 3 Radicales. Notaci\u00f3n cient\u00edfica. Aproximaciones. Valor absoluto. Logaritmos. Polinomios: regla de Ruffini, teorema del resto y factorizaci\u00f3n de polinomios. Fracciones algebraicas. Examen 4 &#8211; Examen 5 Ecuaciones. Sistemas de ecuaciones no lineales. Inecuaciones. Sistemas de inecuaciones. Ecuaciones exponenciales y logar\u00edtmicas. Problemas. Examen 6 Radicales. Notaci\u00f3n cient\u00edfica. Aproximaciones. Factorizaci\u00f3n [&hellip;]<\/p>\n","protected":false},"author":1,"featured_media":0,"parent":0,"menu_order":0,"comment_status":"closed","ping_status":"closed","template":"","meta":{"footnotes":""},"class_list":["post-1489","page","type-page","status-publish","hentry","post"],"_links":{"self":[{"href":"https:\/\/matematicastro.es\/index.php?rest_route=\/wp\/v2\/pages\/1489","targetHints":{"allow":["GET"]}}],"collection":[{"href":"https:\/\/matematicastro.es\/index.php?rest_route=\/wp\/v2\/pages"}],"about":[{"href":"https:\/\/matematicastro.es\/index.php?rest_route=\/wp\/v2\/types\/page"}],"author":[{"embeddable":true,"href":"https:\/\/matematicastro.es\/index.php?rest_route=\/wp\/v2\/users\/1"}],"replies":[{"embeddable":true,"href":"https:\/\/matematicastro.es\/index.php?rest_route=%2Fwp%2Fv2%2Fcomments&post=1489"}],"version-history":[{"count":5,"href":"https:\/\/matematicastro.es\/index.php?rest_route=\/wp\/v2\/pages\/1489\/revisions"}],"predecessor-version":[{"id":2614,"href":"https:\/\/matematicastro.es\/index.php?rest_route=\/wp\/v2\/pages\/1489\/revisions\/2614"}],"wp:attachment":[{"href":"https:\/\/matematicastro.es\/index.php?rest_route=%2Fwp%2Fv2%2Fmedia&parent=1489"}],"curies":[{"name":"wp","href":"https:\/\/api.w.org\/{rel}","templated":true}]}}