{"id":1484,"date":"2023-07-10T09:36:48","date_gmt":"2023-07-10T07:36:48","guid":{"rendered":"https:\/\/matematicastro.es\/?page_id=1484"},"modified":"2024-09-12T09:18:32","modified_gmt":"2024-09-12T07:18:32","slug":"muestras-de-examenes-de-matematicas-i-coleccion-3","status":"publish","type":"page","link":"https:\/\/matematicastro.es\/?page_id=1484","title":{"rendered":"Muestras de ex\u00e1menes de Matem\u00e1ticas I (Colecci\u00f3n 3)"},"content":{"rendered":"\n<p class=\"has-medium-font-size\"><a href=\"https:\/\/1drv.ms\/b\/s!Aj6in--Gc43qhdMNOlCRbzfSyJn4lg?e=wajVei\">Examen 1<\/a><\/p>\n\n\n\n<blockquote class=\"wp-block-quote is-layout-flow wp-block-quote-is-layout-flow\">\n<p>Radicales. Notaci\u00f3n cient\u00edfica. Aproximaciones y errores. Valor absoluto. Problemas. Polinomios: regla de Ruffini, teorema del resto y factorizaci\u00f3n de polinomios. Fracciones algebraicas.<\/p>\n<\/blockquote>\n\n\n\n<p class=\"has-medium-font-size\"><a href=\"https:\/\/1drv.ms\/b\/s!Aj6in--Gc43qhdMMaXpU0b9DTHinLg?e=Ja9eRB\">Examen 2<\/a><\/p>\n\n\n\n<blockquote class=\"wp-block-quote is-layout-flow wp-block-quote-is-layout-flow\">\n<p>Ecuaciones con radicales y con la inc\u00f3gnita en el denominador. Sistemas de ecuaciones no lineales. Inecuaciones. Sistemas de inecuaciones. Ecuaciones exponenciales y logar\u00edtmicas. Problemas.<\/p>\n<\/blockquote>\n\n\n\n<p class=\"has-medium-font-size\"><a href=\"https:\/\/1drv.ms\/b\/s!Aj6in--Gc43qhdMJeGgq5k6LvK3R_w?e=DiLE8z\">Examen 3<\/a><\/p>\n\n\n\n<blockquote class=\"wp-block-quote is-layout-flow wp-block-quote-is-layout-flow\">\n<p>Radicales. Notaci\u00f3n cient\u00edfica. Polinomios: regla de Ruffini, teorema del resto y factorizaci\u00f3n de polinomios. Ecuaciones. Sistemas de ecuaciones no lineales. Inecuaciones. Ecuaciones exponenciales y logar\u00edtmicas. Problemas.<\/p>\n<\/blockquote>\n\n\n\n<p class=\"has-medium-font-size\"><a href=\"https:\/\/1drv.ms\/b\/s!Aj6in--Gc43qhdMI78xJmwbl8itdEw?e=dqgqE6\">Examen 4<\/a><\/p>\n\n\n\n<blockquote class=\"wp-block-quote is-layout-flow wp-block-quote-is-layout-flow\">\n<p>Radicales. Valor absoluto. Ecuaciones exponenciales y logar\u00edtmicas. Ecuaciones con radicales y con la inc\u00f3gnita en el denominador. Sistemas de ecuaciones no lineales. Inecuaciones. Sistemas de inecuaciones. <\/p>\n<\/blockquote>\n\n\n\n<p class=\"has-medium-font-size\"><a href=\"https:\/\/1drv.ms\/b\/s!Aj6in--Gc43qhdMFpOw7pg5YdX-qeg?e=jp9yDO\">Examen 5<\/a> &#8211; <a href=\"https:\/\/1drv.ms\/b\/s!Aj6in--Gc43qhdMD9P_H6SvuSdQ1YQ?e=1ecWTb\">Examen 6<\/a><\/p>\n\n\n\n<blockquote class=\"wp-block-quote is-layout-flow wp-block-quote-is-layout-flow\">\n<p>Trigonometr\u00eda, <\/p>\n<\/blockquote>\n\n\n\n<p class=\"has-medium-font-size\"><a href=\"https:\/\/1drv.ms\/b\/s!Aj6in--Gc43qhdJ9NtgS3L0ylkNzPA?e=113J9F\">Examen 7<\/a><\/p>\n\n\n\n<blockquote class=\"wp-block-quote is-layout-flow wp-block-quote-is-layout-flow\">\n<p>Trigonometr\u00eda. N\u00fameros complejos.<\/p>\n<\/blockquote>\n\n\n\n<p class=\"has-medium-font-size\"><a href=\"https:\/\/1drv.ms\/b\/s!Aj6in--Gc43qhdJ81uzDiry0Kgyrpw?e=OBzlkm\">Examen 8<\/a><\/p>\n\n\n\n<blockquote class=\"wp-block-quote is-layout-flow wp-block-quote-is-layout-flow\">\n<p>Trigonometr\u00eda. N\u00fameros complejos. Vectores en el plano. <\/p>\n<\/blockquote>\n\n\n\n<p><a href=\"https:\/\/1drv.ms\/b\/s!Aj6in--Gc43qhdMA7x-QPap7l0AKDw?e=kdkgxj\">Examen 9<\/a><\/p>\n\n\n\n<blockquote class=\"wp-block-quote is-layout-flow wp-block-quote-is-layout-flow\">\n<p>Ecuaciones trigonom\u00e9tricas. N\u00fameros complejos. Vectores en el plano.<\/p>\n<\/blockquote>\n\n\n\n<p class=\"has-medium-font-size\"><a href=\"https:\/\/1drv.ms\/b\/s!Aj6in--Gc43qhdJ7fPQJNW5NjZEviA?e=Lf35Gm\">Examen 10<\/a><\/p>\n\n\n\n<blockquote class=\"wp-block-quote is-layout-flow wp-block-quote-is-layout-flow\">\n<p>La recta. Geometr\u00eda m\u00e9trica plana. <\/p>\n<\/blockquote>\n\n\n\n<p class=\"has-medium-font-size\"><a href=\"https:\/\/1drv.ms\/b\/s!Aj6in--Gc43qhdJ3BRu2UFHAafTTiQ?e=yt1sSF\">Examen 11<\/a><\/p>\n\n\n\n<blockquote class=\"wp-block-quote is-layout-flow wp-block-quote-is-layout-flow\">\n<p>Vectores. La recta. Geometr\u00eda m\u00e9trica plana. Estudio de la continuidad de funciones definidas por trozos: tipos de discontinuidades. C\u00e1lculo de l\u00edmites. Funciones: dominio, puntos de corte con los ejes, as\u00edntotas, representaci\u00f3n gr\u00e1fica.<\/p>\n<\/blockquote>\n\n\n\n<p class=\"has-medium-font-size\"><a href=\"https:\/\/1drv.ms\/b\/s!Aj6in--Gc43qhdJ4Djb0eeOuSdLCKA?e=czZWJ2\">Examen 12<\/a><\/p>\n\n\n\n<blockquote class=\"wp-block-quote is-layout-flow wp-block-quote-is-layout-flow\">\n<p>Funciones: dominio, puntos de corte con los ejes, simetr\u00edas, as\u00edntotas, representaci\u00f3n gr\u00e1fica. C\u00e1lculo de l\u00edmites. Estudio de la continuidad de funciones definidas por trozos: tipos de discontinuidades. <\/p>\n<\/blockquote>\n\n\n\n<p class=\"has-medium-font-size\"><a href=\"https:\/\/1drv.ms\/b\/s!Aj6in--Gc43qhdJ6JJT-chG4uUwi5w?e=1rwBtB\">Examen 13<\/a> &#8211; <a href=\"https:\/\/1drv.ms\/b\/s!Aj6in--Gc43qhdJxDgjyKg8W6-G2ag?e=gyPEVM\">Examen 14<\/a><\/p>\n\n\n\n<blockquote class=\"wp-block-quote is-layout-flow wp-block-quote-is-layout-flow\">\n<p>Estos dos son ex\u00e1menes finales, con todo tipo de contenidos.<\/p>\n<\/blockquote>\n","protected":false},"excerpt":{"rendered":"<p>Examen 1 Radicales. Notaci\u00f3n cient\u00edfica. Aproximaciones y errores. Valor absoluto. Problemas. Polinomios: regla de Ruffini, teorema del resto y factorizaci\u00f3n de polinomios. Fracciones algebraicas. Examen 2 Ecuaciones con radicales y con la inc\u00f3gnita en el denominador. Sistemas de ecuaciones no lineales. Inecuaciones. Sistemas de inecuaciones. Ecuaciones exponenciales y logar\u00edtmicas. Problemas. Examen 3 Radicales. Notaci\u00f3n cient\u00edfica. [&hellip;]<\/p>\n","protected":false},"author":1,"featured_media":0,"parent":0,"menu_order":0,"comment_status":"closed","ping_status":"closed","template":"","meta":{"footnotes":""},"class_list":["post-1484","page","type-page","status-publish","hentry","post"],"_links":{"self":[{"href":"https:\/\/matematicastro.es\/index.php?rest_route=\/wp\/v2\/pages\/1484","targetHints":{"allow":["GET"]}}],"collection":[{"href":"https:\/\/matematicastro.es\/index.php?rest_route=\/wp\/v2\/pages"}],"about":[{"href":"https:\/\/matematicastro.es\/index.php?rest_route=\/wp\/v2\/types\/page"}],"author":[{"embeddable":true,"href":"https:\/\/matematicastro.es\/index.php?rest_route=\/wp\/v2\/users\/1"}],"replies":[{"embeddable":true,"href":"https:\/\/matematicastro.es\/index.php?rest_route=%2Fwp%2Fv2%2Fcomments&post=1484"}],"version-history":[{"count":3,"href":"https:\/\/matematicastro.es\/index.php?rest_route=\/wp\/v2\/pages\/1484\/revisions"}],"predecessor-version":[{"id":2609,"href":"https:\/\/matematicastro.es\/index.php?rest_route=\/wp\/v2\/pages\/1484\/revisions\/2609"}],"wp:attachment":[{"href":"https:\/\/matematicastro.es\/index.php?rest_route=%2Fwp%2Fv2%2Fmedia&parent=1484"}],"curies":[{"name":"wp","href":"https:\/\/api.w.org\/{rel}","templated":true}]}}