{"id":1475,"date":"2023-07-09T20:51:03","date_gmt":"2023-07-09T18:51:03","guid":{"rendered":"https:\/\/matematicastro.es\/?page_id=1475"},"modified":"2024-09-05T12:39:21","modified_gmt":"2024-09-05T10:39:21","slug":"muestras-de-examenes-de-matematicas-i-coleccion-2","status":"publish","type":"page","link":"https:\/\/matematicastro.es\/?page_id=1475","title":{"rendered":"Muestras de ex\u00e1menes de Matem\u00e1ticas I (Colecci\u00f3n 2)"},"content":{"rendered":"\n<p class=\"has-medium-font-size\"><a href=\"https:\/\/1drv.ms\/b\/s!Aj6in--Gc43qhdJw9ulhOufTBrCxJQ?e=hPWyBu\">Examen 1<\/a> &#8211; <a href=\"https:\/\/1drv.ms\/b\/s!Aj6in--Gc43qhdJuBWtaULc0MskDyQ?e=xparyY\">Examen 2<\/a><\/p>\n\n\n\n<blockquote class=\"wp-block-quote is-layout-flow wp-block-quote-is-layout-flow\">\n<p>Potencias. Radicales. Notaci\u00f3n cient\u00edfica. Valor absoluto. Problemas. Logaritmos.<\/p>\n<\/blockquote>\n\n\n\n<p class=\"has-medium-font-size\"><a href=\"https:\/\/1drv.ms\/b\/s!Aj6in--Gc43qhdJte-5_8pACMJ2fgg?e=5sk5U5\">Examen 3<\/a><\/p>\n\n\n\n<blockquote class=\"wp-block-quote is-layout-flow wp-block-quote-is-layout-flow\">\n<p>Ecuaciones de todo tipo. Sistemas de ecuaciones no lineales. Inecuaciones. Sistemas de inecuaciones. Problemas.<\/p>\n<\/blockquote>\n\n\n\n<p class=\"has-medium-font-size\"><a href=\"https:\/\/1drv.ms\/b\/s!Aj6in--Gc43qhdJoypDRI5prCFDSow?e=Qinst4\">Examen 4<\/a> &#8211; <a href=\"https:\/\/1drv.ms\/b\/s!Aj6in--Gc43qhdJrV7N3UIqOw_rwQQ?e=z3mUFj\">Examen 5<\/a><\/p>\n\n\n\n<blockquote class=\"wp-block-quote is-layout-flow wp-block-quote-is-layout-flow\">\n<p>Radicales. Notaci\u00f3n cient\u00edfica. Valor absoluto. Ecuaciones de todo tipo. Sistemas no lineales. Inecuaciones. Sistemas de inecuaciones.<\/p>\n<\/blockquote>\n\n\n\n<p class=\"has-medium-font-size\"><a href=\"https:\/\/1drv.ms\/b\/s!Aj6in--Gc43qhdJncgTqSc3iXxLH-Q?e=0QTWB7\">Examen 6<\/a> &#8211; <a href=\"https:\/\/1drv.ms\/b\/s!Aj6in--Gc43qhdJmCFedaMdr2pHqIg?e=N5qLAm\">Examen 7<\/a> &#8211; <a href=\"https:\/\/1drv.ms\/b\/s!Aj6in--Gc43qhdJkbIBhzSu_kKv1PQ?e=f5xnPz\">Examen 8<\/a><\/p>\n\n\n\n<blockquote class=\"wp-block-quote is-layout-flow wp-block-quote-is-layout-flow\">\n<p>Trigonometr\u00eda. N\u00fameros complejos.<\/p>\n<\/blockquote>\n\n\n\n<p class=\"has-medium-font-size\"><a href=\"https:\/\/1drv.ms\/b\/s!Aj6in--Gc43qhdJgsbh_Y4lK0LFDpQ?e=ONFW06\">Examen 9<\/a><\/p>\n\n\n\n<blockquote class=\"wp-block-quote is-layout-flow wp-block-quote-is-layout-flow\">\n<p>N\u00fameros complejos. Vectores en el plano. <\/p>\n<\/blockquote>\n\n\n\n<p class=\"has-medium-font-size\"><a href=\"https:\/\/1drv.ms\/b\/s!Aj6in--Gc43qhdJcyyPceMwN9mhU6Q?e=DSNgCE\">Examen 10<\/a><\/p>\n\n\n\n<blockquote class=\"wp-block-quote is-layout-flow wp-block-quote-is-layout-flow\">\n<p>Trigonometr\u00eda. N\u00fameros complejos. Vectores en el plano.<\/p>\n<\/blockquote>\n\n\n\n<p class=\"has-medium-font-size\"><a href=\"https:\/\/1drv.ms\/b\/s!Aj6in--Gc43qhdJf4zWSKudhuAWAjA?e=tIon3r\">Examen 11<\/a> &#8211; <a href=\"https:\/\/1drv.ms\/b\/s!Aj6in--Gc43qhdJaQ1Rb0rUUBed_HQ?e=7H4jxP\">Examen 12<\/a><\/p>\n\n\n\n<blockquote class=\"wp-block-quote is-layout-flow wp-block-quote-is-layout-flow\">\n<p>Geometr\u00eda m\u00e9trica en el plano. Dominio de funciones. Representaci\u00f3n gr\u00e1fica de funciones definidas por trozos. <\/p>\n<\/blockquote>\n\n\n\n<p class=\"has-medium-font-size\"><a href=\"https:\/\/1drv.ms\/b\/s!Aj6in--Gc43qhdJEVmwAWKp_lrGFIg?e=6ddViM\">Examen 13<\/a> &#8211; <a href=\"https:\/\/1drv.ms\/b\/s!Aj6in--Gc43qhdJC3FChlKnS_fp0Og?e=qasTwC\">Examen 14<\/a><\/p>\n\n\n\n<blockquote class=\"wp-block-quote is-layout-flow wp-block-quote-is-layout-flow\">\n<p>Estudio de la continuidad de funciones definidas por trozos. C\u00e1lculo de l\u00edmites. Funciones. As\u00edntotas. Puntos de corte con los ejes. Recta tangente a la gr\u00e1fica de una funci\u00f3n en un punto. C\u00e1lculo de derivadas.<\/p>\n<\/blockquote>\n\n\n\n<p class=\"has-medium-font-size\"><a href=\"https:\/\/1drv.ms\/b\/s!Aj6in--Gc43qhdJAld-kfeVftDB2Lw?e=k1Seou\">Examen 15<\/a> &#8211; <a href=\"https:\/\/1drv.ms\/b\/s!Aj6in--Gc43qhdI-o2dQaQWNG2g8Bg?e=03MXI1\">Examen 16<\/a><\/p>\n\n\n\n<blockquote class=\"wp-block-quote is-layout-flow wp-block-quote-is-layout-flow\">\n<p>Geometr\u00eda m\u00e9trica plana. Estudio de la continuidad de funciones definidas por trozos. C\u00e1lculo de l\u00edmites. Funciones: as\u00edntotas, puntos de corte con los ejes y representaci\u00f3n gr\u00e1fica. C\u00e1lculo de derivadas. <\/p>\n<\/blockquote>\n\n\n\n<p class=\"has-medium-font-size\"><a href=\"https:\/\/1drv.ms\/b\/s!Aj6in--Gc43qhdI8jxwTZPdfP_bytA?e=ucy4gT\">Examen 17<\/a><\/p>\n\n\n\n<blockquote class=\"wp-block-quote is-layout-flow wp-block-quote-is-layout-flow\">\n<p>Ecuaciones de todo tipo. Trigonometr\u00eda. N\u00fameros complejos. Geometr\u00eda m\u00e9trica plana. Estudio de la continuidad de funciones definidas por trozos. C\u00e1lculo de l\u00edmites. Funciones: as\u00edntotas, representaci\u00f3n gr\u00e1fica. Recta tangente a la gr\u00e1fica de una funci\u00f3n en un punto.<\/p>\n<\/blockquote>\n","protected":false},"excerpt":{"rendered":"<p>Examen 1 &#8211; Examen 2 Potencias. Radicales. Notaci\u00f3n cient\u00edfica. Valor absoluto. Problemas. Logaritmos. Examen 3 Ecuaciones de todo tipo. Sistemas de ecuaciones no lineales. Inecuaciones. Sistemas de inecuaciones. Problemas. Examen 4 &#8211; Examen 5 Radicales. Notaci\u00f3n cient\u00edfica. Valor absoluto. Ecuaciones de todo tipo. Sistemas no lineales. Inecuaciones. Sistemas de inecuaciones. Examen 6 &#8211; Examen 7 [&hellip;]<\/p>\n","protected":false},"author":1,"featured_media":0,"parent":0,"menu_order":0,"comment_status":"closed","ping_status":"closed","template":"","meta":{"footnotes":""},"class_list":["post-1475","page","type-page","status-publish","hentry","post"],"_links":{"self":[{"href":"https:\/\/matematicastro.es\/index.php?rest_route=\/wp\/v2\/pages\/1475","targetHints":{"allow":["GET"]}}],"collection":[{"href":"https:\/\/matematicastro.es\/index.php?rest_route=\/wp\/v2\/pages"}],"about":[{"href":"https:\/\/matematicastro.es\/index.php?rest_route=\/wp\/v2\/types\/page"}],"author":[{"embeddable":true,"href":"https:\/\/matematicastro.es\/index.php?rest_route=\/wp\/v2\/users\/1"}],"replies":[{"embeddable":true,"href":"https:\/\/matematicastro.es\/index.php?rest_route=%2Fwp%2Fv2%2Fcomments&post=1475"}],"version-history":[{"count":5,"href":"https:\/\/matematicastro.es\/index.php?rest_route=\/wp\/v2\/pages\/1475\/revisions"}],"predecessor-version":[{"id":2606,"href":"https:\/\/matematicastro.es\/index.php?rest_route=\/wp\/v2\/pages\/1475\/revisions\/2606"}],"wp:attachment":[{"href":"https:\/\/matematicastro.es\/index.php?rest_route=%2Fwp%2Fv2%2Fmedia&parent=1475"}],"curies":[{"name":"wp","href":"https:\/\/api.w.org\/{rel}","templated":true}]}}