{"id":1469,"date":"2023-07-09T20:07:54","date_gmt":"2023-07-09T18:07:54","guid":{"rendered":"https:\/\/matematicastro.es\/?page_id=1469"},"modified":"2024-09-05T12:14:50","modified_gmt":"2024-09-05T10:14:50","slug":"muestras-de-examenes-de-matematicas-i-coleccion-1","status":"publish","type":"page","link":"https:\/\/matematicastro.es\/?page_id=1469","title":{"rendered":"Muestras de ex\u00e1menes de Matem\u00e1ticas I (Colecci\u00f3n 1)"},"content":{"rendered":"\n<p class=\"has-medium-font-size\"><a href=\"https:\/\/1drv.ms\/b\/s!Aj6in--Gc43qhdI4FiBNNRSw5vhiiA?e=38odcB\">Examen 1<\/a> &#8211; <a href=\"https:\/\/1drv.ms\/b\/s!Aj6in--Gc43qhdI22Df9jTYTRnUomg?e=8Pfrpq\">Examen 2<\/a><\/p>\n\n\n\n<blockquote class=\"wp-block-quote is-layout-flow wp-block-quote-is-layout-flow\">\n<p>Potencias. Radicales. Notaci\u00f3n cient\u00edfica. Valor absoluto. Problemas. Logaritmos.<\/p>\n<\/blockquote>\n\n\n\n<p class=\"has-medium-font-size\"><a href=\"https:\/\/1drv.ms\/b\/s!Aj6in--Gc43qhdI0NX9vH7tYI4x_dg?e=Yr0hlI\">Examen 3<\/a> &#8211; <a href=\"https:\/\/1drv.ms\/b\/s!Aj6in--Gc43qhdIyC_9sV1xGh3ip9g?e=pmSdqy\">Examen 4<\/a><\/p>\n\n\n\n<blockquote class=\"wp-block-quote is-layout-flow wp-block-quote-is-layout-flow\">\n<p>Ecuaciones de todo tipo. Sistemas de ecuaciones no lineales. Inecuaciones. Sistemas de inecuaciones. Problemas.<\/p>\n<\/blockquote>\n\n\n\n<p class=\"has-medium-font-size\"><a href=\"https:\/\/1drv.ms\/b\/s!Aj6in--Gc43qhdIwLov76Wsmkee7PQ?e=Bk8BRI\">Examen 5<\/a> &#8211; <a href=\"https:\/\/1drv.ms\/b\/s!Aj6in--Gc43qhdIuwI8s4BrrjIk7hA?e=YTajd3\">Examen 6<\/a><\/p>\n\n\n\n<blockquote class=\"wp-block-quote is-layout-flow wp-block-quote-is-layout-flow\">\n<p>Radicales. Notaci\u00f3n cient\u00edfica. Ecuaciones de todo tipo. Sistemas no lineales. Inecuaciones. Sistemas de inecuaciones. Problemas que se resuelven planteando una ecuaci\u00f3n o un sistema de ecuaciones.<\/p>\n<\/blockquote>\n\n\n\n<p class=\"has-medium-font-size\"><a href=\"https:\/\/1drv.ms\/b\/s!Aj6in--Gc43qhdIsDVivwn8NLewGiQ?e=t0Qxm4\">Examen 7<\/a> &#8211; <a href=\"https:\/\/1drv.ms\/b\/s!Aj6in--Gc43qhdIq1Bm4uod87Jycbw?e=zVbgFb\">Examen 8<\/a><\/p>\n\n\n\n<blockquote class=\"wp-block-quote is-layout-flow wp-block-quote-is-layout-flow\">\n<p>Ecuaciones exponenciales y logar\u00edtmicas. Trigonometr\u00eda.<\/p>\n<\/blockquote>\n\n\n\n<p class=\"has-medium-font-size\"><a href=\"https:\/\/1drv.ms\/b\/s!Aj6in--Gc43qhdIpFC-PKy9SQhnjoA?e=HjlMV6\">Examen 9<\/a><\/p>\n\n\n\n<blockquote class=\"wp-block-quote is-layout-flow wp-block-quote-is-layout-flow\">\n<p>Identidades trigonom\u00e9tricas. Ecuaciones trigonom\u00e9tricas. Sistemas de ecuaciones trigonom\u00e9tricas. Funciones definidas por trozos: representaci\u00f3n gr\u00e1fica.<\/p>\n<\/blockquote>\n\n\n\n<p class=\"has-medium-font-size\"><a href=\"https:\/\/1drv.ms\/b\/s!Aj6in--Gc43qhdImx3UTNUiyFq2m6Q?e=gBzdvE\">Examen 10<\/a> &#8211; <a href=\"https:\/\/1drv.ms\/b\/s!Aj6in--Gc43qhdIk9N0G8WWxuY4mfg?e=4sgQL3\">Examen 11<\/a> &#8211; <a href=\"https:\/\/1drv.ms\/b\/s!Aj6in--Gc43qhdIilKm2XHSsS_K4yw?e=3goKYC\">Examen 12<\/a> &#8211; <a href=\"https:\/\/1drv.ms\/b\/s!Aj6in--Gc43qhdIgyosPkrvSqndFOA?e=Uln9cz\">Examen 13<\/a> &#8211; <a href=\"https:\/\/1drv.ms\/b\/s!Aj6in--Gc43qhdIex0LbDD7GKFTrxA?e=xOsTME\">Examen 14<\/a><\/p>\n\n\n\n<blockquote class=\"wp-block-quote is-layout-flow wp-block-quote-is-layout-flow\">\n<p>Ecuaciones logar\u00edtmicas. Trigonometr\u00eda. Funciones definidas por trozos: representaci\u00f3n gr\u00e1fica.<\/p>\n<\/blockquote>\n\n\n\n<p class=\"has-medium-font-size\"><a href=\"https:\/\/1drv.ms\/b\/s!Aj6in--Gc43qhdIctdkgnk_vM3V6zw?e=8cTEiF\">Examen 15<\/a> &#8211; <a href=\"https:\/\/1drv.ms\/b\/s!Aj6in--Gc43qhdIa_pZ1UiLOcLBuAw?e=NDexX2\">Examen 16<\/a><\/p>\n\n\n\n<blockquote class=\"wp-block-quote is-layout-flow wp-block-quote-is-layout-flow\">\n<p>Estudio de la continuidad de funciones definidas por trozos. C\u00e1lculo de l\u00edmites. Funciones: dominio, puntos de corte con los ejes, as\u00edntotas y representaci\u00f3n gr\u00e1fica. C\u00e1lculo de la derivada de una funci\u00f3n en un punto usando la definici\u00f3n. C\u00e1lculo de derivadas haciendo uso de las reglas de derivaci\u00f3n.<\/p>\n<\/blockquote>\n\n\n\n<p><a href=\"https:\/\/1drv.ms\/b\/s!Aj6in--Gc43qhdIYXwAmesKEoMPnWw?e=t4fCej\">Examen 17<\/a> &#8211; <a href=\"https:\/\/1drv.ms\/b\/s!Aj6in--Gc43qhdIVOeGlnaU8hVORxQ?e=VfFFpU\">Examen 18<\/a> &#8211; <a href=\"https:\/\/1drv.ms\/b\/s!Aj6in--Gc43qhdIUx0tkkUJewgjVCQ?e=VZd0FM\">Examen 19<\/a><\/p>\n\n\n\n<blockquote class=\"wp-block-quote is-layout-flow wp-block-quote-is-layout-flow\">\n<p>Estudio de la continuidad de funciones definidas por trozos. C\u00e1lculo de l\u00edmites. Funciones. As\u00edntotas. Aplicaciones de las derivadas: monoton\u00eda, extremos relativos y ecuaci\u00f3n de la recta tangente a la gr\u00e1fica de una funci\u00f3n en un punto. C\u00e1lculo de derivadas.<\/p>\n<\/blockquote>\n\n\n\n<p class=\"has-medium-font-size\"><a href=\"https:\/\/1drv.ms\/b\/s!Aj6in--Gc43qhdISAZgUv-omgVmmCw?e=H81l5Y\">Examen 20<\/a><\/p>\n\n\n\n<blockquote class=\"wp-block-quote is-layout-flow wp-block-quote-is-layout-flow\">\n<p>Este es un examen final, con todo tipo de contenidos.<\/p>\n<\/blockquote>\n","protected":false},"excerpt":{"rendered":"<p>Examen 1 &#8211; Examen 2 Potencias. Radicales. Notaci\u00f3n cient\u00edfica. Valor absoluto. Problemas. Logaritmos. Examen 3 &#8211; Examen 4 Ecuaciones de todo tipo. Sistemas de ecuaciones no lineales. Inecuaciones. Sistemas de inecuaciones. Problemas. Examen 5 &#8211; Examen 6 Radicales. Notaci\u00f3n cient\u00edfica. Ecuaciones de todo tipo. Sistemas no lineales. Inecuaciones. Sistemas de inecuaciones. Problemas que se resuelven [&hellip;]<\/p>\n","protected":false},"author":1,"featured_media":0,"parent":0,"menu_order":0,"comment_status":"closed","ping_status":"closed","template":"","meta":{"footnotes":""},"class_list":["post-1469","page","type-page","status-publish","hentry","post"],"_links":{"self":[{"href":"https:\/\/matematicastro.es\/index.php?rest_route=\/wp\/v2\/pages\/1469","targetHints":{"allow":["GET"]}}],"collection":[{"href":"https:\/\/matematicastro.es\/index.php?rest_route=\/wp\/v2\/pages"}],"about":[{"href":"https:\/\/matematicastro.es\/index.php?rest_route=\/wp\/v2\/types\/page"}],"author":[{"embeddable":true,"href":"https:\/\/matematicastro.es\/index.php?rest_route=\/wp\/v2\/users\/1"}],"replies":[{"embeddable":true,"href":"https:\/\/matematicastro.es\/index.php?rest_route=%2Fwp%2Fv2%2Fcomments&post=1469"}],"version-history":[{"count":4,"href":"https:\/\/matematicastro.es\/index.php?rest_route=\/wp\/v2\/pages\/1469\/revisions"}],"predecessor-version":[{"id":2604,"href":"https:\/\/matematicastro.es\/index.php?rest_route=\/wp\/v2\/pages\/1469\/revisions\/2604"}],"wp:attachment":[{"href":"https:\/\/matematicastro.es\/index.php?rest_route=%2Fwp%2Fv2%2Fmedia&parent=1469"}],"curies":[{"name":"wp","href":"https:\/\/api.w.org\/{rel}","templated":true}]}}