{"id":1446,"date":"2023-07-08T23:09:59","date_gmt":"2023-07-08T21:09:59","guid":{"rendered":"https:\/\/matematicastro.es\/?page_id=1446"},"modified":"2024-08-30T12:49:19","modified_gmt":"2024-08-30T10:49:19","slug":"ejercicios-de-matematicas-i","status":"publish","type":"page","link":"https:\/\/matematicastro.es\/?page_id=1446","title":{"rendered":"Ejercicios de Matem\u00e1ticas I"},"content":{"rendered":"\n<p class=\"has-medium-font-size\"><a href=\"https:\/\/1drv.ms\/b\/s!Aj6in--Gc43qhdFlJZNI4QfN__ieJw?e=XWodSc\">1. N\u00fameros reales. Conjuntos num\u00e9ricos.<\/a><\/p>\n\n\n\n<p class=\"has-medium-font-size\"><a href=\"https:\/\/1drv.ms\/b\/s!Aj6in--Gc43qhdFkT854yiCL2bqJMA?e=zGzeqF\">2. Fracciones y potencias.<\/a><\/p>\n\n\n\n<p class=\"has-medium-font-size\"><a href=\"https:\/\/1drv.ms\/b\/s!Aj6in--Gc43qhdFo3gxbk15RrbCvxQ?e=3jNycR\">3. Radicales.<\/a><\/p>\n\n\n\n<p class=\"has-medium-font-size\"><a href=\"https:\/\/1drv.ms\/b\/s!Aj6in--Gc43qhdFvspCfuyl5IRARSQ?e=hunI7s\">4. Valor absoluto. Notaci\u00f3n cient\u00edfica. Errores.<\/a><\/p>\n\n\n\n<p class=\"has-medium-font-size\"><a href=\"https:\/\/1drv.ms\/b\/s!Aj6in--Gc43qhdFrct-o6r9ZftOqFw?e=8MQEwA\">5. Logaritmos.<\/a><\/p>\n\n\n\n<p class=\"has-medium-font-size\"><a href=\"https:\/\/1drv.ms\/b\/s!Aj6in--Gc43qhdFs5lUMpUQpWi-VPg?e=3iESol\">6. Polinomios. Fracciones algebraicas.<\/a><\/p>\n\n\n\n<p class=\"has-medium-font-size\"><a href=\"https:\/\/1drv.ms\/b\/s!Aj6in--Gc43qhdFx4opHoqY__tFi9w?e=W5RBzp\">7. Ecuaciones de todo tipo. Problemas.<\/a><\/p>\n\n\n\n<p class=\"has-medium-font-size\"><a href=\"https:\/\/1drv.ms\/b\/s!Aj6in--Gc43qhdFzgN4fghJfu7EWlQ?e=akBi5F\">8. Sistemas de ecuaciones. Inecuaciones. Sistemas de inecuaciones. Inecuaciones y sistemas de inecuaciones con valores absolutos. Problemas.<\/a><\/p>\n\n\n\n<p class=\"has-medium-font-size\"><a href=\"https:\/\/1drv.ms\/b\/s!Aj6in--Gc43qhdF3rGc93pYCfz5-PQ?e=Eu6IfI\">9. Ecuaciones y sistemas de ecuaciones exponenciales y logar\u00edtmicas.<\/a><\/p>\n\n\n\n<p class=\"has-medium-font-size\"><a href=\"https:\/\/1drv.ms\/b\/s!Aj6in--Gc43qhdF1W3FVECR512Gb6w?e=EQYcqk\">10. Trigonometr\u00eda (1).<\/a><\/p>\n\n\n\n<p class=\"has-medium-font-size\"><a href=\"https:\/\/1drv.ms\/b\/s!Aj6in--Gc43qhdF5U_oGqSfgkQogAw?e=GKg4aw\">11. Trigonometr\u00eda (2).<\/a><\/p>\n\n\n\n<p class=\"has-medium-font-size\"><a href=\"https:\/\/1drv.ms\/b\/s!Aj6in--Gc43qhdF7KYZoiIF5x3ZPMw?e=Fqsecz\">12. N\u00fameros complejos.<\/a><\/p>\n\n\n\n<blockquote class=\"wp-block-quote is-layout-flow wp-block-quote-is-layout-flow\">\n<p class=\"has-medium-font-size\">Las soluciones de los ejercicios anteriores, completamente desarrolladas, las puedes encontrar <a href=\"https:\/\/1drv.ms\/b\/s!Aj6in--Gc43qhdFnZne3_BkW9UuTkA?e=iN1aUx\">a partir de la p\u00e1gina 21 de este documento<\/a>.<\/p>\n<\/blockquote>\n\n\n\n<p class=\"has-medium-font-size\"><a href=\"https:\/\/1drv.ms\/b\/s!Aj6in--Gc43qhdF-vWDJ0tENuWr6CA?e=eMJWKE\">13. Vectores.<\/a><\/p>\n\n\n\n<p class=\"has-medium-font-size\"><a href=\"https:\/\/1drv.ms\/b\/s!Aj6in--Gc43qhdF_83TR-PbcLM825g?e=xcbDE1\">14. La recta. Geometr\u00eda anal\u00edtica.<\/a><\/p>\n\n\n\n<blockquote class=\"wp-block-quote is-layout-flow wp-block-quote-is-layout-flow\">\n<p class=\"has-medium-font-size\">En <a href=\"https:\/\/1drv.ms\/b\/s!Aj6in--Gc43qhdIAEzO_c2EhT8_zHQ?e=ehlFgk\">este documento<\/a> tienes todos los ejercicios anteriores completamente resueltos. Y en <a href=\"https:\/\/1drv.ms\/b\/s!Aj6in--Gc43qhdIEKrj0o9Hg0J5Bjw?e=Dzh33M\">este otro documento<\/a> tienes otros 33 ejercicios de geometr\u00eda anal\u00edtica completamente resueltos. Adem\u00e1s, contienen su correspondiente v\u00ednculo a su realizaci\u00f3n con la aplicaci\u00f3n <a href=\"https:\/\/www.desmos.com\/calculator?lang=es\" target=\"_blank\" rel=\"noreferrer noopener\">desmos<\/a>.<\/p>\n<\/blockquote>\n\n\n\n<p class=\"has-medium-font-size\"><a href=\"https:\/\/1drv.ms\/b\/s!Aj6in--Gc43qhdIDgCstA9E8DGk5CQ?e=0N8aJW\">15. Funciones, l\u00edmites y continuidad.<\/a><\/p>\n\n\n\n<blockquote class=\"wp-block-quote is-layout-flow wp-block-quote-is-layout-flow\">\n<p class=\"has-medium-font-size\">En <a href=\"https:\/\/1drv.ms\/b\/s!Aj6in--Gc43qhdIPY0Fn62TNEcx6og?e=Xb46A1\">este documento<\/a> tambi\u00e9n tienes muchos ejercicios sobre funciones, l\u00edmites y continuidad completamente resueltos.<\/p>\n<\/blockquote>\n\n\n\n<p class=\"has-medium-font-size\"><a href=\"https:\/\/1drv.ms\/b\/s!Aj6in--Gc43qhdIHCiC5EHoHH_xtCA?e=zBzjoG\">16. C\u00e1lculo de l\u00edmites (1).<\/a><\/p>\n\n\n\n<p class=\"has-medium-font-size\"><a href=\"https:\/\/1drv.ms\/b\/s!Aj6in--Gc43qhdIJTiBkvd8aX4bqJg?e=FRERyw\">17. C\u00e1lculo de l\u00edmites (2).<\/a><\/p>\n\n\n\n<p class=\"has-medium-font-size\"><a href=\"https:\/\/1drv.ms\/b\/s!Aj6in--Gc43qhdILkWqt3HIflPp9xg?e=ioVPJV\">18. Derivadas.<\/a><\/p>\n\n\n\n<blockquote class=\"wp-block-quote is-layout-flow wp-block-quote-is-layout-flow\">\n<p>Las soluciones de muchos de los ejercicios anteriores, completamente desarrolladas, las puedes encontrar <a href=\"https:\/\/1drv.ms\/b\/s!Aj6in--Gc43qhdIQZ0LqjsPhS29O_w?e=0bbkvx\">a partir de la p\u00e1gina 24 de este documento<\/a>.<\/p>\n<\/blockquote>\n\n\n\n<p class=\"has-medium-font-size\"><a href=\"https:\/\/1drv.ms\/b\/s!Aj6in--Gc43qhdINPPzb-Mm-eowKkg?e=CkHyee\">19. C\u00e1lculo de derivadas.<\/a><\/p>\n","protected":false},"excerpt":{"rendered":"<p>1. N\u00fameros reales. Conjuntos num\u00e9ricos. 2. Fracciones y potencias. 3. Radicales. 4. Valor absoluto. Notaci\u00f3n cient\u00edfica. Errores. 5. Logaritmos. 6. Polinomios. Fracciones algebraicas. 7. Ecuaciones de todo tipo. Problemas. 8. Sistemas de ecuaciones. Inecuaciones. Sistemas de inecuaciones. Inecuaciones y sistemas de inecuaciones con valores absolutos. Problemas. 9. Ecuaciones y sistemas de ecuaciones exponenciales y logar\u00edtmicas. [&hellip;]<\/p>\n","protected":false},"author":1,"featured_media":0,"parent":0,"menu_order":0,"comment_status":"closed","ping_status":"closed","template":"","meta":{"footnotes":""},"class_list":["post-1446","page","type-page","status-publish","hentry","post"],"_links":{"self":[{"href":"https:\/\/matematicastro.es\/index.php?rest_route=\/wp\/v2\/pages\/1446","targetHints":{"allow":["GET"]}}],"collection":[{"href":"https:\/\/matematicastro.es\/index.php?rest_route=\/wp\/v2\/pages"}],"about":[{"href":"https:\/\/matematicastro.es\/index.php?rest_route=\/wp\/v2\/types\/page"}],"author":[{"embeddable":true,"href":"https:\/\/matematicastro.es\/index.php?rest_route=\/wp\/v2\/users\/1"}],"replies":[{"embeddable":true,"href":"https:\/\/matematicastro.es\/index.php?rest_route=%2Fwp%2Fv2%2Fcomments&post=1446"}],"version-history":[{"count":9,"href":"https:\/\/matematicastro.es\/index.php?rest_route=\/wp\/v2\/pages\/1446\/revisions"}],"predecessor-version":[{"id":2602,"href":"https:\/\/matematicastro.es\/index.php?rest_route=\/wp\/v2\/pages\/1446\/revisions\/2602"}],"wp:attachment":[{"href":"https:\/\/matematicastro.es\/index.php?rest_route=%2Fwp%2Fv2%2Fmedia&parent=1446"}],"curies":[{"name":"wp","href":"https:\/\/api.w.org\/{rel}","templated":true}]}}