{"id":1411,"date":"2023-07-07T19:26:18","date_gmt":"2023-07-07T17:26:18","guid":{"rendered":"https:\/\/matematicastro.es\/?page_id=1411"},"modified":"2025-01-07T17:50:17","modified_gmt":"2025-01-07T15:50:17","slug":"muestras-de-examenes-de-matematicas-aplicadas-a-las-ciencias-sociales-i-coleccion-4","status":"publish","type":"page","link":"https:\/\/matematicastro.es\/?page_id=1411","title":{"rendered":"Muestras de ex\u00e1menes de Matem\u00e1ticas aplicadas a las Ciencias Sociales I (Colecci\u00f3n 4)"},"content":{"rendered":"\n<p class=\"has-medium-font-size\"><a href=\"https:\/\/1drv.ms\/b\/s!Aj6in--Gc43qhd4_f04ZWIFiCjnK-A?e=euMRDT\">Examen 1<\/a><\/p>\n\n\n\n<blockquote class=\"wp-block-quote is-layout-flow wp-block-quote-is-layout-flow\">\n<p>Operaciones con potencias. Operaciones con radicales. Valor absoluto. Definici\u00f3n y propiedades de los logaritmos. Ecuaciones logar\u00edtmicas sencillas. Notaci\u00f3n cient\u00edfica.<\/p>\n<\/blockquote>\n\n\n\n<p class=\"has-medium-font-size\"><a href=\"https:\/\/1drv.ms\/b\/s!Aj6in--Gc43qhd4-icqN-ZeEcaMbmA?e=mPpDs6\">Examen 2<\/a><\/p>\n\n\n\n<blockquote class=\"wp-block-quote is-layout-flow wp-block-quote-is-layout-flow\">\n<p>Operaciones con potencias. Operaciones con radicales. Notaci\u00f3n cient\u00edfica. Definici\u00f3n y propiedades de los logaritmos. Ecuaciones logar\u00edtmicas sencillas.<\/p>\n<\/blockquote>\n\n\n\n<p class=\"has-medium-font-size\"><a href=\"https:\/\/1drv.ms\/b\/s!Aj6in--Gc43qhd49w4IPiBgTwXUOuw?e=qIYLwd\">Examen 3<\/a> &#8211; <a href=\"https:\/\/1drv.ms\/b\/s!Aj6in--Gc43qhd48uW8TwAdHJYlpOw?e=XN853t\">Examen 4<\/a><\/p>\n\n\n\n<blockquote class=\"wp-block-quote is-layout-flow wp-block-quote-is-layout-flow\">\n<p>Ecuaciones de todo tipo. Sistemas de ecuaciones no lineales.<\/p>\n<\/blockquote>\n\n\n\n<p class=\"has-medium-font-size\"><a href=\"https:\/\/1drv.ms\/b\/s!Aj6in--Gc43qhd47vlnklMdeUBJFaQ?e=PjnO0t\">Examen 5<\/a><\/p>\n\n\n\n<blockquote class=\"wp-block-quote is-layout-flow wp-block-quote-is-layout-flow\">\n<p>Operaciones con potencias. Operaciones con radicales. Notaci\u00f3n cient\u00edfica. Ecuaciones logar\u00edtmicas sencillas. Ecuaciones con la inc\u00f3gnita en el denominador. Ecuaciones con radicales. Sistemas de ecuaciones no lineales.<\/p>\n<\/blockquote>\n\n\n\n<p class=\"has-medium-font-size\"><a href=\"https:\/\/1drv.ms\/b\/s!Aj6in--Gc43qhd46Mg6YD9tsSWzjwA?e=n84UOU\">Examen 6<\/a><\/p>\n\n\n\n<blockquote class=\"wp-block-quote is-layout-flow wp-block-quote-is-layout-flow\">\n<p>Inecuaciones de primer y de segundo grado. Sistemas de inecuaciones con una inc\u00f3gnita. Funci\u00f3n lineal: la recta. Funci\u00f3n cuadr\u00e1tica: la par\u00e1bola. Funci\u00f3n racional: la hip\u00e9rbola.<\/p>\n<\/blockquote>\n\n\n\n<p class=\"has-medium-font-size\"><a href=\"https:\/\/1drv.ms\/b\/s!Aj6in--Gc43qhd45NDgkXCSaMgbKVA?e=VJ1dgk\">Examen 7<\/a><\/p>\n\n\n\n<blockquote class=\"wp-block-quote is-layout-flow wp-block-quote-is-layout-flow\">\n<p>Inecuaciones de primer y de segundo grado. Sistemas de inecuaciones de primer grado. Continuidad y representaci\u00f3n gr\u00e1fica de funciones definidas por trozos. C\u00e1lculo de derivadas de funciones. <\/p>\n<\/blockquote>\n\n\n\n<p class=\"has-medium-font-size\"><a href=\"https:\/\/1drv.ms\/b\/s!Aj6in--Gc43qhd44p2JXwVoQHkEq4A?e=Jag9mc\">Examen 8<\/a> &#8211; <a href=\"https:\/\/1drv.ms\/b\/s!Aj6in--Gc43qhd43g2JzJ_p3c_xuNA?e=6T76yK\">Examen 9<\/a><\/p>\n\n\n\n<blockquote class=\"wp-block-quote is-layout-flow wp-block-quote-is-layout-flow\">\n<p>Continuidad y representaci\u00f3n gr\u00e1fica de funciones definidas por trozos. C\u00e1lculo de derivadas de funciones.<\/p>\n<\/blockquote>\n\n\n\n<p class=\"has-medium-font-size\"><a href=\"https:\/\/1drv.ms\/b\/s!Aj6in--Gc43qhd42i6uB9G5g6MtKmw?e=1rhSq2\">Examen 10<\/a> &#8211; <a href=\"https:\/\/1drv.ms\/b\/s!Aj6in--Gc43qhd41bRiaPaFsSPSBMg?e=dcDZtP\">Examen 11<\/a><\/p>\n\n\n\n<blockquote class=\"wp-block-quote is-layout-flow wp-block-quote-is-layout-flow\">\n<p>C\u00e1lculo de derivadas de funciones. Recta tangente a una funci\u00f3n en un punto. Aplicaciones de las derivadas: m\u00e1ximos, m\u00ednimos, crecimiento, decrecimiento. Representaci\u00f3n gr\u00e1fica aproximada de una funci\u00f3n con los datos anteriores. <\/p>\n<\/blockquote>\n\n\n\n<p class=\"has-medium-font-size\"><a href=\"https:\/\/1drv.ms\/b\/s!Aj6in--Gc43qhd40D4MlEC3sc-wyVw?e=i6Kddc\">Examen 12<\/a><\/p>\n\n\n\n<blockquote class=\"wp-block-quote is-layout-flow wp-block-quote-is-layout-flow\">\n<p>Probabilidad. <\/p>\n<\/blockquote>\n","protected":false},"excerpt":{"rendered":"<p>Examen 1 Operaciones con potencias. Operaciones con radicales. Valor absoluto. Definici\u00f3n y propiedades de los logaritmos. Ecuaciones logar\u00edtmicas sencillas. Notaci\u00f3n cient\u00edfica. Examen 2 Operaciones con potencias. Operaciones con radicales. Notaci\u00f3n cient\u00edfica. Definici\u00f3n y propiedades de los logaritmos. Ecuaciones logar\u00edtmicas sencillas. Examen 3 &#8211; Examen 4 Ecuaciones de todo tipo. Sistemas de ecuaciones no lineales. Examen [&hellip;]<\/p>\n","protected":false},"author":1,"featured_media":0,"parent":0,"menu_order":0,"comment_status":"closed","ping_status":"closed","template":"","meta":{"footnotes":""},"class_list":["post-1411","page","type-page","status-publish","hentry","post"],"_links":{"self":[{"href":"https:\/\/matematicastro.es\/index.php?rest_route=\/wp\/v2\/pages\/1411","targetHints":{"allow":["GET"]}}],"collection":[{"href":"https:\/\/matematicastro.es\/index.php?rest_route=\/wp\/v2\/pages"}],"about":[{"href":"https:\/\/matematicastro.es\/index.php?rest_route=\/wp\/v2\/types\/page"}],"author":[{"embeddable":true,"href":"https:\/\/matematicastro.es\/index.php?rest_route=\/wp\/v2\/users\/1"}],"replies":[{"embeddable":true,"href":"https:\/\/matematicastro.es\/index.php?rest_route=%2Fwp%2Fv2%2Fcomments&post=1411"}],"version-history":[{"count":4,"href":"https:\/\/matematicastro.es\/index.php?rest_route=\/wp\/v2\/pages\/1411\/revisions"}],"predecessor-version":[{"id":2751,"href":"https:\/\/matematicastro.es\/index.php?rest_route=\/wp\/v2\/pages\/1411\/revisions\/2751"}],"wp:attachment":[{"href":"https:\/\/matematicastro.es\/index.php?rest_route=%2Fwp%2Fv2%2Fmedia&parent=1411"}],"curies":[{"name":"wp","href":"https:\/\/api.w.org\/{rel}","templated":true}]}}