{"id":1229,"date":"2023-06-29T10:29:04","date_gmt":"2023-06-29T08:29:04","guid":{"rendered":"https:\/\/matematicastro.es\/?page_id=1229"},"modified":"2025-01-07T17:31:01","modified_gmt":"2025-01-07T15:31:01","slug":"muestras-de-examenes-de-matematicas-aplicadas-a-las-ciencias-sociales-i-coleccion-3","status":"publish","type":"page","link":"https:\/\/matematicastro.es\/?page_id=1229","title":{"rendered":"Muestras de ex\u00e1menes de Matem\u00e1ticas aplicadas a las Ciencias Sociales I (Colecci\u00f3n 3)"},"content":{"rendered":"\n<p class=\"has-medium-font-size\"><a href=\"https:\/\/1drv.ms\/b\/s!Aj6in--Gc43qhd4zFZzhB0gg-aK13Q?e=3yVTYu\">Examen 1<\/a><\/p>\n\n\n\n<blockquote class=\"wp-block-quote is-layout-flow wp-block-quote-is-layout-flow\">\n<p>Conjuntos num\u00e9ricos. Valor absoluto. Radicales. Notaci\u00f3n cient\u00edfica. Logaritmos. Factorizaci\u00f3n de polinomios. Teorema del resto. Fracciones algebraicas.<\/p>\n<\/blockquote>\n\n\n\n<p class=\"has-medium-font-size\"><a href=\"https:\/\/1drv.ms\/b\/s!Aj6in--Gc43qhd4ytBV37IFIKgfqWQ?e=YhL9fS\">Examen 2<\/a> &#8211; <a href=\"https:\/\/1drv.ms\/b\/s!Aj6in--Gc43qhd4xyiY3FZY89WGSDA?e=gzbpE0\">Examen 3<\/a> &#8211; <a href=\"https:\/\/1drv.ms\/b\/s!Aj6in--Gc43qhd4wjxtS9zjJLqx5eg?e=MHSaXd\">Examen 4<\/a><\/p>\n\n\n\n<blockquote class=\"wp-block-quote is-layout-flow wp-block-quote-is-layout-flow\">\n<p>Ecuaciones de todo tipo. Sistemas de ecuaciones no lineales. Inecuaciones de primer grado, de segundo grado y con la inc\u00f3gnita en el denominador. Sistemas de inecuaciones de primer grado con una inc\u00f3gnita. Problemas que se resuelven planteando una ecuaci\u00f3n o un sistema de ecuaciones. <\/p>\n<\/blockquote>\n\n\n\n<p class=\"has-medium-font-size\"><a href=\"https:\/\/1drv.ms\/b\/s!Aj6in--Gc43qhd4vu_RsRtYzKH1F0A?e=ol9Hyb\">Examen 5<\/a><\/p>\n\n\n\n<blockquote class=\"wp-block-quote is-layout-flow wp-block-quote-is-layout-flow\">\n<p>Estad\u00edstica unidimensional. <\/p>\n<\/blockquote>\n\n\n\n<p class=\"has-medium-font-size\"><a href=\"https:\/\/1drv.ms\/b\/s!Aj6in--Gc43qhd4uzbb-JgTYn0IYcQ?e=ukn9bg\">Examen 6<\/a><\/p>\n\n\n\n<blockquote class=\"wp-block-quote is-layout-flow wp-block-quote-is-layout-flow\">\n<p>Este es un examen final, con todo tipo de contenidos.<\/p>\n<\/blockquote>\n","protected":false},"excerpt":{"rendered":"<p>Examen 1 Conjuntos num\u00e9ricos. Valor absoluto. Radicales. Notaci\u00f3n cient\u00edfica. Logaritmos. Factorizaci\u00f3n de polinomios. Teorema del resto. Fracciones algebraicas. Examen 2 &#8211; Examen 3 &#8211; Examen 4 Ecuaciones de todo tipo. Sistemas de ecuaciones no lineales. Inecuaciones de primer grado, de segundo grado y con la inc\u00f3gnita en el denominador. Sistemas de inecuaciones de primer grado [&hellip;]<\/p>\n","protected":false},"author":1,"featured_media":0,"parent":0,"menu_order":0,"comment_status":"closed","ping_status":"closed","template":"","meta":{"footnotes":""},"class_list":["post-1229","page","type-page","status-publish","hentry","post"],"_links":{"self":[{"href":"https:\/\/matematicastro.es\/index.php?rest_route=\/wp\/v2\/pages\/1229","targetHints":{"allow":["GET"]}}],"collection":[{"href":"https:\/\/matematicastro.es\/index.php?rest_route=\/wp\/v2\/pages"}],"about":[{"href":"https:\/\/matematicastro.es\/index.php?rest_route=\/wp\/v2\/types\/page"}],"author":[{"embeddable":true,"href":"https:\/\/matematicastro.es\/index.php?rest_route=\/wp\/v2\/users\/1"}],"replies":[{"embeddable":true,"href":"https:\/\/matematicastro.es\/index.php?rest_route=%2Fwp%2Fv2%2Fcomments&post=1229"}],"version-history":[{"count":3,"href":"https:\/\/matematicastro.es\/index.php?rest_route=\/wp\/v2\/pages\/1229\/revisions"}],"predecessor-version":[{"id":2749,"href":"https:\/\/matematicastro.es\/index.php?rest_route=\/wp\/v2\/pages\/1229\/revisions\/2749"}],"wp:attachment":[{"href":"https:\/\/matematicastro.es\/index.php?rest_route=%2Fwp%2Fv2%2Fmedia&parent=1229"}],"curies":[{"name":"wp","href":"https:\/\/api.w.org\/{rel}","templated":true}]}}