{"id":1195,"date":"2023-06-28T12:38:58","date_gmt":"2023-06-28T10:38:58","guid":{"rendered":"https:\/\/matematicastro.es\/?page_id=1195"},"modified":"2025-01-07T17:22:24","modified_gmt":"2025-01-07T15:22:24","slug":"muestras-de-examenes-de-matematicas-aplicadas-a-las-ciencias-sociales-i-coleccion-1","status":"publish","type":"page","link":"https:\/\/matematicastro.es\/?page_id=1195","title":{"rendered":"Muestras de ex\u00e1menes de Matem\u00e1ticas aplicadas a las Ciencias Sociales I (Colecci\u00f3n 1)"},"content":{"rendered":"\n<p class=\"has-medium-font-size\"><a href=\"https:\/\/1drv.ms\/b\/s!Aj6in--Gc43qhd4i3xOjME-I_l0HZA?e=FKhrKU\">Examen 1<\/a><\/p>\n\n\n\n<blockquote class=\"wp-block-quote is-layout-flow wp-block-quote-is-layout-flow\">\n<p>Conjuntos num\u00e9ricos. Valor absoluto. Radicales. Polinomios. Fracciones algebraicas.<\/p>\n<\/blockquote>\n\n\n\n<p class=\"has-medium-font-size\"><a href=\"https:\/\/1drv.ms\/b\/s!Aj6in--Gc43qhd4hSGWURXiFsXOlkw?e=YnLSfT\">Examen 2<\/a> &#8211; <a href=\"https:\/\/1drv.ms\/b\/s!Aj6in--Gc43qhd4gpk1vafa0dy5wTw?e=Y1u3KB\">Examen 3<\/a><\/p>\n\n\n\n<blockquote class=\"wp-block-quote is-layout-flow wp-block-quote-is-layout-flow\">\n<p>Radicales. Polinomios. Ecuaciones. Sistemas no lineales. Sistemas de tres ecuaciones lineales con tres inc\u00f3gnitas. Inecuaciones. Sistemas de inecuaciones lineales con dos inc\u00f3gnitas.<\/p>\n<\/blockquote>\n\n\n\n<p class=\"has-medium-font-size\"><a href=\"https:\/\/1drv.ms\/b\/s!Aj6in--Gc43qhd4fBBG4--Kq8VsPnw?e=7mQE8H\">Examen 4<\/a><\/p>\n\n\n\n<blockquote class=\"wp-block-quote is-layout-flow wp-block-quote-is-layout-flow\">\n<p>Ecuaciones de todo tipo. Sistemas no lineales. Sistemas de tres ecuaciones lineales con tres inc\u00f3gnitas. Inecuaciones. Sistemas de inecuaciones lineales con dos inc\u00f3gnitas. Problemas que se resuelven planteando una ecuaci\u00f3n o un sistema de ecuaciones.<\/p>\n<\/blockquote>\n\n\n\n<p class=\"has-medium-font-size\"><a href=\"https:\/\/1drv.ms\/b\/s!Aj6in--Gc43qhd4eW6izGRy1W-4ovg?e=r5uH3F\">Examen 5<\/a><\/p>\n\n\n\n<blockquote class=\"wp-block-quote is-layout-flow wp-block-quote-is-layout-flow\">\n<p>Funci\u00f3n cuadr\u00e1tica: la par\u00e1bola. Dominio de funciones. Puntos de corte con los ejes. L\u00edmites de funciones. As\u00edntotas.<\/p>\n<\/blockquote>\n\n\n\n<p class=\"has-medium-font-size\"><a href=\"https:\/\/1drv.ms\/b\/s!Aj6in--Gc43qhd4dwpbgKBsJ8vILYw?e=pT7MUA\">Examen 6<\/a><\/p>\n\n\n\n<blockquote class=\"wp-block-quote is-layout-flow wp-block-quote-is-layout-flow\">\n<p>Dominio de funciones. Puntos de corte con los ejes. L\u00edmites de funciones. As\u00edntotas. Continuidad de funciones definidas por trozos. Logaritmos. Ecuaciones logar\u00edtmicas.<\/p>\n<\/blockquote>\n\n\n\n<p class=\"has-medium-font-size\"><a href=\"https:\/\/1drv.ms\/b\/s!Aj6in--Gc43qhd4cbVtQmOabVGuwqQ?e=EToSz3\">Examen 7<\/a> &#8211; <a href=\"https:\/\/1drv.ms\/b\/s!Aj6in--Gc43qhd4b6JT1tcpkxHRs-w?e=5GI4Hs\">Examen 8<\/a><\/p>\n\n\n\n<blockquote class=\"wp-block-quote is-layout-flow wp-block-quote-is-layout-flow\">\n<p>C\u00e1lculo de l\u00edmites. Dominio de funciones. Puntos de corte con los ejes. As\u00edntotas. Continuidad de funciones definidas por trozos. Ecuaciones logar\u00edtmicas.<\/p>\n<\/blockquote>\n\n\n\n<p class=\"has-medium-font-size\"><a href=\"https:\/\/1drv.ms\/b\/s!Aj6in--Gc43qhd4ad_M5ZafpzZZEDg?e=Kx3Ow7\">Examen 9<\/a><\/p>\n\n\n\n<blockquote class=\"wp-block-quote is-layout-flow wp-block-quote-is-layout-flow\">\n<p>C\u00e1lculo de derivadas. Recta tangente a una funci\u00f3n en un punto. Dominio de funciones. Puntos de corte con los ejes. L\u00edmites de funciones. As\u00edntotas. Crecimiento y decrecimiento de una funci\u00f3n. M\u00e1ximos y m\u00ednimos relativos de una funci\u00f3n<\/p>\n<\/blockquote>\n\n\n\n<p><a href=\"https:\/\/1drv.ms\/b\/s!Aj6in--Gc43qhd4ZnEvJv07A_IMysw?e=VRPdqU\">Examen 10<\/a><\/p>\n\n\n\n<blockquote class=\"wp-block-quote is-layout-flow wp-block-quote-is-layout-flow\">\n<p>C\u00e1lculo de derivadas. Dominio de funciones. Puntos de corte con los ejes. L\u00edmites de funciones. As\u00edntotas. Crecimiento y decrecimiento de una funci\u00f3n. M\u00e1ximos y m\u00ednimos relativos de una funci\u00f3n. Estad\u00edstica bidimensional.<\/p>\n<\/blockquote>\n\n\n\n<p class=\"has-medium-font-size\"><a href=\"https:\/\/1drv.ms\/b\/s!Aj6in--Gc43qhd4XCRhpsZ_EgXB21A?e=cb3aIr\">Examen 11<\/a><\/p>\n\n\n\n<blockquote class=\"wp-block-quote is-layout-flow wp-block-quote-is-layout-flow\">\n<p>Estad\u00edstica unidimensional. Estad\u00edstica bidimensional.<\/p>\n<\/blockquote>\n","protected":false},"excerpt":{"rendered":"<p>Examen 1 Conjuntos num\u00e9ricos. Valor absoluto. Radicales. Polinomios. Fracciones algebraicas. Examen 2 &#8211; Examen 3 Radicales. Polinomios. Ecuaciones. Sistemas no lineales. Sistemas de tres ecuaciones lineales con tres inc\u00f3gnitas. Inecuaciones. Sistemas de inecuaciones lineales con dos inc\u00f3gnitas. Examen 4 Ecuaciones de todo tipo. Sistemas no lineales. Sistemas de tres ecuaciones lineales con tres inc\u00f3gnitas. Inecuaciones. [&hellip;]<\/p>\n","protected":false},"author":1,"featured_media":0,"parent":0,"menu_order":0,"comment_status":"closed","ping_status":"closed","template":"","meta":{"footnotes":""},"class_list":["post-1195","page","type-page","status-publish","hentry","post"],"_links":{"self":[{"href":"https:\/\/matematicastro.es\/index.php?rest_route=\/wp\/v2\/pages\/1195","targetHints":{"allow":["GET"]}}],"collection":[{"href":"https:\/\/matematicastro.es\/index.php?rest_route=\/wp\/v2\/pages"}],"about":[{"href":"https:\/\/matematicastro.es\/index.php?rest_route=\/wp\/v2\/types\/page"}],"author":[{"embeddable":true,"href":"https:\/\/matematicastro.es\/index.php?rest_route=\/wp\/v2\/users\/1"}],"replies":[{"embeddable":true,"href":"https:\/\/matematicastro.es\/index.php?rest_route=%2Fwp%2Fv2%2Fcomments&post=1195"}],"version-history":[{"count":16,"href":"https:\/\/matematicastro.es\/index.php?rest_route=\/wp\/v2\/pages\/1195\/revisions"}],"predecessor-version":[{"id":2745,"href":"https:\/\/matematicastro.es\/index.php?rest_route=\/wp\/v2\/pages\/1195\/revisions\/2745"}],"wp:attachment":[{"href":"https:\/\/matematicastro.es\/index.php?rest_route=%2Fwp%2Fv2%2Fmedia&parent=1195"}],"curies":[{"name":"wp","href":"https:\/\/api.w.org\/{rel}","templated":true}]}}