{"id":1155,"date":"2023-06-22T20:43:58","date_gmt":"2023-06-22T18:43:58","guid":{"rendered":"https:\/\/matematicastro.es\/?page_id=1155"},"modified":"2024-11-03T13:59:54","modified_gmt":"2024-11-03T11:59:54","slug":"ejercicios-de-matematicas-4o-eso","status":"publish","type":"page","link":"https:\/\/matematicastro.es\/?page_id=1155","title":{"rendered":"Ejercicios de Matem\u00e1ticas 4\u00ba ESO"},"content":{"rendered":"\n<p class=\"has-medium-font-size\"><a href=\"https:\/\/1drv.ms\/b\/s!Aj6in--Gc43qhds1fFph-L_PXjBqwQ?e=Su9Ky0\">1. Proporcionalidad, reglas de tres y porcentajes<\/a><\/p>\n\n\n\n<p class=\"has-medium-font-size\"><a href=\"https:\/\/1drv.ms\/b\/s!Aj6in--Gc43qhdszlqWzfFGVldnQwQ?e=mlRia8\">2. Repaso de operaciones con fracciones<\/a><\/p>\n\n\n\n<p class=\"has-medium-font-size\"><a href=\"https:\/\/1drv.ms\/b\/s!Aj6in--Gc43qhds0GbWgkRxDw0Zxig?e=v4v8c6\">3. Problemas que se resuelven usando las fracciones<\/a><\/p>\n\n\n\n<p class=\"has-medium-font-size\"><a href=\"https:\/\/1drv.ms\/b\/s!Aj6in--Gc43qhdsyk90hAkNQKbUA5Q?e=k3uxo8\">4. Potencias<\/a><\/p>\n\n\n\n<p class=\"has-medium-font-size\"><a href=\"https:\/\/1drv.ms\/b\/s!Aj6in--Gc43qhdsx1Mcj5FK9ormYzQ?e=IfItNr\">5. Radicales<\/a><\/p>\n\n\n\n<p class=\"has-medium-font-size\"><a href=\"https:\/\/1drv.ms\/b\/s!Aj6in--Gc43qhdsvZ5A8MJDNgh5oiQ?e=fwY3QM\">6. Potencias y radicales<\/a><\/p>\n\n\n\n<p class=\"has-medium-font-size\"><a href=\"https:\/\/1drv.ms\/b\/s!Aj6in--Gc43qhdsuW5DLQqOW2jKo6A?e=hPp38S\">7. Logaritmos<\/a><\/p>\n\n\n\n<p class=\"has-medium-font-size\"><a href=\"https:\/\/1drv.ms\/b\/s!Aj6in--Gc43qhdsi3u_K7b3-YkGCxA?e=Z5JlxO\">8. Polinomios. Fracciones algebraicas<\/a><\/p>\n\n\n\n<blockquote class=\"wp-block-quote is-layout-flow wp-block-quote-is-layout-flow\">\n<p>Para hacer la relaci\u00f3n anterior se deben de dominar las operaciones b\u00e1sicas cono monomios y polinomios. Si no est\u00e1s seguro de esto deber\u00edas de hacer los ejercicios de esta relaci\u00f3n: <a href=\"https:\/\/1drv.ms\/b\/s!Aj6in--Gc43qhdsf_cTL-HDLspAdNg?e=7T701u\">Repaso de monomios y polinomios<\/a> (no contiene soluciones).<\/p>\n<\/blockquote>\n\n\n\n<p class=\"has-medium-font-size\"><a href=\"https:\/\/1drv.ms\/b\/s!Aj6in--Gc43qhdswolfKqciPd_t8LQ?e=L3jBOq\">9. Ecuaciones de segundo grado<\/a><\/p>\n\n\n\n<p class=\"has-medium-font-size\"><a href=\"https:\/\/1drv.ms\/b\/s!Aj6in--Gc43qhdst5ete4YIedDPFzQ?e=I9WgqJ\">10. Problemas de planteamiento por ecuaciones de segundo grado<\/a><\/p>\n\n\n\n<p class=\"has-medium-font-size\"><a href=\"https:\/\/1drv.ms\/b\/s!Aj6in--Gc43qhdss8yH5LiB5eWzxOg?e=0eOLQi\">11. Ecuaciones de todo tipo<\/a><\/p>\n\n\n\n<p class=\"has-medium-font-size\"><a href=\"https:\/\/1drv.ms\/b\/s!Aj6in--Gc43qhdsp-vTI9qn_ScVEPA?e=Hfw1vI\">12. Ecuaciones y sistemas de ecuaciones. Problemas<\/a><\/p>\n\n\n\n<p class=\"has-medium-font-size\"><a href=\"https:\/\/1drv.ms\/b\/s!Aj6in--Gc43qhdsq6XHvxHDS_Zk0Eg?e=RwbAfQ\">13. Sistemas de ecuaciones no lineales. Problemas<\/a><\/p>\n\n\n\n<p class=\"has-medium-font-size\"><a href=\"https:\/\/1drv.ms\/b\/s!Aj6in--Gc43qhdsoqH0wd4YS2gItIw?e=9gLxhY\">14. Inecuaciones y sistemas de inecuaciones de primer grado<\/a><\/p>\n\n\n\n<p class=\"has-medium-font-size\"><a href=\"https:\/\/1drv.ms\/b\/s!Aj6in--Gc43qhdsnhLBinCvAljM7lA?e=w72sVX\">16. Inecuaciones de segundo grado, polin\u00f3micas y racionales<\/a><\/p>\n\n\n\n<p class=\"has-medium-font-size\"><a href=\"https:\/\/1drv.ms\/b\/s!Aj6in--Gc43qhdsmRIp500eRZW1RHA?e=HDvrpm\">15. Trigonometr\u00eda<\/a> (las soluciones las puedes encontrar <a href=\"https:\/\/1drv.ms\/b\/s!Aj6in--Gc43qhdsrWJC_9eYmkju0lg?e=pBbccs\">a partir de la p\u00e1gina 21 de este documento<\/a>).<\/p>\n\n\n\n<p class=\"has-medium-font-size\"><a href=\"https:\/\/1drv.ms\/b\/s!Aj6in--Gc43qhdsl6ycan3XEfyXSTA?e=XXcrFb\">17. Problemas de trigonometr\u00eda<\/a><\/p>\n\n\n\n<p class=\"has-medium-font-size\"><a href=\"https:\/\/1drv.ms\/b\/s!Aj6in--Gc43qhdskh_A1JbtLFUpclw?e=ySvOgB\">18. Geometr\u00eda en el plano<\/a><\/p>\n\n\n\n<p class=\"has-medium-font-size\"><a href=\"https:\/\/1drv.ms\/b\/s!Aj6in--Gc43qhdsjJ6Jfmzs9WeyeUg?e=XPa6Ix\">19. Tendencias de funciones. L\u00edmites<\/a><\/p>\n\n\n\n<p class=\"has-medium-font-size\">20. Estad\u00edstica (se encuentran al final de los apuntes de <a href=\"https:\/\/1drv.ms\/b\/s!Aj6in--Gc43qhdsUkrmETKjBrx8ZHQ?e=E4PJzI\">estad\u00edstica unidimensional<\/a> y <a href=\"https:\/\/1drv.ms\/b\/s!Aj6in--Gc43qhdsTXekE9ZouJFCL7A?e=7HQNVi\">estad\u00edstica bidimensional<\/a>).<\/p>\n\n\n\n<p class=\"has-medium-font-size\">21. Probabilidad (se encuentran al final de los apuntes de <a href=\"https:\/\/1drv.ms\/b\/s!Aj6in--Gc43qhdsShGjQD5XuokEAOA?e=DRHze9\">probabilidad<\/a>). Los ejercicios, completamente resueltos, los puedes encontrar <a href=\"https:\/\/1drv.ms\/b\/s!Aj6in--Gc43qhdshogChq7DP2Z4KyQ?e=dUPcIA\">aqu\u00ed<\/a>.<\/p>\n","protected":false},"excerpt":{"rendered":"<p>1. Proporcionalidad, reglas de tres y porcentajes 2. Repaso de operaciones con fracciones 3. Problemas que se resuelven usando las fracciones 4. Potencias 5. Radicales 6. Potencias y radicales 7. Logaritmos 8. Polinomios. Fracciones algebraicas Para hacer la relaci\u00f3n anterior se deben de dominar las operaciones b\u00e1sicas cono monomios y polinomios. Si no est\u00e1s seguro [&hellip;]<\/p>\n","protected":false},"author":1,"featured_media":0,"parent":0,"menu_order":0,"comment_status":"closed","ping_status":"closed","template":"","meta":{"footnotes":""},"class_list":["post-1155","page","type-page","status-publish","hentry","post"],"_links":{"self":[{"href":"https:\/\/matematicastro.es\/index.php?rest_route=\/wp\/v2\/pages\/1155","targetHints":{"allow":["GET"]}}],"collection":[{"href":"https:\/\/matematicastro.es\/index.php?rest_route=\/wp\/v2\/pages"}],"about":[{"href":"https:\/\/matematicastro.es\/index.php?rest_route=\/wp\/v2\/types\/page"}],"author":[{"embeddable":true,"href":"https:\/\/matematicastro.es\/index.php?rest_route=\/wp\/v2\/users\/1"}],"replies":[{"embeddable":true,"href":"https:\/\/matematicastro.es\/index.php?rest_route=%2Fwp%2Fv2%2Fcomments&post=1155"}],"version-history":[{"count":19,"href":"https:\/\/matematicastro.es\/index.php?rest_route=\/wp\/v2\/pages\/1155\/revisions"}],"predecessor-version":[{"id":2675,"href":"https:\/\/matematicastro.es\/index.php?rest_route=\/wp\/v2\/pages\/1155\/revisions\/2675"}],"wp:attachment":[{"href":"https:\/\/matematicastro.es\/index.php?rest_route=%2Fwp%2Fv2%2Fmedia&parent=1155"}],"curies":[{"name":"wp","href":"https:\/\/api.w.org\/{rel}","templated":true}]}}